{"id":14,"date":"2021-05-31T11:45:52","date_gmt":"2021-05-31T08:45:52","guid":{"rendered":"http:\/\/cinkosan.com\/?page_id=14"},"modified":"2025-02-27T10:49:02","modified_gmt":"2025-02-27T07:49:02","slug":"hizmetlerimiz","status":"publish","type":"page","link":"http:\/\/cinkosan.com\/en\/hizmetlerimiz\/","title":{"rendered":"Services"},"content":{"rendered":"<div class=\"wtbx_vc_row wtbx_vc_row-75395763 wtbx_stretch_row wtbx_anim_style_1 wtbx_row_fixed_height_screen wtbx_row-flex-align-stretch wtbx_row-content-align-middle wtbx_row-flex\" data-skin=\"light\"><div class=\"wtbx_vc_el_container wtbx_vc_row_container\"><div class=\"wtbx_vc_el_inner wtbx_vc_row_inner\"><div class=\"wtbx_row_wrapper\"><div class=\"wtbx_row_bg\"><div class=\"wtbx_row_bg_inner wtbx-element-reveal wtbx-reveal-cont\"><div class=\"wtbx_row_bg_media_wrapper wtbx-entry-media\"><div class=\"wtbx_row_bg_media\"><div class=\"wtbx-bg-image\"><div class=\"wtbx-bg-image-inner\"><div  class=\"wtbx_row_bg_image wtbx-image lazyload wtbx-lazy\" data-bg=\"true\" data-sizes=\"auto\" data-path=\"https:\/\/cinkosan.com\/wp-content\/uploads\/2021\/06\/Kurumsal_1-1\" data-dims=\"[&quot;.png 1600w 901h&quot;,&quot;450x253.png 450w 253h&quot;,&quot;1170x659.png 1170w 659h&quot;,&quot;750x422.png 750w 422h&quot;,&quot;1536x865.png 1536w 865h&quot;,&quot;1440x811.png 1440w 811h&quot;]\" data-ratio=\"56.31\" aria-label=\"Kurumsal_1\"><\/div><\/div><\/div><\/div><\/div><div class=\"wtbx_row_bg_overlay\"><\/div><\/div><\/div><div class=\"wtbx_row_content clearfix\"><div class=\"wtbx_row_content_wrapper\"><div class=\"wtbx_row_content_inner clearfix\"><div class=\"wtbx_vc_column vc_col-sm-12 wtbx_with_image wtbx_vc_column-75398678\"><div class=\"wtbx_vc_el_container wtbx_vc_column_container\"><div class=\"wtbx_vc_el_inner wtbx_vc_column_inner\"><div class=\"wtbx_column_wrapper clearfix\"><div class=\"wtbx_column_content\"><div class=\"wtbx_vc_styled_heading wtbx_vc_styled_heading-75399324 wtbx_style_default\"><div class=\"wtbx_vc_el_container wtbx_vc_styled_heading_container clearfix\"><div class=\"wtbx_vc_el_inner wtbx_vc_styled_heading_inner\"><div class=\"wtbx_heading_el_title_wrapper h1\"><h1 class=\"wtbx_heading_el_title wtbx-text\">OUR SERVICES<\/h1><\/div><\/div><\/div><\/div><div class=\"wtbx_vc_text_element wtbx_vc_text_element-75399742 wtbx_display_block\"><div class=\"wtbx_vc_el_container wtbx_vc_text_element_container\"><div class=\"wtbx_text_element_content\"><div class=\"wtbx_text_element_inner\"><p>As \u00c7inkosan, we offer the highest quality and reliable service<\/p>\n<p>to our customers in the coating sector<\/p>\n<p>with our wide range of services.<\/p>\n<\/div><\/div><\/div><\/div><\/div><\/div><\/div><\/div><\/div><\/div><\/div><\/div><\/div><\/div><\/div><\/div><div class=\"wtbx_vc_row wtbx_vc_row-75400913 wtbx_stretch_row wtbx_anim_style_1\" data-skin=\"light\"><div class=\"wtbx_vc_el_container wtbx_vc_row_container\"><div class=\"wtbx_vc_el_inner wtbx_vc_row_inner\"><div class=\"wtbx_row_wrapper\"><div class=\"wtbx_row_content clearfix\"><div class=\"wtbx_row_content_wrapper\"><div class=\"wtbx_row_content_inner clearfix\"><div class=\"wtbx_vc_column vc_col-sm-3 wtbx_with_image wtbx_vc_column-75402164\"><div class=\"wtbx_vc_el_container wtbx_vc_column_container\"><div class=\"wtbx_vc_el_inner wtbx_vc_column_inner\"><div class=\"wtbx_column_wrapper clearfix\"><div class=\"wtbx_column_content\"><div class=\"wtbx_vc_image_element wtbx_vc_image_element-75402843 wtbx_img_align_center wtbx_preloader_cont\"><div class=\"wtbx_image_wrapper wtbx_with_image wtbx_appearance_animation wtbx-anim-bottom-to-top-small wtbx-duration-1000 wtbx_easing-natural\">\n<div class=\"wtbx-preloader-wrapper wtbx-preloader-el\">\n\t<div class=\"wtbx-preloader-container\">\n\n\t\t\n\t\t\t<div class=\"wtbx-preloader wtbx-preloader-1\"><\/div>\n\n\t\t\t<\/div>\n<\/div><div class=\"wtbx_vc_el_container wtbx_vc_image_element_container\"><div class=\"wtbx_vc_el_inner wtbx_vc_image_element_inner\"><div class=\"wtbx_image_inner wtbx-element-reveal wtbx-reveal-cont\"><div class=\"wtbx_image_overlap wtbx_image_noaction\"><\/div><div class=\"wtbx-image-crop\" style=\"padding-bottom: 75.02%\"><img decoding=\"async\" class=\"wtbx-image wtbx-lazy lazyload\" data-bg=\"false\" data-imgratio=\"1201:901\" data-aspectratio=\"1.333\" src=\"data:image\/gif;base64,R0lGODlhAQABAAAAACH5BAEKAAEALAAAAAABAAEAAAICTAEAOw==\" srcset=\"\" data-src=\"https:\/\/cinkosan.com\/wp-content\/uploads\/2021\/05\/alkali_cinko_kaplama-450x338.png\" data-path=\"https:\/\/cinkosan.com\/wp-content\/uploads\/2021\/05\/alkali_cinko_kaplama\" data-dims=\"[&quot;.png 1201w&quot;,&quot;450x338.png 450w&quot;,&quot;1170x878.png 1170w&quot;,&quot;750x563.png 750w&quot;]\" data-sizes=\"auto\" data-parent-fit=\"cover\" alt=\"alkali_cinko_kaplama\" \/><\/div><\/div><\/div><\/div><\/div><\/div><div class=\"wtbx_vc_styled_heading wtbx_vc_styled_heading-75404566 wtbx_style_default wtbx_align_left\"><div class=\"wtbx_vc_el_container wtbx_vc_styled_heading_container clearfix\"><div class=\"wtbx_vc_el_inner wtbx_vc_styled_heading_inner\"><div class=\"wtbx_heading_el_title_wrapper h3\"><h3 class=\"wtbx_heading_el_title wtbx-text\">ALKALINE ZINC PLATING<\/h3><\/div><\/div><\/div><\/div><div class=\"wtbx_vc_text_element wtbx_vc_text_element-75404920 wtbx_display_block\"><div class=\"wtbx_vc_el_container wtbx_vc_text_element_container\"><div class=\"wtbx_text_element_content\"><div class=\"wtbx_text_element_inner\"><p style=\"text-align: left;\">Due to the maximum corrosion resistance it provides, obtaining bright zinc at wide current density and being economical compared to other coatings, demand for Alkali Zinc Coating is constantly increasing.<\/p>\n<\/div><\/div><\/div><\/div><div class=\"wtbx_vc_button wtbx_vc_button-75405434 wtbx_style_link wtbx_size_5 wtbx_display_block\"><div class=\"wtbx_vc_el_container wtbx_vc_button_container\"><div class=\"wtbx_vc_el_inner wtbx_vc_button_inner\"><a  href=\"http:\/\/cinkosan.com\/index.php\/alkali-cinko-kaplama\/\" title=\"Alkaline Zinc Plating\" target=\"_self\" class=\"wtbx-button wtbx-button-link\"><span class=\"wtbx_button_inner\">learn more...<\/span><\/a><\/div><\/div><\/div><\/div><\/div><\/div><\/div><\/div><div class=\"wtbx_vc_column vc_col-sm-3 wtbx_with_image wtbx_vc_column-75405996\"><div class=\"wtbx_vc_el_container wtbx_vc_column_container\"><div class=\"wtbx_vc_el_inner wtbx_vc_column_inner\"><div class=\"wtbx_column_wrapper clearfix\"><div class=\"wtbx_column_content\"><div class=\"wtbx_vc_image_element wtbx_vc_image_element-75406584 wtbx_img_align_center wtbx_preloader_cont\"><div class=\"wtbx_image_wrapper wtbx_with_image wtbx_appearance_animation wtbx-anim-top-to-bottom-small wtbx-duration-1000 wtbx_easing-natural\">\n<div class=\"wtbx-preloader-wrapper wtbx-preloader-el\">\n\t<div class=\"wtbx-preloader-container\">\n\n\t\t\n\t\t\t<div class=\"wtbx-preloader wtbx-preloader-1\"><\/div>\n\n\t\t\t<\/div>\n<\/div><div class=\"wtbx_vc_el_container wtbx_vc_image_element_container\"><div class=\"wtbx_vc_el_inner wtbx_vc_image_element_inner\"><div class=\"wtbx_image_inner wtbx-element-reveal wtbx-reveal-cont\"><div class=\"wtbx_image_overlap wtbx_image_noaction\"><\/div><div class=\"wtbx-image-crop\" style=\"padding-bottom: 75.02%\"><img decoding=\"async\" class=\"wtbx-image wtbx-lazy lazyload\" data-bg=\"false\" data-imgratio=\"1201:901\" data-aspectratio=\"1.333\" src=\"data:image\/gif;base64,R0lGODlhAQABAAAAACH5BAEKAAEALAAAAAABAAEAAAICTAEAOw==\" srcset=\"\" data-src=\"https:\/\/cinkosan.com\/wp-content\/uploads\/2021\/05\/alkali_cinko_nikel_kaplama-450x338.png\" data-path=\"https:\/\/cinkosan.com\/wp-content\/uploads\/2021\/05\/alkali_cinko_nikel_kaplama\" data-dims=\"[&quot;.png 1201w&quot;,&quot;450x338.png 450w&quot;,&quot;1170x878.png 1170w&quot;,&quot;750x563.png 750w&quot;]\" data-sizes=\"auto\" data-parent-fit=\"cover\" alt=\"alkali_cinko_nikel_kaplama\" \/><\/div><\/div><\/div><\/div><\/div><\/div><div class=\"wtbx_vc_styled_heading wtbx_vc_styled_heading-75408160 wtbx_style_default wtbx_align_left\"><div class=\"wtbx_vc_el_container wtbx_vc_styled_heading_container clearfix\"><div class=\"wtbx_vc_el_inner wtbx_vc_styled_heading_inner\"><div class=\"wtbx_heading_el_title_wrapper h3\"><h3 class=\"wtbx_heading_el_title wtbx-text\">ALKALINE ZINC NICKEL PLATING<\/h3><\/div><\/div><\/div><\/div><div class=\"wtbx_vc_text_element wtbx_vc_text_element-75408496 wtbx_display_block\"><div class=\"wtbx_vc_el_container wtbx_vc_text_element_container\"><div class=\"wtbx_text_element_content\"><div class=\"wtbx_text_element_inner\"><p class=\" translation-block\">Alkaline Zinc Nickel Coating provides excellent adhesion and high corrosion resistance for parts operating at high temperatures.<\/p>\n<\/div><\/div><\/div><\/div><div class=\"wtbx_vc_button wtbx_vc_button-75408975 wtbx_style_link wtbx_size_5 wtbx_display_block\"><div class=\"wtbx_vc_el_container wtbx_vc_button_container\"><div class=\"wtbx_vc_el_inner wtbx_vc_button_inner\"><a  href=\"http:\/\/cinkosan.com\/index.php\/alkali-cinko-nikel-kaplama\/\" title=\"Alkaline Zinc Plating\" target=\"_self\" class=\"wtbx-button wtbx-button-link\"><span class=\"wtbx_button_inner\">learn more...<\/span><\/a><\/div><\/div><\/div><\/div><\/div><\/div><\/div><\/div><div class=\"wtbx_vc_column vc_col-sm-3 wtbx_with_image wtbx_vc_column-75409529\"><div class=\"wtbx_vc_el_container wtbx_vc_column_container\"><div class=\"wtbx_vc_el_inner wtbx_vc_column_inner\"><div class=\"wtbx_column_wrapper clearfix\"><div class=\"wtbx_column_content\"><div class=\"wtbx_vc_image_element wtbx_vc_image_element-75410100 wtbx_img_align_center wtbx_preloader_cont\"><div class=\"wtbx_image_wrapper wtbx_with_image wtbx_appearance_animation wtbx-anim-bottom-to-top-small wtbx-duration-1000 wtbx_easing-natural\">\n<div class=\"wtbx-preloader-wrapper wtbx-preloader-el\">\n\t<div class=\"wtbx-preloader-container\">\n\n\t\t\n\t\t\t<div class=\"wtbx-preloader wtbx-preloader-1\"><\/div>\n\n\t\t\t<\/div>\n<\/div><div class=\"wtbx_vc_el_container wtbx_vc_image_element_container\"><div class=\"wtbx_vc_el_inner wtbx_vc_image_element_inner\"><div class=\"wtbx_image_inner wtbx-element-reveal wtbx-reveal-cont\"><div class=\"wtbx_image_overlap wtbx_image_noaction\"><\/div><div class=\"wtbx-image-crop\" style=\"padding-bottom: 75.02%\"><img decoding=\"async\" class=\"wtbx-image wtbx-lazy lazyload\" data-bg=\"false\" data-imgratio=\"1201:901\" data-aspectratio=\"1.333\" src=\"data:image\/gif;base64,R0lGODlhAQABAAAAACH5BAEKAAEALAAAAAABAAEAAAICTAEAOw==\" srcset=\"\" data-src=\"https:\/\/cinkosan.com\/wp-content\/uploads\/2021\/05\/alkali_cinko_kaplama-450x338.png\" data-path=\"https:\/\/cinkosan.com\/wp-content\/uploads\/2021\/05\/alkali_cinko_kaplama\" data-dims=\"[&quot;.png 1201w&quot;,&quot;450x338.png 450w&quot;,&quot;1170x878.png 1170w&quot;,&quot;750x563.png 750w&quot;]\" data-sizes=\"auto\" data-parent-fit=\"cover\" alt=\"alkali_cinko_kaplama\" \/><\/div><\/div><\/div><\/div><\/div><\/div><div class=\"wtbx_vc_styled_heading wtbx_vc_styled_heading-75411135 wtbx_style_default wtbx_align_left\"><div class=\"wtbx_vc_el_container wtbx_vc_styled_heading_container clearfix\"><div class=\"wtbx_vc_el_inner wtbx_vc_styled_heading_inner\"><div class=\"wtbx_heading_el_title_wrapper h3\"><h3 class=\"wtbx_heading_el_title wtbx-text\">ALKALINE ZINC IRON PLATING<\/h3><\/div><\/div><\/div><\/div><div class=\"wtbx_vc_text_element wtbx_vc_text_element-75411467 wtbx_display_block\"><div class=\"wtbx_vc_el_container wtbx_vc_text_element_container\"><div class=\"wtbx_text_element_content\"><div class=\"wtbx_text_element_inner\"><p><span style=\"font-weight: 400;\">Alkaline Zinc Iron Coating is a highly efficient and easy-to-apply process used in the industrial sector around the world.<\/span><\/p>\n<\/div><\/div><\/div><\/div><div class=\"wtbx_vc_button wtbx_vc_button-75411929 wtbx_style_link wtbx_size_5 wtbx_display_block\"><div class=\"wtbx_vc_el_container wtbx_vc_button_container\"><div class=\"wtbx_vc_el_inner wtbx_vc_button_inner\"><a  href=\"http:\/\/cinkosan.com\/index.php\/alkali-cinko-demir-kaplama\/\" title=\"Alkaline Zinc Plating\" target=\"_self\" class=\"wtbx-button wtbx-button-link\"><span class=\"wtbx_button_inner\">learn more...<\/span><\/a><\/div><\/div><\/div><\/div><\/div><\/div><\/div><\/div><div class=\"wtbx_vc_column vc_col-sm-3 wtbx_with_image wtbx_vc_column-75412473\"><div class=\"wtbx_vc_el_container wtbx_vc_column_container\"><div class=\"wtbx_vc_el_inner wtbx_vc_column_inner\"><div class=\"wtbx_column_wrapper clearfix\"><div class=\"wtbx_column_content\"><div class=\"wtbx_vc_image_element wtbx_vc_image_element-75413032 wtbx_img_align_center wtbx_preloader_cont\"><div class=\"wtbx_image_wrapper wtbx_with_image wtbx_appearance_animation wtbx-anim-bottom-to-top-small wtbx-duration-1000 wtbx_easing-natural\">\n<div class=\"wtbx-preloader-wrapper wtbx-preloader-el\">\n\t<div class=\"wtbx-preloader-container\">\n\n\t\t\n\t\t\t<div class=\"wtbx-preloader wtbx-preloader-1\"><\/div>\n\n\t\t\t<\/div>\n<\/div><div class=\"wtbx_vc_el_container wtbx_vc_image_element_container\"><div class=\"wtbx_vc_el_inner wtbx_vc_image_element_inner\"><div class=\"wtbx_image_inner wtbx-element-reveal wtbx-reveal-cont\"><div class=\"wtbx_image_overlap wtbx_image_noaction\"><\/div><div class=\"wtbx-image-crop\" style=\"padding-bottom: 75.02%\"><img decoding=\"async\" class=\"wtbx-image wtbx-lazy lazyload\" data-bg=\"false\" data-imgratio=\"1201:901\" data-aspectratio=\"1.333\" src=\"data:image\/gif;base64,R0lGODlhAQABAAAAACH5BAEKAAEALAAAAAABAAEAAAICTAEAOw==\" srcset=\"\" data-src=\"https:\/\/cinkosan.com\/wp-content\/uploads\/2021\/05\/alkali_cinko_kaplama-450x338.png\" data-path=\"https:\/\/cinkosan.com\/wp-content\/uploads\/2021\/05\/alkali_cinko_kaplama\" data-dims=\"[&quot;.png 1201w&quot;,&quot;450x338.png 450w&quot;,&quot;1170x878.png 1170w&quot;,&quot;750x563.png 750w&quot;]\" data-sizes=\"auto\" data-parent-fit=\"cover\" alt=\"alkali_cinko_kaplama\" \/><\/div><\/div><\/div><\/div><\/div><\/div><div class=\"wtbx_vc_styled_heading wtbx_vc_styled_heading-75414052 wtbx_style_default wtbx_align_left\"><div class=\"wtbx_vc_el_container wtbx_vc_styled_heading_container clearfix\"><div class=\"wtbx_vc_el_inner wtbx_vc_styled_heading_inner\"><div class=\"wtbx_heading_el_title_wrapper h3\"><h3 class=\"wtbx_heading_el_title wtbx-text\">ZINC PHOSPHATE PLATING<\/h3><\/div><\/div><\/div><\/div><div class=\"wtbx_vc_text_element wtbx_vc_text_element-75414384 wtbx_display_block\"><div class=\"wtbx_vc_el_container wtbx_vc_text_element_container\"><div class=\"wtbx_text_element_content\"><div class=\"wtbx_text_element_inner\"><p>Zinc Phosphate Coating is a type of coating that provides a very short-term protection against corrosion, but provides an excellent infrastructure for lubrication and painting processes.<\/p>\n<\/div><\/div><\/div><\/div><div class=\"wtbx_vc_button wtbx_vc_button-75414831 wtbx_style_link wtbx_size_5 wtbx_display_block\"><div class=\"wtbx_vc_el_container wtbx_vc_button_container\"><div class=\"wtbx_vc_el_inner wtbx_vc_button_inner\"><a  href=\"http:\/\/cinkosan.com\/index.php\/cinko-fosfat-kaplama\/\" title=\"Alkaline Zinc Plating\" target=\"_self\" class=\"wtbx-button wtbx-button-link\"><span class=\"wtbx_button_inner\">learn more...<\/span><\/a><\/div><\/div><\/div><\/div><\/div><\/div><\/div><\/div><\/div><\/div><\/div><\/div><\/div><\/div><\/div><div class=\"wtbx_vc_row wtbx_vc_row-75416041 wtbx_stretch_row wtbx_anim_style_1\" data-skin=\"light\"><div class=\"wtbx_vc_el_container wtbx_vc_row_container\"><div class=\"wtbx_vc_el_inner wtbx_vc_row_inner\"><div class=\"wtbx_row_wrapper\"><div class=\"wtbx_row_content clearfix\"><div class=\"wtbx_row_content_wrapper\"><div class=\"wtbx_row_content_inner clearfix\"><div class=\"wtbx_vc_column vc_col-sm-3 wtbx_with_image wtbx_vc_column-75417219\"><div class=\"wtbx_vc_el_container wtbx_vc_column_container\"><div class=\"wtbx_vc_el_inner wtbx_vc_column_inner\"><div class=\"wtbx_column_wrapper clearfix\"><div class=\"wtbx_column_content\"><\/div><\/div><\/div><\/div><\/div><div class=\"wtbx_vc_column vc_col-sm-3 wtbx_with_image wtbx_vc_column-75417683\"><div class=\"wtbx_vc_el_container wtbx_vc_column_container\"><div class=\"wtbx_vc_el_inner wtbx_vc_column_inner\"><div class=\"wtbx_column_wrapper clearfix\"><div class=\"wtbx_column_content\"><div class=\"wtbx_vc_image_element wtbx_vc_image_element-75418278 wtbx_img_align_center wtbx_preloader_cont\"><div class=\"wtbx_image_wrapper wtbx_with_image wtbx_appearance_animation wtbx-anim-bottom-to-top-small wtbx-duration-1000 wtbx_easing-natural\">\n<div class=\"wtbx-preloader-wrapper wtbx-preloader-el\">\n\t<div class=\"wtbx-preloader-container\">\n\n\t\t\n\t\t\t<div class=\"wtbx-preloader wtbx-preloader-1\"><\/div>\n\n\t\t\t<\/div>\n<\/div><div class=\"wtbx_vc_el_container wtbx_vc_image_element_container\"><div class=\"wtbx_vc_el_inner wtbx_vc_image_element_inner\"><div class=\"wtbx_image_inner wtbx-element-reveal wtbx-reveal-cont\"><div class=\"wtbx_image_overlap wtbx_image_noaction\"><\/div><div class=\"wtbx-image-crop\" style=\"padding-bottom: 75.02%\"><img decoding=\"async\" class=\"wtbx-image wtbx-lazy lazyload\" data-bg=\"false\" data-imgratio=\"1201:901\" data-aspectratio=\"1.333\" src=\"data:image\/gif;base64,R0lGODlhAQABAAAAACH5BAEKAAEALAAAAAABAAEAAAICTAEAOw==\" srcset=\"\" data-src=\"https:\/\/cinkosan.com\/wp-content\/uploads\/2021\/05\/molykote-450x338.png\" data-path=\"https:\/\/cinkosan.com\/wp-content\/uploads\/2021\/05\/molykote\" data-dims=\"[&quot;.png 1201w&quot;,&quot;450x338.png 450w&quot;,&quot;1170x878.png 1170w&quot;,&quot;750x563.png 750w&quot;]\" data-sizes=\"auto\" data-parent-fit=\"cover\" alt=\"molykote\" \/><\/div><\/div><\/div><\/div><\/div><\/div><div class=\"wtbx_vc_styled_heading wtbx_vc_styled_heading-75419841 wtbx_style_default wtbx_align_left\"><div class=\"wtbx_vc_el_container wtbx_vc_styled_heading_container clearfix\"><div class=\"wtbx_vc_el_inner wtbx_vc_styled_heading_inner\"><div class=\"wtbx_heading_el_title_wrapper h3\"><h3 class=\"wtbx_heading_el_title wtbx-text\">MOLYKOTE<\/h3><\/div><\/div><\/div><\/div><div class=\"wtbx_vc_text_element wtbx_vc_text_element-75420179 wtbx_display_block\"><div class=\"wtbx_vc_el_container wtbx_vc_text_element_container\"><div class=\"wtbx_text_element_content\"><div class=\"wtbx_text_element_inner\"><p><span style=\"font-weight: 400;\">Molykote brand lubricant products are used for the lubrication of machine elements that are exposed to excessive pressure, approaching medium speed limits, having a risk of Brinel Effect and humidity.<\/span><\/p>\n<\/div><\/div><\/div><\/div><div class=\"wtbx_vc_button wtbx_vc_button-75420629 wtbx_style_link wtbx_size_5 wtbx_display_block\"><div class=\"wtbx_vc_el_container wtbx_vc_button_container\"><div class=\"wtbx_vc_el_inner wtbx_vc_button_inner\"><a  href=\"http:\/\/cinkosan.com\/index.php\/molykote\/\" title=\"Alkaline Zinc Plating\" target=\"_self\" class=\"wtbx-button wtbx-button-link\"><span class=\"wtbx_button_inner\">learn more...<\/span><\/a><\/div><\/div><\/div><\/div><\/div><\/div><\/div><\/div><div class=\"wtbx_vc_column vc_col-sm-3 wtbx_with_image wtbx_vc_column-75421193\"><div class=\"wtbx_vc_el_container wtbx_vc_column_container\"><div class=\"wtbx_vc_el_inner wtbx_vc_column_inner\"><div class=\"wtbx_column_wrapper clearfix\"><div class=\"wtbx_column_content\"><div class=\"wtbx_vc_image_element wtbx_vc_image_element-75421745 wtbx_img_align_center wtbx_preloader_cont\"><div class=\"wtbx_image_wrapper wtbx_with_image wtbx_appearance_animation wtbx-anim-bottom-to-top-small wtbx-duration-1000 wtbx_easing-natural\">\n<div class=\"wtbx-preloader-wrapper wtbx-preloader-el\">\n\t<div class=\"wtbx-preloader-container\">\n\n\t\t\n\t\t\t<div class=\"wtbx-preloader wtbx-preloader-1\"><\/div>\n\n\t\t\t<\/div>\n<\/div><div class=\"wtbx_vc_el_container wtbx_vc_image_element_container\"><div class=\"wtbx_vc_el_inner wtbx_vc_image_element_inner\"><div class=\"wtbx_image_inner wtbx-element-reveal wtbx-reveal-cont\"><div class=\"wtbx_image_overlap wtbx_image_noaction\"><\/div><div class=\"wtbx-image-crop\" style=\"padding-bottom: 75.02%\"><img decoding=\"async\" class=\"wtbx-image wtbx-lazy lazyload\" data-bg=\"false\" data-imgratio=\"1201:901\" data-aspectratio=\"1.333\" src=\"data:image\/gif;base64,R0lGODlhAQABAAAAACH5BAEKAAEALAAAAAABAAEAAAICTAEAOw==\" srcset=\"\" data-src=\"https:\/\/cinkosan.com\/wp-content\/uploads\/2021\/05\/zintek-450x338.png\" data-path=\"https:\/\/cinkosan.com\/wp-content\/uploads\/2021\/05\/zintek\" data-dims=\"[&quot;.png 1201w&quot;,&quot;450x338.png 450w&quot;,&quot;1170x878.png 1170w&quot;,&quot;750x563.png 750w&quot;]\" data-sizes=\"auto\" data-parent-fit=\"cover\" alt=\"zintek\" \/><\/div><\/div><\/div><\/div><\/div><\/div><div class=\"wtbx_vc_styled_heading wtbx_vc_styled_heading-75423288 wtbx_style_default wtbx_align_left\"><div class=\"wtbx_vc_el_container wtbx_vc_styled_heading_container clearfix\"><div class=\"wtbx_vc_el_inner wtbx_vc_styled_heading_inner\"><div class=\"wtbx_heading_el_title_wrapper h3\"><h3 class=\"wtbx_heading_el_title wtbx-text\">ZINTEC<\/h3><\/div><\/div><\/div><\/div><div class=\"wtbx_vc_text_element wtbx_vc_text_element-75423619 wtbx_display_block\"><div class=\"wtbx_vc_el_container wtbx_vc_text_element_container\"><div class=\"wtbx_text_element_content\"><div class=\"wtbx_text_element_inner\"><p><span style=\"font-weight: 400;\">Zintec coatings have lamellar microstructures that are high in zinc and aluminum and are coated on the metal surface without current, providing cathodic protection against corrosion.<\/span><\/p>\n<\/div><\/div><\/div><\/div><div class=\"wtbx_vc_button wtbx_vc_button-75424084 wtbx_style_link wtbx_size_5 wtbx_display_block\"><div class=\"wtbx_vc_el_container wtbx_vc_button_container\"><div class=\"wtbx_vc_el_inner wtbx_vc_button_inner\"><a  href=\"http:\/\/cinkosan.com\/index.php\/zintek\/\" title=\"Alkaline Zinc Plating\" target=\"_self\" class=\"wtbx-button wtbx-button-link\"><span class=\"wtbx_button_inner\">learn more...<\/span><\/a><\/div><\/div><\/div><\/div><\/div><\/div><\/div><\/div><div class=\"wtbx_vc_column vc_col-sm-3 wtbx_with_image wtbx_vc_column-75424618\"><div class=\"wtbx_vc_el_container wtbx_vc_column_container\"><div class=\"wtbx_vc_el_inner wtbx_vc_column_inner\"><div class=\"wtbx_column_wrapper clearfix\"><div class=\"wtbx_column_content\"><\/div><\/div><\/div><\/div><\/div><\/div><\/div><\/div><\/div><\/div><\/div><\/div><div class=\"wtbx_vc_row wtbx_vc_row-75425671 wtbx_stretch_row wtbx_anim_style_1\" data-skin=\"light\"><div class=\"wtbx_vc_el_container wtbx_vc_row_container\"><div class=\"wtbx_vc_el_inner wtbx_vc_row_inner\"><div class=\"wtbx_row_wrapper\"><div class=\"wtbx_row_content clearfix\"><div class=\"wtbx_row_content_wrapper\"><div class=\"wtbx_row_content_inner clearfix\"><div class=\"wtbx_vc_column vc_col-sm-12 wtbx_with_image wtbx_vc_column-75426867\"><div class=\"wtbx_vc_el_container wtbx_vc_column_container\"><div class=\"wtbx_vc_el_inner wtbx_vc_column_inner\"><div class=\"wtbx_column_wrapper clearfix\"><div class=\"wtbx_column_content\">\n\n<div class=\"wtbx_vc_empty_space wtbx_vc_empty_space-75427278\">\n\t\t<span class=\"wtbx_empty_space_inner\"><\/span>\n<\/div>\n<\/div><\/div><\/div><\/div><\/div><\/div><\/div><\/div><\/div><\/div><\/div><\/div>","protected":false},"excerpt":{"rendered":"SERV\u0130SLER\u0130M\u0130Z\u00c7inkosan olarak sekt\u00f6rde m\u00fc\u015fterilerimize, geni\u015f hizmet \u00e7e\u015fidi yelpazemizle en kaliteli ve g\u00fcvenilir hizmeti sunmaktay\u0131z. ALKAL\u0130 \u00c7\u0130NKO KAPLAMAAlkali \u00c7inko Kaplama, sa\u011flad\u0131\u011f\u0131 maksimum korozyon direnci, geni\u015f ak\u0131m yo\u011funlu\u011funda parlak \u00e7inko eldesi ve di\u011fer kaplamalara g\u00f6re ekonomik olmas\u0131 sebebiyle kaplamaya olan talep s\u00fcrekli artmaktad\u0131r. daha fazlas\u0131... ALKAL\u0130 \u00c7\u0130NKO N\u0130KEL KAPLAMAAlkali \u00c7inko Nikel Kaplama y\u00fcksek s\u0131cakl\u0131kta \u00e7al\u0131\u015fan par\u00e7alar i\u00e7in m\u00fckemmel yap\u0131\u015fma ve y\u00fcksek korozyon direnci sa\u011flar. daha fazlas\u0131... ALKAL\u0130 \u00c7\u0130NKO DEM\u0130R KAPLAMAAlkali \u00c7inko Demir Kaplama d\u00fcnyada sanayi sekt\u00f6r\u00fcnde kullan\u0131lan [...]","protected":false},"author":1,"featured_media":0,"parent":0,"menu_order":0,"comment_status":"closed","ping_status":"closed","template":"","meta":{"footnotes":""},"class_list":["post-14","page","type-page","status-publish","hentry"],"_links":{"self":[{"href":"http:\/\/cinkosan.com\/en\/wp-json\/wp\/v2\/pages\/14","targetHints":{"allow":["GET"]}}],"collection":[{"href":"http:\/\/cinkosan.com\/en\/wp-json\/wp\/v2\/pages"}],"about":[{"href":"http:\/\/cinkosan.com\/en\/wp-json\/wp\/v2\/types\/page"}],"author":[{"embeddable":true,"href":"http:\/\/cinkosan.com\/en\/wp-json\/wp\/v2\/users\/1"}],"replies":[{"embeddable":true,"href":"http:\/\/cinkosan.com\/en\/wp-json\/wp\/v2\/comments?post=14"}],"version-history":[{"count":5,"href":"http:\/\/cinkosan.com\/en\/wp-json\/wp\/v2\/pages\/14\/revisions"}],"predecessor-version":[{"id":892,"href":"http:\/\/cinkosan.com\/en\/wp-json\/wp\/v2\/pages\/14\/revisions\/892"}],"wp:attachment":[{"href":"http:\/\/cinkosan.com\/en\/wp-json\/wp\/v2\/media?parent=14"}],"curies":[{"name":"wp","href":"https:\/\/api.w.org\/{rel}","templated":true}]}}