{"id":12,"date":"2021-05-31T11:45:23","date_gmt":"2021-05-31T08:45:23","guid":{"rendered":"http:\/\/cinkosan.com\/?page_id=12"},"modified":"2024-07-12T16:04:01","modified_gmt":"2024-07-12T13:04:01","slug":"iletisim","status":"publish","type":"page","link":"http:\/\/cinkosan.com\/tr\/iletisim\/","title":{"rendered":"\u0130leti\u015fim"},"content":{"rendered":"<div class=\"wtbx_vc_row wtbx_vc_row-71028666 wtbx_stretch_row wtbx_force_align_top wtbx_opposite_float wtbx_parallax_wrapper wtbx_anim_style_1 wtbx_row_fixed_height_screen wtbx_row-flex-align-stretch wtbx_row-flex\" data-skin=\"light\"><div class=\"wtbx_vc_el_container wtbx_vc_row_container\"><div class=\"wtbx_vc_el_inner wtbx_vc_row_inner\"><div class=\"wtbx_row_wrapper\"><div class=\"wtbx_row_bg\"><div class=\"wtbx_row_bg_inner wtbx-element-reveal wtbx-reveal-cont wtbx_parallax_container\"><div class=\"wtbx_row_bg_media_wrapper wtbx-entry-media wtbx_parallax_scale\" data-scale-strength=\"2\"><div class=\"wtbx_row_bg_media wtbx_parallax_scroll\" data-parallax-strength=\"4\"><div class=\"wtbx-bg-image\"><div class=\"wtbx-bg-image-inner\"><div  class=\"wtbx_row_bg_image wtbx-image lazyload wtbx-lazy\" data-bg=\"true\" data-sizes=\"auto\" data-path=\"https:\/\/cinkosan.com\/wp-content\/uploads\/2021\/06\/iletisim_1\" data-dims=\"[&quot;.png 1600w 901h&quot;,&quot;450x253.png 450w 253h&quot;,&quot;1170x659.png 1170w 659h&quot;,&quot;750x422.png 750w 422h&quot;,&quot;1536x865.png 1536w 865h&quot;,&quot;1440x811.png 1440w 811h&quot;]\" data-ratio=\"56.31\" aria-label=\"iletisim_1\"><\/div><\/div><\/div><\/div><\/div><div class=\"wtbx_row_bg_overlay\"><\/div><\/div><\/div><div class=\"wtbx_row_content clearfix\"><div class=\"wtbx_row_content_wrapper\"><div class=\"wtbx_row_content_inner clearfix\"><div class=\"wtbx_vc_column vc_col-sm-12 wtbx_with_image wtbx_vc_column-71034446\"><div class=\"wtbx_vc_el_container wtbx_vc_column_container\"><div class=\"wtbx_vc_el_inner wtbx_vc_column_inner\"><div class=\"wtbx_column_wrapper clearfix\"><div class=\"wtbx_column_content\">\n\n<div class=\"wtbx_vc_empty_space wtbx_vc_empty_space-71035827\">\n\t\t<span class=\"wtbx_empty_space_inner\"><\/span>\n<\/div>\n<div class=\"wtbx_vc_styled_heading wtbx_vc_styled_heading-71036454 wtbx_style_default wtbx_align_left\"><div class=\"wtbx_vc_el_container wtbx_vc_styled_heading_container clearfix\"><div class=\"wtbx_vc_el_inner wtbx_vc_styled_heading_inner\"><div class=\"wtbx_heading_el_title_wrapper h2\"><h2 class=\"wtbx_heading_el_title wtbx-text\">Bize Ula\u015f\u0131n<\/h2><\/div><\/div><\/div><\/div>\n\n<div class=\"wtbx_vc_empty_space wtbx_vc_empty_space-71036848\">\n\t\t<span class=\"wtbx_empty_space_inner\"><\/span>\n<\/div>\n<div class=\"wtbx_vc_divider wtbx_vc_divider-71037349 wtbx_style_horizontal wtbx_align_left\"><div class=\"wtbx_vc_el_container wtbx_vc_divider_container\"><div class=\"wtbx_vc_el_inner wtbx_vc_divider_inner\"><\/div><\/div><\/div>\n\n<div class=\"wtbx_vc_empty_space wtbx_vc_empty_space-71037596\">\n\t\t<span class=\"wtbx_empty_space_inner\"><\/span>\n<\/div>\n<div class=\"wtbx_vc_row wtbx_vc_inner_row wtbx_vc_inner_row-71038385 wtbx_stretch_row_content wtbx_row_fixed_height_screen\"><div class=\"wtbx_vc_el_container wtbx_vc_inner_row_container\"><div class=\"wtbx_vc_el_inner wtbx_vc_inner_row_inner\"><div class=\"wtbx_inner_row_wrapper\"><div class=\"wtbx_inner_row_bg\"><div class=\"wtbx_inner_row_bg_inner wtbx-element-reveal wtbx-reveal-cont\"><div class=\"wtbx_inner_row_bg_media_wrapper wtbx-entry-media\"><div class=\"wtbx_inner_row_bg_media\"><\/div><\/div><\/div><\/div><div class=\"wtbx_inner_row_content clearfix\"><div class=\"wtbx_inner_row_content_wrapper\"><div class=\"wtbx_inner_row_content_inner clearfix\"><div class=\"wtbx_vc_inner_column vc_col-sm-6 wtbx_with_image wtbx_vc_inner_column-71039180\"><div class=\"wtbx_vc_el_container wtbx_vc_inner_column_container\"><div class=\"wtbx_vc_el_inner wtbx_vc_inner_column_inner\"><div class=\"wtbx_inner_column_bg\"><div class=\"wtbx_inner_column_bg_inner wtbx-element-reveal wtbx-reveal-cont\"><\/div><\/div><div class=\"wtbx_inner_column_wrapper clearfix\"><div class=\"wtbx_inner_column_content\"><div class=\"wtbx_vc_styled_heading wtbx_vc_styled_heading-71039869 wtbx_style_default wtbx_align_left\"><div class=\"wtbx_vc_el_container wtbx_vc_styled_heading_container clearfix\"><div class=\"wtbx_vc_el_inner wtbx_vc_styled_heading_inner\"><div class=\"wtbx_heading_el_title_wrapper h2\"><h2 class=\"wtbx_heading_el_title wtbx-text\">\u0130stanbul Merkez<\/h2><\/div><\/div><\/div><\/div>\n\n<div class=\"wtbx_vc_empty_space wtbx_vc_empty_space-71040207\">\n\t\t<span class=\"wtbx_empty_space_inner\"><\/span>\n<\/div>\n<div class=\"wtbx_vc_service wtbx_vc_service-71040711 wtbx_style_left wtbx_bullet_cont_empty wtbx_bullet_no_shadow wtbx_bullet_no_border\"><div class=\"wtbx_vc_el_container wtbx_vc_service_container\"><div class=\"wtbx_vc_el_inner wtbx_vc_service_inner icon_anim_container\"><div class=\"wtbx_service_bullet\"><div class=\"wtbx_service_bullet_inner wtbx_service_bullet_icon\"><i class=\"scape-tech-Open-Mail wtbx_vc_icon\"><\/i><\/div><\/div><div class=\"wtbx_service_content\"><div class=\"wtbx_service_title wtbx_textholder wtbx-text\">E-posta<\/div><div class=\"wtbx_service_descr wtbx_textholder wtbx-text\"><p>info@cinkosan.com<\/p>\n<\/div><\/div><\/div><\/div><\/div>\n\n<div class=\"wtbx_vc_empty_space wtbx_vc_empty_space-71041130\">\n\t\t<span class=\"wtbx_empty_space_inner\"><\/span>\n<\/div>\n<div class=\"wtbx_vc_service wtbx_vc_service-71041566 wtbx_style_left wtbx_bullet_cont_empty wtbx_bullet_no_shadow wtbx_bullet_no_border\"><div class=\"wtbx_vc_el_container wtbx_vc_service_container\"><div class=\"wtbx_vc_el_inner wtbx_vc_service_inner icon_anim_container\"><div class=\"wtbx_service_bullet\"><div class=\"wtbx_service_bullet_inner wtbx_service_bullet_icon\"><i class=\"scape-tech-Home-Location wtbx_vc_icon\"><\/i><\/div><\/div><div class=\"wtbx_service_content\"><div class=\"wtbx_service_title wtbx_textholder wtbx-text\">Adres<\/div><div class=\"wtbx_service_descr wtbx_textholder wtbx-text\"><p>\u00d6merli Mah. Kurtini Sk.<\/p>\n<p>No:18 \u0130\u00e7 Kap\u0131 No:1<\/p>\n<p>Arnavutk\u00f6y\/\u0130STANBUL<\/p>\n<\/div><\/div><\/div><\/div><\/div>\n\n<div class=\"wtbx_vc_empty_space wtbx_vc_empty_space-71041923\">\n\t\t<span class=\"wtbx_empty_space_inner\"><\/span>\n<\/div>\n<div class=\"wtbx_vc_service wtbx_vc_service-71042356 wtbx_style_left wtbx_bullet_cont_empty wtbx_bullet_no_shadow wtbx_bullet_no_border\"><div class=\"wtbx_vc_el_container wtbx_vc_service_container\"><div class=\"wtbx_vc_el_inner wtbx_vc_service_inner icon_anim_container\"><div class=\"wtbx_service_bullet\"><div class=\"wtbx_service_bullet_inner wtbx_service_bullet_icon\"><i class=\"scape-devices-Phone-In-Talk wtbx_vc_icon\"><\/i><\/div><\/div><div class=\"wtbx_service_content\"><div class=\"wtbx_service_title wtbx_textholder wtbx-text\">Telefon<\/div><div class=\"wtbx_service_descr wtbx_textholder wtbx-text\"><p>+90 212 912 13 23 (pbx)<\/p>\n<\/div><\/div><\/div><\/div><\/div>\n\n<div class=\"wtbx_vc_empty_space wtbx_vc_empty_space-71042685\">\n\t\t<span class=\"wtbx_empty_space_inner\"><\/span>\n<\/div>\n<div class=\"wtbx_vc_service wtbx_vc_service-71043137 wtbx_style_left wtbx_bullet_cont_empty wtbx_bullet_no_shadow wtbx_bullet_no_border\"><div class=\"wtbx_vc_el_container wtbx_vc_service_container\"><div class=\"wtbx_vc_el_inner wtbx_vc_service_inner icon_anim_container\"><div class=\"wtbx_service_bullet\"><div class=\"wtbx_service_bullet_inner wtbx_service_bullet_icon\"><i class=\"scape-devices-Fax-Phone wtbx_vc_icon\"><\/i><\/div><\/div><div class=\"wtbx_service_content\"><div class=\"wtbx_service_title wtbx_textholder wtbx-text\">Fax<\/div><div class=\"wtbx_service_descr wtbx_textholder wtbx-text\"><p>+90 212 549 13 97<\/p>\n<\/div><\/div><\/div><\/div><\/div>\n\n<div class=\"wtbx_vc_empty_space wtbx_vc_empty_space-71043540\">\n\t\t<span class=\"wtbx_empty_space_inner\"><\/span>\n<\/div>\n<\/div><\/div><\/div><\/div><\/div><div class=\"wtbx_vc_inner_column vc_col-sm-6 wtbx_with_image wtbx_vc_inner_column-71044221\"><div class=\"wtbx_vc_el_container wtbx_vc_inner_column_container\"><div class=\"wtbx_vc_el_inner wtbx_vc_inner_column_inner\"><div class=\"wtbx_inner_column_bg\"><div class=\"wtbx_inner_column_bg_inner wtbx-element-reveal wtbx-reveal-cont\"><\/div><\/div><div class=\"wtbx_inner_column_wrapper clearfix\"><div class=\"wtbx_inner_column_content\"><div class=\"wtbx_vc_styled_heading wtbx_vc_styled_heading-71044767 wtbx_style_default wtbx_align_left\"><div class=\"wtbx_vc_el_container wtbx_vc_styled_heading_container clearfix\"><div class=\"wtbx_vc_el_inner wtbx_vc_styled_heading_inner\"><div class=\"wtbx_heading_el_title_wrapper h2\"><h2 class=\"wtbx_heading_el_title wtbx-text\">\u0130zmir Tesis<\/h2><\/div><\/div><\/div><\/div>\n\n<div class=\"wtbx_vc_empty_space wtbx_vc_empty_space-71045081\">\n\t\t<span class=\"wtbx_empty_space_inner\"><\/span>\n<\/div>\n<div class=\"wtbx_vc_service wtbx_vc_service-71045503 wtbx_style_left wtbx_bullet_cont_empty wtbx_bullet_no_shadow wtbx_bullet_no_border\"><div class=\"wtbx_vc_el_container wtbx_vc_service_container\"><div class=\"wtbx_vc_el_inner wtbx_vc_service_inner icon_anim_container\"><div class=\"wtbx_service_bullet\"><div class=\"wtbx_service_bullet_inner wtbx_service_bullet_icon\"><i class=\"scape-tech-Open-Mail wtbx_vc_icon\"><\/i><\/div><\/div><div class=\"wtbx_service_content\"><div class=\"wtbx_service_title wtbx_textholder wtbx-text\">E-posta<\/div><div class=\"wtbx_service_descr wtbx_textholder wtbx-text\"><p>izmirtesis@cinkosan.com<\/p>\n<\/div><\/div><\/div><\/div><\/div>\n\n<div class=\"wtbx_vc_empty_space wtbx_vc_empty_space-71045821\">\n\t\t<span class=\"wtbx_empty_space_inner\"><\/span>\n<\/div>\n<div class=\"wtbx_vc_service wtbx_vc_service-71046241 wtbx_style_left wtbx_bullet_cont_empty wtbx_bullet_no_shadow wtbx_bullet_no_border\"><div class=\"wtbx_vc_el_container wtbx_vc_service_container\"><div class=\"wtbx_vc_el_inner wtbx_vc_service_inner icon_anim_container\"><div class=\"wtbx_service_bullet\"><div class=\"wtbx_service_bullet_inner wtbx_service_bullet_icon\"><i class=\"scape-tech-Home-Location wtbx_vc_icon\"><\/i><\/div><\/div><div class=\"wtbx_service_content\"><div class=\"wtbx_service_title wtbx_textholder wtbx-text\">Adres<\/div><div class=\"wtbx_service_descr wtbx_textholder wtbx-text\"><p>29 Ekim Mah. 10001 Sk.<\/p>\n<p>No:42\/A Menemen\/\u0130zmir<\/p>\n<\/div><\/div><\/div><\/div><\/div>\n\n<div class=\"wtbx_vc_empty_space wtbx_vc_empty_space-71046568\">\n\t\t<span class=\"wtbx_empty_space_inner\"><\/span>\n<\/div>\n<div class=\"wtbx_vc_service wtbx_vc_service-71046985 wtbx_style_left wtbx_bullet_cont_empty wtbx_bullet_no_shadow wtbx_bullet_no_border\"><div class=\"wtbx_vc_el_container wtbx_vc_service_container\"><div class=\"wtbx_vc_el_inner wtbx_vc_service_inner icon_anim_container\"><div class=\"wtbx_service_bullet\"><div class=\"wtbx_service_bullet_inner wtbx_service_bullet_icon\"><i class=\"scape-devices-Phone-In-Talk wtbx_vc_icon\"><\/i><\/div><\/div><div class=\"wtbx_service_content\"><div class=\"wtbx_service_title wtbx_textholder wtbx-text\">Telefon<\/div><div class=\"wtbx_service_descr wtbx_textholder wtbx-text\"><p>+90 232 833 40 05<\/p>\n<\/div><\/div><\/div><\/div><\/div>\n\n<div class=\"wtbx_vc_empty_space wtbx_vc_empty_space-71047323\">\n\t\t<span class=\"wtbx_empty_space_inner\"><\/span>\n<\/div>\n<\/div><\/div><\/div><\/div><\/div><\/div><\/div><\/div><\/div><\/div><\/div><\/div><\/div><\/div><\/div><\/div><\/div><\/div><\/div><\/div><\/div><\/div><\/div><\/div>\n","protected":false},"excerpt":{"rendered":"Bize Ula\u015f\u0131n \u0130stanbul Merkez E-postainfo@cinkosan.com Adres\u00d6merli Mah. Kurtini Sk. No:18 \u0130\u00e7 Kap\u0131 No:1 Arnavutk\u00f6y\/\u0130STANBUL Telefon+90 212 912 13 23 (pbx) Fax+90 212 549 13 97 \u0130zmir Tesis E-postaizmirtesis@cinkosan.com Adres29 Ekim Mah. 10001 Sk. No:42\/A Menemen\/\u0130zmir Telefon+90 232 833 40 05","protected":false},"author":1,"featured_media":0,"parent":0,"menu_order":0,"comment_status":"closed","ping_status":"closed","template":"","meta":{"footnotes":""},"class_list":["post-12","page","type-page","status-publish","hentry"],"_links":{"self":[{"href":"http:\/\/cinkosan.com\/tr\/wp-json\/wp\/v2\/pages\/12","targetHints":{"allow":["GET"]}}],"collection":[{"href":"http:\/\/cinkosan.com\/tr\/wp-json\/wp\/v2\/pages"}],"about":[{"href":"http:\/\/cinkosan.com\/tr\/wp-json\/wp\/v2\/types\/page"}],"author":[{"embeddable":true,"href":"http:\/\/cinkosan.com\/tr\/wp-json\/wp\/v2\/users\/1"}],"replies":[{"embeddable":true,"href":"http:\/\/cinkosan.com\/tr\/wp-json\/wp\/v2\/comments?post=12"}],"version-history":[{"count":19,"href":"http:\/\/cinkosan.com\/tr\/wp-json\/wp\/v2\/pages\/12\/revisions"}],"predecessor-version":[{"id":863,"href":"http:\/\/cinkosan.com\/tr\/wp-json\/wp\/v2\/pages\/12\/revisions\/863"}],"wp:attachment":[{"href":"http:\/\/cinkosan.com\/tr\/wp-json\/wp\/v2\/media?parent=12"}],"curies":[{"name":"wp","href":"https:\/\/api.w.org\/{rel}","templated":true}]}}