{"id":647,"date":"2021-06-01T15:56:42","date_gmt":"2021-06-01T12:56:42","guid":{"rendered":"http:\/\/cinkosan.com\/?page_id=647"},"modified":"2021-10-06T18:12:14","modified_gmt":"2021-10-06T15:12:14","slug":"cinko-fosfat-kaplama","status":"publish","type":"page","link":"http:\/\/cinkosan.com\/tr\/cinko-fosfat-kaplama\/","title":{"rendered":"\u00c7inko Fosfat Kaplama"},"content":{"rendered":"<div class=\"wtbx_vc_row wtbx_vc_row-61529810 wtbx_stretch_row wtbx_anim_style_1\" data-skin=\"light\"><div class=\"wtbx_vc_el_container wtbx_vc_row_container\"><div class=\"wtbx_vc_el_inner wtbx_vc_row_inner\"><div class=\"wtbx_row_wrapper\"><div class=\"wtbx_row_content clearfix\"><div class=\"wtbx_row_content_wrapper\"><div class=\"wtbx_row_content_inner clearfix\"><div class=\"wtbx_vc_column vc_col-sm-12 wtbx_with_image wtbx_vc_column-61531626\"><div class=\"wtbx_vc_el_container wtbx_vc_column_container\"><div class=\"wtbx_vc_el_inner wtbx_vc_column_inner\"><div class=\"wtbx_column_wrapper clearfix\"><div class=\"wtbx_column_content\"><div class=\"wtbx_vc_image_element wtbx_vc_image_element-61532407 wtbx_img_align_center wtbx_preloader_cont\"><div class=\"wtbx_image_wrapper wtbx_with_image\">\n<div class=\"wtbx-preloader-wrapper wtbx-preloader-el\">\n\t<div class=\"wtbx-preloader-container\">\n\n\t\t\n\t\t\t<div class=\"wtbx-preloader wtbx-preloader-1\"><\/div>\n\n\t\t\t<\/div>\n<\/div><div class=\"wtbx_vc_el_container wtbx_vc_image_element_container\"><div class=\"wtbx_vc_el_inner wtbx_vc_image_element_inner\"><div class=\"wtbx_image_inner wtbx-element-reveal wtbx-reveal-cont\"><div class=\"wtbx_image_overlap wtbx_image_noaction\"><\/div><div class=\"wtbx-image-crop\" style=\"padding-bottom: 50.04%\"><img decoding=\"async\" class=\"wtbx-image wtbx-lazy lazyload\" data-bg=\"false\" data-imgratio=\"1201:601\" data-aspectratio=\"1.9983\" src=\"data:image\/gif;base64,R0lGODlhAQABAAAAACH5BAEKAAEALAAAAAABAAEAAAICTAEAOw==\" srcset=\"\" data-src=\"https:\/\/cinkosan.com\/wp-content\/uploads\/2021\/06\/cinko_fosfat_kaplama_1200x600px-450x225.png\" data-path=\"https:\/\/cinkosan.com\/wp-content\/uploads\/2021\/06\/cinko_fosfat_kaplama_1200x600px\" data-dims=\"[&quot;.png 1201w&quot;,&quot;450x225.png 450w&quot;,&quot;1170x585.png 1170w&quot;,&quot;750x375.png 750w&quot;]\" data-sizes=\"auto\" data-parent-fit=\"cover\" alt=\"cinko_fosfat_kaplama_1200x600px\" \/><\/div><\/div><\/div><\/div><\/div><\/div><\/div><\/div><\/div><\/div><\/div><\/div><\/div><\/div><\/div><\/div><\/div><\/div><div class=\"wtbx_vc_row wtbx_vc_row-61535860 wtbx_stretch_row wtbx_anim_style_1\" data-skin=\"light\"><div class=\"wtbx_vc_el_container wtbx_vc_row_container\"><div class=\"wtbx_vc_el_inner wtbx_vc_row_inner\"><div class=\"wtbx_row_wrapper\"><div class=\"wtbx_row_content clearfix\"><div class=\"wtbx_row_content_wrapper\"><div class=\"wtbx_row_content_inner clearfix\"><div class=\"wtbx_vc_column vc_col-sm-12 wtbx_with_image wtbx_vc_column-61537594\"><div class=\"wtbx_vc_el_container wtbx_vc_column_container\"><div class=\"wtbx_vc_el_inner wtbx_vc_column_inner\"><div class=\"wtbx_column_wrapper clearfix\"><div class=\"wtbx_column_content\"><div class=\"wtbx_vc_styled_heading wtbx_vc_styled_heading-61538264 wtbx_style_default wtbx_align_center wtbx_appearance_animation wtbx-anim-scale-up wtbx-duration-1000 wtbx_easing-natural\"><div class=\"wtbx_vc_el_container wtbx_vc_styled_heading_container clearfix\"><div class=\"wtbx_vc_el_inner wtbx_vc_styled_heading_inner\"><div class=\"wtbx_heading_el_title_wrapper h3\"><h3 class=\"wtbx_heading_el_title wtbx-text\">\u00c7inko Fosfat Kaplama<\/h3><\/div><\/div><\/div><\/div><\/div><\/div><\/div><\/div><\/div><\/div><\/div><\/div><\/div><\/div><\/div><\/div><div class=\"wtbx_vc_row wtbx_vc_row-61539557 wtbx_stretch_row wtbx_anim_style_1\" data-skin=\"light\"><div class=\"wtbx_vc_el_container wtbx_vc_row_container\"><div class=\"wtbx_vc_el_inner wtbx_vc_row_inner\"><div class=\"wtbx_row_wrapper\"><div class=\"wtbx_row_content clearfix\"><div class=\"wtbx_row_content_wrapper\"><div class=\"wtbx_row_content_inner clearfix\"><div class=\"wtbx_vc_column vc_col-sm-12 wtbx_with_image wtbx_vc_column-61540951\"><div class=\"wtbx_vc_el_container wtbx_vc_column_container\"><div class=\"wtbx_vc_el_inner wtbx_vc_column_inner\"><div class=\"wtbx_column_wrapper clearfix\"><div class=\"wtbx_column_content\"><div class=\"wtbx_vc_text_element wtbx_vc_text_element-61541479 wtbx_display_block\"><div class=\"wtbx_vc_el_container wtbx_vc_text_element_container\"><div class=\"wtbx_text_element_content\"><div class=\"wtbx_text_element_inner\"><p><span style=\"font-weight: 400;\">\u00c7inko fosfat kaplama, korozyona kar\u015f\u0131 olduk\u00e7a k\u0131sa s\u00fcreli bir koruma sa\u011flamas\u0131na kar\u015f\u0131n ya\u011flama veya boya i\u015flemleri i\u00e7in m\u00fckemmel bir altyap\u0131 sa\u011flayan kaplama \u00e7e\u015fididir. Demir, \u00e7elik ve galvaniz kapl\u0131 par\u00e7alar ve boya i\u00e7in elveri\u015fli y\u00fczey sa\u011flama amac\u0131yla uygulanan \u00e7inko fosfat kaplama, \u00fczerine uygulanan ya\u011flarla koruyucu \u00f6zellik kazan\u0131r. Boyan\u0131n fiziksel \u00f6zelliklerine olumlu katk\u0131da bulunur. Darbe direncini ve esnekli\u011fini artt\u0131r\u0131r. Otomotiv, elektronik, beyaz e\u015fya, makine imalat\u0131, boru, tel, \u00e7e\u015fitli el aletleri end\u00fcstrilerinde tercih edilir. Korozif \u015fartlar alt\u0131nda kullan\u0131lan par\u00e7alar i\u00e7in toz boya ve kataforez kaplama \u00f6ncesinde kullan\u0131lan en uygun kaplama \u015feklidir. \u0130\u00e7 ortamda kullan\u0131lan \u00fcr\u00fcnler i\u00e7in de korozyon direnci istenirse kullan\u0131labilir. Kaplama s\u00fcrecine ba\u011fl\u0131 olarak a\u00e7\u0131k gri veya koyu gri renkte olabilir. Bu kaplama t\u00fcr\u00fc ayr\u0131ca boya \u00f6ncesi uyguland\u0131\u011f\u0131nda boya kalitesini %90\u2019lara varan oradan artt\u0131rmaktad\u0131r. Bunun sebebi ise \u00e7inko fosfat kaplama sonras\u0131 malzemenin y\u00fczeyinde p\u00fct\u00fcrl\u00fc bir tabaka olu\u015fur. Boyama i\u015flemi s\u0131ras\u0131nda malzeme y\u00fczeyinin p\u00fct\u00fcrleri aras\u0131na boya dolmaya ba\u015flar ve daha iyi bir ya\u011f\u0131\u015fma sa\u011flan\u0131r. Boya kuruduktan sonra y\u00fczey hi\u00e7bir kesici aletle veya herhangi bir etki ile \u00e7izilmez. Tesisimizde g\u00fcnde 10 ton kapasite ile \u00c7inko Fosfat Kaplama uygulamalar\u0131 yap\u0131lmaktad\u0131r.<\/span><\/p>\n<\/div><\/div><\/div><\/div><\/div><\/div><\/div><\/div><\/div><\/div><\/div><\/div><\/div><\/div><\/div><\/div><div class=\"wtbx_vc_row wtbx_vc_row-61542649 wtbx_stretch_row wtbx_anim_style_1\" data-skin=\"light\"><div class=\"wtbx_vc_el_container wtbx_vc_row_container\"><div class=\"wtbx_vc_el_inner wtbx_vc_row_inner\"><div class=\"wtbx_row_wrapper\"><div class=\"wtbx_row_content clearfix\"><div class=\"wtbx_row_content_wrapper\"><div class=\"wtbx_row_content_inner clearfix\"><div class=\"wtbx_vc_column vc_col-sm-4 wtbx_with_image wtbx_vc_column-61543955\"><div class=\"wtbx_vc_el_container wtbx_vc_column_container\"><div class=\"wtbx_vc_el_inner wtbx_vc_column_inner\"><div class=\"wtbx_column_wrapper clearfix\"><div class=\"wtbx_column_content\"><\/div><\/div><\/div><\/div><\/div><div class=\"wtbx_vc_column vc_col-sm-4 wtbx_with_image wtbx_vc_column-61544451\"><div class=\"wtbx_vc_el_container wtbx_vc_column_container\"><div class=\"wtbx_vc_el_inner wtbx_vc_column_inner\"><div class=\"wtbx_column_wrapper clearfix\"><div class=\"wtbx_column_content\"><div class=\"wtbx_vc_image_element wtbx_vc_image_element-61545098 wtbx_img_align_center wtbx_preloader_cont\"><div class=\"wtbx_image_wrapper wtbx_with_image wtbx_appearance_animation wtbx-anim-bottom-to-top-small wtbx-duration-1000 wtbx_easing-natural\">\n<div class=\"wtbx-preloader-wrapper wtbx-preloader-el\">\n\t<div class=\"wtbx-preloader-container\">\n\n\t\t\n\t\t\t<div class=\"wtbx-preloader wtbx-preloader-1\"><\/div>\n\n\t\t\t<\/div>\n<\/div><div class=\"wtbx_vc_el_container wtbx_vc_image_element_container\"><div class=\"wtbx_vc_el_inner wtbx_vc_image_element_inner\"><div class=\"wtbx_image_inner wtbx-element-reveal wtbx-reveal-cont\"><div class=\"wtbx_image_overlap wtbx_image_noaction\"><\/div><div class=\"wtbx-image-crop\" style=\"padding-bottom: 66.74%\"><img decoding=\"async\" class=\"wtbx-image wtbx-lazy lazyload\" data-bg=\"false\" data-imgratio=\"902:602\" data-aspectratio=\"1.4983\" src=\"data:image\/gif;base64,R0lGODlhAQABAAAAACH5BAEKAAEALAAAAAABAAEAAAICTAEAOw==\" srcset=\"\" data-src=\"https:\/\/cinkosan.com\/wp-content\/uploads\/2021\/06\/Cinko-Fosfat-Kaplama-Tabakalari-450x300.png\" data-path=\"https:\/\/cinkosan.com\/wp-content\/uploads\/2021\/06\/Cinko-Fosfat-Kaplama-Tabakalari\" data-dims=\"[&quot;.png 902w&quot;,&quot;450x300.png 450w&quot;,&quot;750x501.png 750w&quot;]\" data-sizes=\"auto\" data-parent-fit=\"cover\" alt=\"\u00c7inko Fosfat Kaplama Tabakalar\u0131\" \/><\/div><\/div><\/div><\/div><\/div><\/div><\/div><\/div><\/div><\/div><\/div><div class=\"wtbx_vc_column vc_col-sm-4 wtbx_with_image wtbx_vc_column-61547266\"><div class=\"wtbx_vc_el_container wtbx_vc_column_container\"><div class=\"wtbx_vc_el_inner wtbx_vc_column_inner\"><div class=\"wtbx_column_wrapper clearfix\"><div class=\"wtbx_column_content\"><\/div><\/div><\/div><\/div><\/div><\/div><\/div><\/div><\/div><\/div><\/div><\/div><div class=\"wtbx_vc_row wtbx_vc_row-61548337 wtbx_stretch_row wtbx_anim_style_1\" data-skin=\"light\"><div class=\"wtbx_vc_el_container wtbx_vc_row_container\"><div class=\"wtbx_vc_el_inner wtbx_vc_row_inner\"><div class=\"wtbx_row_wrapper\"><div class=\"wtbx_row_content clearfix\"><div class=\"wtbx_row_content_wrapper\"><div class=\"wtbx_row_content_inner clearfix\"><div class=\"wtbx_vc_column vc_col-sm-4 wtbx_with_image wtbx_vc_column-61549619\"><div class=\"wtbx_vc_el_container wtbx_vc_column_container\"><div class=\"wtbx_vc_el_inner wtbx_vc_column_inner\"><div class=\"wtbx_column_wrapper clearfix\"><div class=\"wtbx_column_content\"><\/div><\/div><\/div><\/div><\/div><div class=\"wtbx_vc_column vc_col-sm-4 wtbx_with_image wtbx_vc_column-61550113\"><div class=\"wtbx_vc_el_container wtbx_vc_column_container\"><div class=\"wtbx_vc_el_inner wtbx_vc_column_inner\"><div class=\"wtbx_column_wrapper clearfix\"><div class=\"wtbx_column_content\"><\/div><\/div><\/div><\/div><\/div><div class=\"wtbx_vc_column vc_col-sm-4 wtbx_with_image wtbx_vc_column-61553243\"><div class=\"wtbx_vc_el_container wtbx_vc_column_container\"><div class=\"wtbx_vc_el_inner wtbx_vc_column_inner\"><div class=\"wtbx_column_wrapper clearfix\"><div class=\"wtbx_column_content\"><\/div><\/div><\/div><\/div><\/div><\/div><\/div><\/div><\/div><\/div><\/div><\/div><div class=\"wtbx_vc_row wtbx_vc_row-61554286 wtbx_stretch_row wtbx_anim_style_1\" data-skin=\"light\"><div class=\"wtbx_vc_el_container wtbx_vc_row_container\"><div class=\"wtbx_vc_el_inner wtbx_vc_row_inner\"><div class=\"wtbx_row_wrapper\"><div class=\"wtbx_row_content clearfix\"><div class=\"wtbx_row_content_wrapper\"><div class=\"wtbx_row_content_inner clearfix\"><div class=\"wtbx_vc_column vc_col-sm-12 wtbx_with_image wtbx_vc_column-61555667\"><div class=\"wtbx_vc_el_container wtbx_vc_column_container\"><div class=\"wtbx_vc_el_inner wtbx_vc_column_inner\"><div class=\"wtbx_column_wrapper clearfix\"><div class=\"wtbx_column_content\">\n\n<div class=\"wtbx_vc_empty_space wtbx_vc_empty_space-61556130\">\n\t\t<span class=\"wtbx_empty_space_inner\"><\/span>\n<\/div>\n<\/div><\/div><\/div><\/div><\/div><\/div><\/div><\/div><\/div><\/div><\/div><\/div>\n","protected":false},"excerpt":{"rendered":"\u00c7inko Fosfat Kaplama\u00c7inko fosfat kaplama, korozyona kar\u015f\u0131 olduk\u00e7a k\u0131sa s\u00fcreli bir koruma sa\u011flamas\u0131na kar\u015f\u0131n ya\u011flama veya boya i\u015flemleri i\u00e7in m\u00fckemmel bir altyap\u0131 sa\u011flayan kaplama \u00e7e\u015fididir. Demir, \u00e7elik ve galvaniz kapl\u0131 par\u00e7alar ve boya i\u00e7in elveri\u015fli y\u00fczey sa\u011flama amac\u0131yla uygulanan \u00e7inko fosfat kaplama, \u00fczerine uygulanan ya\u011flarla koruyucu \u00f6zellik kazan\u0131r. Boyan\u0131n fiziksel \u00f6zelliklerine olumlu katk\u0131da bulunur. Darbe direncini ve esnekli\u011fini artt\u0131r\u0131r. Otomotiv, elektronik, beyaz e\u015fya, makine imalat\u0131, boru, tel, \u00e7e\u015fitli el aletleri end\u00fcstrilerinde tercih edilir. Korozif \u015fartlar [...]","protected":false},"author":1,"featured_media":0,"parent":0,"menu_order":0,"comment_status":"closed","ping_status":"closed","template":"","meta":{"footnotes":""},"class_list":["post-647","page","type-page","status-publish","hentry"],"_links":{"self":[{"href":"http:\/\/cinkosan.com\/tr\/wp-json\/wp\/v2\/pages\/647","targetHints":{"allow":["GET"]}}],"collection":[{"href":"http:\/\/cinkosan.com\/tr\/wp-json\/wp\/v2\/pages"}],"about":[{"href":"http:\/\/cinkosan.com\/tr\/wp-json\/wp\/v2\/types\/page"}],"author":[{"embeddable":true,"href":"http:\/\/cinkosan.com\/tr\/wp-json\/wp\/v2\/users\/1"}],"replies":[{"embeddable":true,"href":"http:\/\/cinkosan.com\/tr\/wp-json\/wp\/v2\/comments?post=647"}],"version-history":[{"count":4,"href":"http:\/\/cinkosan.com\/tr\/wp-json\/wp\/v2\/pages\/647\/revisions"}],"predecessor-version":[{"id":763,"href":"http:\/\/cinkosan.com\/tr\/wp-json\/wp\/v2\/pages\/647\/revisions\/763"}],"wp:attachment":[{"href":"http:\/\/cinkosan.com\/tr\/wp-json\/wp\/v2\/media?parent=647"}],"curies":[{"name":"wp","href":"https:\/\/api.w.org\/{rel}","templated":true}]}}