{"id":661,"date":"2021-06-01T17:42:20","date_gmt":"2021-06-01T14:42:20","guid":{"rendered":"http:\/\/cinkosan.com\/?page_id=661"},"modified":"2021-10-06T18:16:56","modified_gmt":"2021-10-06T15:16:56","slug":"zintek","status":"publish","type":"page","link":"http:\/\/cinkosan.com\/tr\/zintek\/","title":{"rendered":"Zintek"},"content":{"rendered":"<div class=\"wtbx_vc_row wtbx_vc_row-213316727 wtbx_stretch_row wtbx_anim_style_1\" data-skin=\"light\"><div class=\"wtbx_vc_el_container wtbx_vc_row_container\"><div class=\"wtbx_vc_el_inner wtbx_vc_row_inner\"><div class=\"wtbx_row_wrapper\"><div class=\"wtbx_row_content clearfix\"><div class=\"wtbx_row_content_wrapper\"><div class=\"wtbx_row_content_inner clearfix\"><div class=\"wtbx_vc_column vc_col-sm-12 wtbx_with_image wtbx_vc_column-213318932\"><div class=\"wtbx_vc_el_container wtbx_vc_column_container\"><div class=\"wtbx_vc_el_inner wtbx_vc_column_inner\"><div class=\"wtbx_column_wrapper clearfix\"><div class=\"wtbx_column_content\"><div class=\"wtbx_vc_image_element wtbx_vc_image_element-213319804 wtbx_img_align_center wtbx_preloader_cont\"><div class=\"wtbx_image_wrapper wtbx_with_image\">\n<div class=\"wtbx-preloader-wrapper wtbx-preloader-el\">\n\t<div class=\"wtbx-preloader-container\">\n\n\t\t\n\t\t\t<div class=\"wtbx-preloader wtbx-preloader-1\"><\/div>\n\n\t\t\t<\/div>\n<\/div><div class=\"wtbx_vc_el_container wtbx_vc_image_element_container\"><div class=\"wtbx_vc_el_inner wtbx_vc_image_element_inner\"><div class=\"wtbx_image_inner wtbx-element-reveal wtbx-reveal-cont\"><div class=\"wtbx_image_overlap wtbx_image_noaction\"><\/div><div class=\"wtbx-image-crop\" style=\"padding-bottom: 50.04%\"><img decoding=\"async\" class=\"wtbx-image wtbx-lazy lazyload\" data-bg=\"false\" data-imgratio=\"1201:601\" data-aspectratio=\"1.9983\" src=\"data:image\/gif;base64,R0lGODlhAQABAAAAACH5BAEKAAEALAAAAAABAAEAAAICTAEAOw==\" srcset=\"\" data-src=\"https:\/\/cinkosan.com\/wp-content\/uploads\/2021\/06\/zintek_1200x600px-450x225.png\" data-path=\"https:\/\/cinkosan.com\/wp-content\/uploads\/2021\/06\/zintek_1200x600px\" data-dims=\"[&quot;.png 1201w&quot;,&quot;450x225.png 450w&quot;,&quot;1170x585.png 1170w&quot;,&quot;750x375.png 750w&quot;]\" data-sizes=\"auto\" data-parent-fit=\"cover\" alt=\"zintek_1200x600px\" \/><\/div><\/div><\/div><\/div><\/div><\/div><\/div><\/div><\/div><\/div><\/div><\/div><\/div><\/div><\/div><\/div><\/div><\/div><div class=\"wtbx_vc_row wtbx_vc_row-213323275 wtbx_stretch_row wtbx_anim_style_1\" data-skin=\"light\"><div class=\"wtbx_vc_el_container wtbx_vc_row_container\"><div class=\"wtbx_vc_el_inner wtbx_vc_row_inner\"><div class=\"wtbx_row_wrapper\"><div class=\"wtbx_row_content clearfix\"><div class=\"wtbx_row_content_wrapper\"><div class=\"wtbx_row_content_inner clearfix\"><div class=\"wtbx_vc_column vc_col-sm-12 wtbx_with_image wtbx_vc_column-213324645\"><div class=\"wtbx_vc_el_container wtbx_vc_column_container\"><div class=\"wtbx_vc_el_inner wtbx_vc_column_inner\"><div class=\"wtbx_column_wrapper clearfix\"><div class=\"wtbx_column_content\"><div class=\"wtbx_vc_styled_heading wtbx_vc_styled_heading-213325232 wtbx_style_default wtbx_align_center wtbx_appearance_animation wtbx-anim-scale-up wtbx-duration-1000 wtbx_easing-natural\"><div class=\"wtbx_vc_el_container wtbx_vc_styled_heading_container clearfix\"><div class=\"wtbx_vc_el_inner wtbx_vc_styled_heading_inner\"><div class=\"wtbx_heading_el_title_wrapper h3\"><h3 class=\"wtbx_heading_el_title wtbx-text\">Zintek<\/h3><\/div><\/div><\/div><\/div><\/div><\/div><\/div><\/div><\/div><\/div><\/div><\/div><\/div><\/div><\/div><\/div><div class=\"wtbx_vc_row wtbx_vc_row-213326296 wtbx_stretch_row wtbx_anim_style_1\" data-skin=\"light\"><div class=\"wtbx_vc_el_container wtbx_vc_row_container\"><div class=\"wtbx_vc_el_inner wtbx_vc_row_inner\"><div class=\"wtbx_row_wrapper\"><div class=\"wtbx_row_content clearfix\"><div class=\"wtbx_row_content_wrapper\"><div class=\"wtbx_row_content_inner clearfix\"><div class=\"wtbx_vc_column vc_col-sm-12 wtbx_with_image wtbx_vc_column-213327643\"><div class=\"wtbx_vc_el_container wtbx_vc_column_container\"><div class=\"wtbx_vc_el_inner wtbx_vc_column_inner\"><div class=\"wtbx_column_wrapper clearfix\"><div class=\"wtbx_column_content\"><div class=\"wtbx_vc_text_element wtbx_vc_text_element-213328114 wtbx_display_block\"><div class=\"wtbx_vc_el_container wtbx_vc_text_element_container\"><div class=\"wtbx_text_element_content\"><div class=\"wtbx_text_element_inner\"><p><span style=\"font-weight: 400;\">Zintek kaplamalar y\u00fcksek oranda \u00e7inko ve al\u00fcminyum i\u00e7eren lamelli mikro yap\u0131lara sahip ve ak\u0131ms\u0131z olarak metal y\u00fczey \u00fczerine kaplanan korozyona kars\u0327\u0131 katodik koruma sag\u0306layan tabakalard\u0131r. Katodik koruma sag\u0306layarak korozif ortamda kendini feda eder. Zintek kaplama Y\u00fcksek korozyon dayan\u0131m\u0131 sag\u0306lar.\u00dcst\u00fcne yap\u0131lan ak\u0131ms\u0131z kaplamalarla performanslar\u0131 art\u0131r\u0131labilmektedir. Sertles\u0327tirilmis\u0327 \u00e7eliklerde kullan\u0131ma \u00e7ok elveris\u0327lidirler. Elektro galvaniz 800 MPa dan y\u00fcksek \u00e7ekme dayan\u0131m\u0131na sahip \u00e7eliklerde hidrojen gevreklig\u0306i ve bunun sonucunda da gerilim korozyonu riski olus\u0327turmaktad\u0131r. Zintek kaplamalar ak\u0131ms\u0131z bir kaplama y\u00f6ntemine sahip oldug\u0306u ve \u00f6n is\u0327lemler esnas\u0131nda asit ile temas etmedig\u0306inden dolay\u0131 hidrojen gevreklig\u0306i riski bulunmamaktad\u0131r. Katodik koruma sag\u0306layan elektroliz ile \u00e7inko ve \u00e7inko alas\u0327\u0131m kaplamalar\u0131n hidrojen gevreklig\u0306i riskinden dolay\u0131 onlara alternatif olarak tercih edilmektedir. Hidrojen gevreklig\u0306i riski olmad\u0131g\u0306\u0131ndan dolay\u0131 hidrojen atomunun i\u00e7erisine \u00e7ok kolay girerek beklenmedik k\u0131r\u0131klar olus\u0327turdug\u0306u y\u00fcksek sertlig\u0306e sahip \u00e7eliklerde g\u00fcvenle kullan\u0131labilir. Elektroliz ile kaplama sonras\u0131 hidrojen gevreklig\u0306inin al\u0131nmas\u0131 i\u00e7in uygulanan \u0131s\u0131l is\u0327lem ad\u0131mlar\u0131na gerek yoktur. Ekstra \u0131s\u0131l is\u0327lem maliyeti bulunmaz. Y\u00fczeye farkl\u0131 s\u00fcrt\u00fcnme katsay\u0131lar\u0131 ve farkl\u0131 renkler kazand\u0131r\u0131labilir. At\u0131k su \u00fcretmez. RoHS, WEEE, EU gibi yeni \u00e7evre y\u00f6netmeliklerine uygun ve dog\u0306aya sayg\u0131l\u0131 proseslerdir. \u00c7inkosan, Zintek Kaplaman\u0131n T\u00fcrkiye temsilcisidir. Zintek 200 ve Zintek 300B kaplamalar\u0131yla g\u00fcnde\/50 Ton \u00fcretim ger\u00e7ekle\u015ftirmektedir.<\/span><\/p>\n<p>&nbsp;<\/p>\n<p><strong>ZI\u0307NTEK 200\u00a0<\/strong><\/p>\n<p><span style=\"font-weight: 400;\">Zintek 200 Almanya ATOTECH firmas\u0131n\u0131n \u00fcr\u00fcn\u00fc olup zinc flake kaplama kimyasal\u0131d\u0131r. Gri renge sahip base coattur. Firmam\u0131z b\u00fcnyesinde base coat olarak uygulanan Zintek 200 \u00fczerine uygulanan top coatlar ile istenen s\u00fcrt\u00fcnme katsay\u0131s\u0131 aral\u0131g\u0306\u0131 ve 1000 saatleri ge\u00e7en k\u0131rm\u0131z\u0131 pas dayan\u0131m\u0131 sag\u0306lanabilmektedir.\u00a0<\/span><\/p>\n<p>&nbsp;<\/p>\n<p><strong>ZI\u0307NTEK 300B\u00a0<\/strong><\/p>\n<p><span style=\"font-weight: 400;\">Zintek 300 B Almanya ATOTECH firmas\u0131n\u0131n \u00fcr\u00fcn\u00fc olup zinc flake kaplama kimyasal\u0131d\u0131r. Siyah renge sahip base coattur. Mevcut proseslerde uygulanmakta olan g\u00fcm\u00fcs\u0327 renk base coat \u00fczerine uygulanan siyah top coat ile siyah renk elde edilmektedir. Darbeler, s\u00fcrt\u00fcnmeler neticesinde altta olan g\u00fcm\u00fcs\u0327 renk \u2013base coat- g\u00f6z\u00fckmektedir. Bu sorunu ortadan kald\u0131rmak i\u00e7in gelis\u0327tirilmis\u0327 olan prosesimiz ile hem korozyon dayan\u0131m\u0131 hem de homojen siyah tabaklar elde edebilmekteyiz.\u00a0<\/span><\/p>\n<p>&nbsp;<\/p>\n<p><strong>I\u0307NORGANI\u0307K TOP COATS\u00a0<\/strong><\/p>\n<p><span style=\"font-weight: 400;\">Zintek Top: Mineral top coat. Cr ihtiva etmez. Su bazl\u0131d\u0131r. Reaktiftir. Korozyon dayan\u0131m\u0131n\u0131 ve mekanik \u00f6zellikleri art\u0131r\u0131r. Tabaka kal\u0131nl\u0131g\u0306\u0131 incedir( 0,5 \u2013 1\u03bcm). Ayr\u0131ca lubrikant i\u00e7erig\u0306i olan inorganik lak uygular\u0131m\u0131z ile istenen s\u00fcrt\u00fcnme katsay\u0131s\u0131 aral\u0131g\u0306\u0131n\u0131 elde edebilmekteyiz; Zintek Top LV \u2192 0,09 \u2013 0,15 Zintek Top LF \u2192 0,12 \u2013 0,18 v.b lak uygular\u0131m\u0131z bulunmaktad\u0131r.\u00a0<\/span><\/p>\n<p>&nbsp;<\/p>\n<p><strong>ORGANI\u0307K TOP COATS\u00a0<\/strong><\/p>\n<p><span style=\"font-weight: 400;\">Techseal Silwer WL : Organik g\u00fcm\u00fcs\u0327 renk top coat. Cr (VI) ihtiva etmez. Su bazl\u0131d\u0131r. Kimyasal dayan\u0131m\u0131 artt\u0131r\u0131r.\u00a0<\/span><\/p>\n<p><span style=\"font-weight: 400;\">Techseal Black SL: Organik siyah renk top coat. Cr (VI) ihtiva etmez. Solvent bazl\u0131d\u0131r. Kimyasal dayan\u0131m\u0131 artt\u0131r\u0131r.<\/span><\/p>\n<p><span style=\"font-weight: 400;\">T\u00fcm uygular\u0131m\u0131z\u0131 I\u0307spanya dan al\u0131nm\u0131s\u0327 olan ZT 16 PLANETARY SYSTEM makinesinde ger\u00e7ekles\u0327tirmekteyiz ve bu uygulama sayesinde sekt\u00f6rde hata olarak kabul edilen imbus ve tork i\u00e7i dolulug\u0306u, dis\u0327 aras\u0131 birikmesi gibi sorunlar\u0131n \u00f6n\u00fcne ge\u00e7ebilmekteyiz.\u00a0<\/span><\/p>\n<\/div><\/div><\/div><\/div><\/div><\/div><\/div><\/div><\/div><\/div><\/div><\/div><\/div><\/div><\/div><\/div><div class=\"wtbx_vc_row wtbx_vc_row-213329638 wtbx_stretch_row wtbx_anim_style_1\" data-skin=\"light\"><div class=\"wtbx_vc_el_container wtbx_vc_row_container\"><div class=\"wtbx_vc_el_inner wtbx_vc_row_inner\"><div class=\"wtbx_row_wrapper\"><div class=\"wtbx_row_content clearfix\"><div class=\"wtbx_row_content_wrapper\"><div class=\"wtbx_row_content_inner clearfix\"><div class=\"wtbx_vc_column vc_col-sm-2 wtbx_with_image wtbx_vc_column-213330906\"><div class=\"wtbx_vc_el_container wtbx_vc_column_container\"><div class=\"wtbx_vc_el_inner wtbx_vc_column_inner\"><div class=\"wtbx_column_wrapper clearfix\"><div class=\"wtbx_column_content\"><\/div><\/div><\/div><\/div><\/div><div class=\"wtbx_vc_column vc_col-sm-8 wtbx_with_image wtbx_vc_column-213331436\"><div class=\"wtbx_vc_el_container wtbx_vc_column_container\"><div class=\"wtbx_vc_el_inner wtbx_vc_column_inner\"><div class=\"wtbx_column_wrapper clearfix\"><div class=\"wtbx_column_content\"><div class=\"wtbx_vc_image_element wtbx_vc_image_element-213332059 wtbx_img_align_center wtbx_preloader_cont\"><div class=\"wtbx_image_wrapper wtbx_with_image wtbx_appearance_animation wtbx-anim-bottom-to-top-small wtbx-duration-1000 wtbx_easing-natural\">\n<div class=\"wtbx-preloader-wrapper wtbx-preloader-el\">\n\t<div class=\"wtbx-preloader-container\">\n\n\t\t\n\t\t\t<div class=\"wtbx-preloader wtbx-preloader-1\"><\/div>\n\n\t\t\t<\/div>\n<\/div><div class=\"wtbx_vc_el_container wtbx_vc_image_element_container\"><div class=\"wtbx_vc_el_inner wtbx_vc_image_element_inner\"><div class=\"wtbx_image_inner wtbx-element-reveal wtbx-reveal-cont\"><div class=\"wtbx_image_overlap wtbx_image_noaction\"><\/div><div class=\"wtbx-image-crop\" style=\"padding-bottom: 33.37%\"><img decoding=\"async\" class=\"wtbx-image wtbx-lazy lazyload\" data-bg=\"false\" data-imgratio=\"1801:601\" data-aspectratio=\"2.9967\" src=\"data:image\/gif;base64,R0lGODlhAQABAAAAACH5BAEKAAEALAAAAAABAAEAAAICTAEAOw==\" srcset=\"\" data-src=\"https:\/\/cinkosan.com\/wp-content\/uploads\/2021\/06\/Zintek-Tabakalari-450x150.png\" data-path=\"https:\/\/cinkosan.com\/wp-content\/uploads\/2021\/06\/Zintek-Tabakalari\" data-dims=\"[&quot;.png 1801w&quot;,&quot;450x150.png 450w&quot;,&quot;1170x390.png 1170w&quot;,&quot;750x250.png 750w&quot;,&quot;1536x513.png 1536w&quot;,&quot;1440x481.png 1440w&quot;]\" data-sizes=\"auto\" data-parent-fit=\"cover\" alt=\"Zintek Tabakalari\" \/><\/div><\/div><\/div><\/div><\/div><\/div><\/div><\/div><\/div><\/div><\/div><div class=\"wtbx_vc_column vc_col-sm-2 wtbx_with_image wtbx_vc_column-213335274\"><div class=\"wtbx_vc_el_container wtbx_vc_column_container\"><div class=\"wtbx_vc_el_inner wtbx_vc_column_inner\"><div class=\"wtbx_column_wrapper clearfix\"><div class=\"wtbx_column_content\"><\/div><\/div><\/div><\/div><\/div><\/div><\/div><\/div><\/div><\/div><\/div><\/div><div class=\"wtbx_vc_row wtbx_vc_row-213336337 wtbx_stretch_row wtbx_anim_style_1\" data-skin=\"light\"><div class=\"wtbx_vc_el_container wtbx_vc_row_container\"><div class=\"wtbx_vc_el_inner wtbx_vc_row_inner\"><div class=\"wtbx_row_wrapper\"><div class=\"wtbx_row_content clearfix\"><div class=\"wtbx_row_content_wrapper\"><div class=\"wtbx_row_content_inner clearfix\"><div class=\"wtbx_vc_column vc_col-sm-2 wtbx_with_image wtbx_vc_column-213337607\"><div class=\"wtbx_vc_el_container wtbx_vc_column_container\"><div class=\"wtbx_vc_el_inner wtbx_vc_column_inner\"><div class=\"wtbx_column_wrapper clearfix\"><div class=\"wtbx_column_content\"><\/div><\/div><\/div><\/div><\/div><div class=\"wtbx_vc_column vc_col-sm-8 wtbx_with_image wtbx_vc_column-213338090\"><div class=\"wtbx_vc_el_container wtbx_vc_column_container\"><div class=\"wtbx_vc_el_inner wtbx_vc_column_inner\"><div class=\"wtbx_column_wrapper clearfix\"><div class=\"wtbx_column_content\"><\/div><\/div><\/div><\/div><\/div><div class=\"wtbx_vc_column vc_col-sm-2 wtbx_with_image wtbx_vc_column-213340917\"><div class=\"wtbx_vc_el_container wtbx_vc_column_container\"><div class=\"wtbx_vc_el_inner wtbx_vc_column_inner\"><div class=\"wtbx_column_wrapper clearfix\"><div class=\"wtbx_column_content\"><\/div><\/div><\/div><\/div><\/div><\/div><\/div><\/div><\/div><\/div><\/div><\/div><div class=\"wtbx_vc_row wtbx_vc_row-213341912 wtbx_stretch_row wtbx_anim_style_1\" data-skin=\"light\"><div class=\"wtbx_vc_el_container wtbx_vc_row_container\"><div class=\"wtbx_vc_el_inner wtbx_vc_row_inner\"><div class=\"wtbx_row_wrapper\"><div class=\"wtbx_row_content clearfix\"><div class=\"wtbx_row_content_wrapper\"><div class=\"wtbx_row_content_inner clearfix\"><div class=\"wtbx_vc_column vc_col-sm-12 wtbx_with_image wtbx_vc_column-213343178\"><div class=\"wtbx_vc_el_container wtbx_vc_column_container\"><div class=\"wtbx_vc_el_inner wtbx_vc_column_inner\"><div class=\"wtbx_column_wrapper clearfix\"><div class=\"wtbx_column_content\">\n\n<div class=\"wtbx_vc_empty_space wtbx_vc_empty_space-213343611\">\n\t\t<span class=\"wtbx_empty_space_inner\"><\/span>\n<\/div>\n<\/div><\/div><\/div><\/div><\/div><\/div><\/div><\/div><\/div><\/div><\/div><\/div>\n","protected":false},"excerpt":{"rendered":"ZintekZintek kaplamalar y\u00fcksek oranda \u00e7inko ve al\u00fcminyum i\u00e7eren lamelli mikro yap\u0131lara sahip ve ak\u0131ms\u0131z olarak metal y\u00fczey \u00fczerine kaplanan korozyona kars\u0327\u0131 katodik koruma sag\u0306layan tabakalard\u0131r. Katodik koruma sag\u0306layarak korozif ortamda kendini feda eder. Zintek kaplama Y\u00fcksek korozyon dayan\u0131m\u0131 sag\u0306lar.\u00dcst\u00fcne yap\u0131lan ak\u0131ms\u0131z kaplamalarla performanslar\u0131 art\u0131r\u0131labilmektedir. Sertles\u0327tirilmis\u0327 \u00e7eliklerde kullan\u0131ma \u00e7ok elveris\u0327lidirler. Elektro galvaniz 800 MPa dan y\u00fcksek \u00e7ekme dayan\u0131m\u0131na sahip \u00e7eliklerde hidrojen gevreklig\u0306i ve bunun sonucunda da gerilim korozyonu riski olus\u0327turmaktad\u0131r. Zintek kaplamalar ak\u0131ms\u0131z bir kaplama y\u00f6ntemine [...]","protected":false},"author":1,"featured_media":0,"parent":0,"menu_order":0,"comment_status":"closed","ping_status":"closed","template":"","meta":{"footnotes":""},"class_list":["post-661","page","type-page","status-publish","hentry"],"_links":{"self":[{"href":"http:\/\/cinkosan.com\/tr\/wp-json\/wp\/v2\/pages\/661","targetHints":{"allow":["GET"]}}],"collection":[{"href":"http:\/\/cinkosan.com\/tr\/wp-json\/wp\/v2\/pages"}],"about":[{"href":"http:\/\/cinkosan.com\/tr\/wp-json\/wp\/v2\/types\/page"}],"author":[{"embeddable":true,"href":"http:\/\/cinkosan.com\/tr\/wp-json\/wp\/v2\/users\/1"}],"replies":[{"embeddable":true,"href":"http:\/\/cinkosan.com\/tr\/wp-json\/wp\/v2\/comments?post=661"}],"version-history":[{"count":4,"href":"http:\/\/cinkosan.com\/tr\/wp-json\/wp\/v2\/pages\/661\/revisions"}],"predecessor-version":[{"id":769,"href":"http:\/\/cinkosan.com\/tr\/wp-json\/wp\/v2\/pages\/661\/revisions\/769"}],"wp:attachment":[{"href":"http:\/\/cinkosan.com\/tr\/wp-json\/wp\/v2\/media?parent=661"}],"curies":[{"name":"wp","href":"https:\/\/api.w.org\/{rel}","templated":true}]}}