{"id":926,"date":"2025-08-06T19:08:15","date_gmt":"2025-08-06T16:08:15","guid":{"rendered":"https:\/\/cinkosan.com\/?page_id=926"},"modified":"2025-08-06T19:26:02","modified_gmt":"2025-08-06T16:26:02","slug":"cevre-politikamiz","status":"publish","type":"page","link":"http:\/\/cinkosan.com\/tr\/cevre-politikamiz\/","title":{"rendered":"\u00c7evre Politikam\u0131z"},"content":{"rendered":"<div class=\"wtbx_vc_row wtbx_vc_row-260539196 wtbx_stretch_row wtbx_anim_style_1\" data-skin=\"light\"><div class=\"wtbx_vc_el_container wtbx_vc_row_container\"><div class=\"wtbx_vc_el_inner wtbx_vc_row_inner\"><div class=\"wtbx_row_wrapper\"><div class=\"wtbx_row_content clearfix\"><div class=\"wtbx_row_content_wrapper\"><div class=\"wtbx_row_content_inner clearfix\"><div class=\"wtbx_vc_column vc_col-sm-12 wtbx_with_image wtbx_vc_column-260541175\"><div class=\"wtbx_vc_el_container wtbx_vc_column_container\"><div class=\"wtbx_vc_el_inner wtbx_vc_column_inner\"><div class=\"wtbx_column_wrapper clearfix\"><div class=\"wtbx_column_content\"><div class=\"wtbx_vc_styled_heading wtbx_vc_styled_heading-260541923 wtbx_style_default\"><div class=\"wtbx_vc_el_container wtbx_vc_styled_heading_container clearfix\"><div class=\"wtbx_vc_el_inner wtbx_vc_styled_heading_inner\"><div class=\"wtbx_heading_el_title_wrapper h1\"><h1 class=\"wtbx_heading_el_title wtbx-text\">\u00c7evre Politikam\u0131z<\/h1><\/div><\/div><\/div><\/div><div class=\"wtbx_vc_text_element wtbx_vc_text_element-260542367 wtbx_display_block\"><div class=\"wtbx_vc_el_container wtbx_vc_text_element_container\"><div class=\"wtbx_text_element_content\"><div class=\"wtbx_text_element_inner\"><p><span style=\"font-weight: 400;\">\u00c7inkosan, \u00e7evresel s\u00fcrd\u00fcr\u00fclebilirli\u011fi kurumsal stratejisinin temel ta\u015f\u0131 olarak kabul eder. Faaliyetlerimizin her a\u015famas\u0131nda, \u00e7evre \u00fczerindeki etkimizi en aza indirmek ve s\u00fcrd\u00fcr\u00fclebilir bir gelecek i\u00e7in faaliyetlerimizi do\u011fa ile uyumlu, s\u00fcrekli iyile\u015ftirme anlay\u0131\u015f\u0131yla y\u00fcr\u00fctmeyi taahh\u00fct ediyoruz.<\/span><\/p>\n<p><span style=\"font-weight: 400;\">Bu do\u011frultuda, \u00c7inkosan olarak \u00fcretimden tedarik zincirine, \u00e7al\u0131\u015fan e\u011fitimlerinden at\u0131k y\u00f6netimine kadar t\u00fcm s\u00fcre\u00e7lerimizi \u00e7evresel sorumluluk bilinciyle \u015fekillendiriyoruz. Kaynak kullan\u0131m\u0131nda verimlili\u011fi \u00f6nceliklendiren yakla\u015f\u0131m\u0131m\u0131z, \u00e7evresel riskleri en aza indiren teknolojik yat\u0131r\u0131mlar\u0131m\u0131z ve s\u00fcrekli iyile\u015ftirme odakl\u0131 y\u00f6netim sistemlerimizle do\u011fayla uyumlu bir \u00e7al\u0131\u015fma k\u00fclt\u00fcr\u00fc in\u015fa ediyoruz.<\/span><\/p>\n<p><span style=\"font-weight: 400;\">Ayn\u0131 zamanda, ulusal ve uluslararas\u0131 d\u00fczeyde belirlenen iklim de\u011fi\u015fikli\u011fi politikalar\u0131 ve taahh\u00fctleriyle uyum i\u00e7inde \u00e7al\u0131\u015fmay\u0131 \u00f6nceliklendiriyor; sera gaz\u0131 emisyonlar\u0131n\u0131n azalt\u0131lmas\u0131, karbon ayak izinin y\u00f6netimi ve iklimle ilgili risklerin azalt\u0131lmas\u0131na y\u00f6nelik stratejiler geli\u015ftiriyoruz. Bu sayede iklim krizinin etkilerini azaltmay\u0131 ama\u00e7larken, d\u00fc\u015f\u00fck karbonlu bir gelece\u011fin in\u015fas\u0131na katk\u0131da bulunuyoruz.<\/span><\/p>\n<p><span style=\"font-weight: 400;\">Sekt\u00f6rel geli\u015fmeleri yak\u0131ndan takip ederek \u00e7evre standartlar\u0131n\u0131 a\u015fan uygulamalar geli\u015ftiriyor, payda\u015flar\u0131m\u0131zla birlikte daha ya\u015fanabilir bir d\u00fcnya i\u00e7in \u00e7\u00f6z\u00fcmler \u00fcretiyoruz.<\/span><\/p>\n<\/div><\/div><\/div><\/div><\/div><\/div><\/div><\/div><\/div><\/div><\/div><\/div><\/div><\/div><\/div><\/div>\n","protected":false},"excerpt":{"rendered":"\u00c7evre Politikam\u0131z\u00c7inkosan, \u00e7evresel s\u00fcrd\u00fcr\u00fclebilirli\u011fi kurumsal stratejisinin temel ta\u015f\u0131 olarak kabul eder. Faaliyetlerimizin her a\u015famas\u0131nda, \u00e7evre \u00fczerindeki etkimizi en aza indirmek ve s\u00fcrd\u00fcr\u00fclebilir bir gelecek i\u00e7in faaliyetlerimizi do\u011fa ile uyumlu, s\u00fcrekli iyile\u015ftirme anlay\u0131\u015f\u0131yla y\u00fcr\u00fctmeyi taahh\u00fct ediyoruz. Bu do\u011frultuda, \u00c7inkosan olarak \u00fcretimden tedarik zincirine, \u00e7al\u0131\u015fan e\u011fitimlerinden at\u0131k y\u00f6netimine kadar t\u00fcm s\u00fcre\u00e7lerimizi \u00e7evresel sorumluluk bilinciyle \u015fekillendiriyoruz. Kaynak kullan\u0131m\u0131nda verimlili\u011fi \u00f6nceliklendiren yakla\u015f\u0131m\u0131m\u0131z, \u00e7evresel riskleri en aza indiren teknolojik yat\u0131r\u0131mlar\u0131m\u0131z ve s\u00fcrekli iyile\u015ftirme odakl\u0131 y\u00f6netim sistemlerimizle do\u011fayla uyumlu bir \u00e7al\u0131\u015fma [...]","protected":false},"author":1,"featured_media":931,"parent":0,"menu_order":0,"comment_status":"closed","ping_status":"closed","template":"","meta":{"footnotes":""},"class_list":["post-926","page","type-page","status-publish","has-post-thumbnail","hentry"],"_links":{"self":[{"href":"http:\/\/cinkosan.com\/tr\/wp-json\/wp\/v2\/pages\/926","targetHints":{"allow":["GET"]}}],"collection":[{"href":"http:\/\/cinkosan.com\/tr\/wp-json\/wp\/v2\/pages"}],"about":[{"href":"http:\/\/cinkosan.com\/tr\/wp-json\/wp\/v2\/types\/page"}],"author":[{"embeddable":true,"href":"http:\/\/cinkosan.com\/tr\/wp-json\/wp\/v2\/users\/1"}],"replies":[{"embeddable":true,"href":"http:\/\/cinkosan.com\/tr\/wp-json\/wp\/v2\/comments?post=926"}],"version-history":[{"count":5,"href":"http:\/\/cinkosan.com\/tr\/wp-json\/wp\/v2\/pages\/926\/revisions"}],"predecessor-version":[{"id":933,"href":"http:\/\/cinkosan.com\/tr\/wp-json\/wp\/v2\/pages\/926\/revisions\/933"}],"wp:featuredmedia":[{"embeddable":true,"href":"http:\/\/cinkosan.com\/tr\/wp-json\/wp\/v2\/media\/931"}],"wp:attachment":[{"href":"http:\/\/cinkosan.com\/tr\/wp-json\/wp\/v2\/media?parent=926"}],"curies":[{"name":"wp","href":"https:\/\/api.w.org\/{rel}","templated":true}]}}