{"id":606,"date":"2021-06-01T12:48:26","date_gmt":"2021-06-01T09:48:26","guid":{"rendered":"http:\/\/cinkosan.com\/?page_id=606"},"modified":"2025-10-19T01:59:16","modified_gmt":"2025-10-18T22:59:16","slug":"alkali-cinko-kaplama","status":"publish","type":"page","link":"https:\/\/cinkosan.com\/en\/hizmetlerimiz\/alkali-cinko-kaplama\/","title":{"rendered":"Alkaline Zinc Plating"},"content":{"rendered":"<div class=\"wtbx_vc_row wtbx_vc_row-206117495 wtbx_stretch_row wtbx_anim_style_1\" data-skin=\"light\"><div class=\"wtbx_vc_el_container wtbx_vc_row_container\"><div class=\"wtbx_vc_el_inner wtbx_vc_row_inner\"><div class=\"wtbx_row_wrapper\"><div class=\"wtbx_row_content clearfix\"><div class=\"wtbx_row_content_wrapper\"><div class=\"wtbx_row_content_inner clearfix\"><div class=\"wtbx_vc_column vc_col-sm-12 wtbx_with_image wtbx_vc_column-206119544\"><div class=\"wtbx_vc_el_container wtbx_vc_column_container\"><div class=\"wtbx_vc_el_inner wtbx_vc_column_inner\"><div class=\"wtbx_column_wrapper clearfix\"><div class=\"wtbx_column_content\"><div class=\"wtbx_vc_image_element wtbx_vc_image_element-206120375 wtbx_img_align_center wtbx_preloader_cont\"><div class=\"wtbx_image_wrapper wtbx_with_image\">\n<div class=\"wtbx-preloader-wrapper wtbx-preloader-el\">\n\t<div class=\"wtbx-preloader-container\">\n\n\t\t\n\t\t\t<div class=\"wtbx-preloader wtbx-preloader-1\"><\/div>\n\n\t\t\t<\/div>\n<\/div><div class=\"wtbx_vc_el_container wtbx_vc_image_element_container\"><div class=\"wtbx_vc_el_inner wtbx_vc_image_element_inner\"><div class=\"wtbx_image_inner wtbx-element-reveal wtbx-reveal-cont\"><div class=\"wtbx_image_overlap wtbx_image_noaction\"><\/div><div class=\"wtbx-image-crop\" style=\"padding-bottom: 50.08%\"><img decoding=\"async\" class=\"wtbx-image wtbx-lazy lazyload\" data-bg=\"false\" data-imgratio=\"1200:601\" data-aspectratio=\"1.9967\" src=\"data:image\/gif;base64,R0lGODlhAQABAAAAACH5BAEKAAEALAAAAAABAAEAAAICTAEAOw==\" srcset=\"\" data-src=\"https:\/\/cinkosan.com\/wp-content\/uploads\/2021\/06\/alkali_cinko_kaplama_1200x600px-450x225.png\" data-path=\"https:\/\/cinkosan.com\/wp-content\/uploads\/2021\/06\/alkali_cinko_kaplama_1200x600px\" data-dims=\"[&quot;.png 1200w&quot;,&quot;450x225.png 450w&quot;,&quot;1170x586.png 1170w&quot;,&quot;750x376.png 750w&quot;]\" data-sizes=\"auto\" data-parent-fit=\"cover\" alt=\"alkali_cinko_kaplama_1200x600px\" \/><\/div><\/div><\/div><\/div><\/div><\/div><\/div><\/div><\/div><\/div><\/div><\/div><\/div><\/div><\/div><\/div><\/div><\/div><div class=\"wtbx_vc_row wtbx_vc_row-206126655 wtbx_stretch_row wtbx_anim_style_1\" data-skin=\"light\"><div class=\"wtbx_vc_el_container wtbx_vc_row_container\"><div class=\"wtbx_vc_el_inner wtbx_vc_row_inner\"><div class=\"wtbx_row_wrapper\"><div class=\"wtbx_row_content clearfix\"><div class=\"wtbx_row_content_wrapper\"><div class=\"wtbx_row_content_inner clearfix\"><div class=\"wtbx_vc_column vc_col-sm-12 wtbx_with_image wtbx_vc_column-206128133\"><div class=\"wtbx_vc_el_container wtbx_vc_column_container\"><div class=\"wtbx_vc_el_inner wtbx_vc_column_inner\"><div class=\"wtbx_column_wrapper clearfix\"><div class=\"wtbx_column_content\"><div class=\"wtbx_vc_styled_heading wtbx_vc_styled_heading-206128755 wtbx_style_default wtbx_align_center wtbx_appearance_animation wtbx-anim-scale-up wtbx-duration-1000 wtbx_easing-natural\"><div class=\"wtbx_vc_el_container wtbx_vc_styled_heading_container clearfix\"><div class=\"wtbx_vc_el_inner wtbx_vc_styled_heading_inner\"><div class=\"wtbx_heading_el_title_wrapper h3\"><h3 class=\"wtbx_heading_el_title wtbx-text\">ALKALINE ZINC PLATING<\/h3><\/div><\/div><\/div><\/div><\/div><\/div><\/div><\/div><\/div><\/div><\/div><\/div><\/div><\/div><\/div><\/div><div class=\"wtbx_vc_row wtbx_vc_row-206129872 wtbx_stretch_row wtbx_anim_style_1\" data-skin=\"light\"><div class=\"wtbx_vc_el_container wtbx_vc_row_container\"><div class=\"wtbx_vc_el_inner wtbx_vc_row_inner\"><div class=\"wtbx_row_wrapper\"><div class=\"wtbx_row_content clearfix\"><div class=\"wtbx_row_content_wrapper\"><div class=\"wtbx_row_content_inner clearfix\"><div class=\"wtbx_vc_column vc_col-sm-12 wtbx_with_image wtbx_vc_column-206131177\"><div class=\"wtbx_vc_el_container wtbx_vc_column_container\"><div class=\"wtbx_vc_el_inner wtbx_vc_column_inner\"><div class=\"wtbx_column_wrapper clearfix\"><div class=\"wtbx_column_content\"><div class=\"wtbx_vc_text_element wtbx_vc_text_element-206131612 wtbx_display_block\"><div class=\"wtbx_vc_el_container wtbx_vc_text_element_container\"><div class=\"wtbx_text_element_content\"><div class=\"wtbx_text_element_inner\"><p>Demand for the Alkaline Zinc Plating is increasing constantly, due to its maximum corrosion resistance on the metal part surfaces used for industrial applications, bright zinc plating on the wide current and being more economical than other methods. Our facility responds to automotive and general fasteners industry demands with a capacity of Alkaline Zinc Rack Plating 40 tons per day and Alkaline Zinc Iron Barrel Plating 35 tons per day. These systems that serve to obtain environmentally friendly clean surfaces, do not contain cyanide and harmful materials for the water. 100% homogeneous coating is provided thanks to the coating thickness distribution formula. Problems such as packness and residue that may occur in parts with complex shapes and blistering are not seen here. Also, it perfectly coats fractures and pores if they exist on metal surfaces. For efficient and long-lasting reliable corrosion protection, we also offer various lacquer and passivation options that can be applied over the zinc coating. Every work we do is analyzed and recorded in our laboratories, constantly.<\/p>\n<\/div><\/div><\/div><\/div><\/div><\/div><\/div><\/div><\/div><\/div><\/div><\/div><\/div><\/div><\/div><\/div><div class=\"wtbx_vc_row wtbx_vc_row-206132761 wtbx_stretch_row wtbx_anim_style_1\" data-skin=\"light\"><div class=\"wtbx_vc_el_container wtbx_vc_row_container\"><div class=\"wtbx_vc_el_inner wtbx_vc_row_inner\"><div class=\"wtbx_row_wrapper\"><div class=\"wtbx_row_content clearfix\"><div class=\"wtbx_row_content_wrapper\"><div class=\"wtbx_row_content_inner clearfix\"><div class=\"wtbx_vc_column vc_col-sm-12 wtbx_with_image wtbx_vc_column-206134094 wtbx_appearance_animation wtbx-anim-top-to-bottom-small wtbx-duration-1000 wtbx_easing-natural\"><div class=\"wtbx_vc_el_container wtbx_vc_column_container\"><div class=\"wtbx_vc_el_inner wtbx_vc_column_inner\"><div class=\"wtbx_column_wrapper clearfix\"><div class=\"wtbx_column_content\"><div class=\"wtbx_vc_image_element wtbx_vc_image_element-206134715 wtbx_img_align_center wtbx_preloader_cont\"><div class=\"wtbx_image_wrapper wtbx_with_image\">\n<div class=\"wtbx-preloader-wrapper wtbx-preloader-el\">\n\t<div class=\"wtbx-preloader-container\">\n\n\t\t\n\t\t\t<div class=\"wtbx-preloader wtbx-preloader-1\"><\/div>\n\n\t\t\t<\/div>\n<\/div><div class=\"wtbx_vc_el_container wtbx_vc_image_element_container\"><div class=\"wtbx_vc_el_inner wtbx_vc_image_element_inner\"><div class=\"wtbx_image_inner wtbx-element-reveal wtbx-reveal-cont\"><div class=\"wtbx_image_overlap wtbx_image_noaction\"><\/div><div class=\"wtbx-image-crop\" style=\"padding-bottom: 50.04%\"><img decoding=\"async\" class=\"wtbx-image wtbx-lazy lazyload\" data-bg=\"false\" data-imgratio=\"1201:601\" data-aspectratio=\"1.9983\" src=\"data:image\/gif;base64,R0lGODlhAQABAAAAACH5BAEKAAEALAAAAAABAAEAAAICTAEAOw==\" srcset=\"\" data-src=\"https:\/\/cinkosan.com\/wp-content\/uploads\/2021\/06\/alkali_cinko_kaplama_1200x600px_2-450x225.png\" data-path=\"https:\/\/cinkosan.com\/wp-content\/uploads\/2021\/06\/alkali_cinko_kaplama_1200x600px_2\" data-dims=\"[&quot;.png 1201w&quot;,&quot;450x225.png 450w&quot;,&quot;1170x585.png 1170w&quot;,&quot;750x375.png 750w&quot;]\" data-sizes=\"auto\" data-parent-fit=\"cover\" alt=\"alkali_cinko_kaplama_1200x600px_2\" \/><\/div><\/div><\/div><\/div><\/div><\/div><\/div><\/div><\/div><\/div><\/div><\/div><\/div><\/div><\/div><\/div><\/div><\/div><div class=\"wtbx_vc_row wtbx_vc_row-206152037 wtbx_stretch_row wtbx_anim_style_1\" data-skin=\"light\"><div class=\"wtbx_vc_el_container wtbx_vc_row_container\"><div class=\"wtbx_vc_el_inner wtbx_vc_row_inner\"><div class=\"wtbx_row_wrapper\"><div class=\"wtbx_row_content clearfix\"><div class=\"wtbx_row_content_wrapper\"><div class=\"wtbx_row_content_inner clearfix\"><div class=\"wtbx_vc_column vc_col-sm-4 wtbx_with_image wtbx_vc_column-206153497\"><div class=\"wtbx_vc_el_container wtbx_vc_column_container\"><div class=\"wtbx_vc_el_inner wtbx_vc_column_inner\"><div class=\"wtbx_column_wrapper clearfix\"><div class=\"wtbx_column_content\"><\/div><\/div><\/div><\/div><\/div><div class=\"wtbx_vc_column vc_col-sm-4 wtbx_with_image wtbx_vc_column-206153990\"><div class=\"wtbx_vc_el_container wtbx_vc_column_container\"><div class=\"wtbx_vc_el_inner wtbx_vc_column_inner\"><div class=\"wtbx_column_wrapper clearfix\"><div class=\"wtbx_column_content\"><div class=\"wtbx_vc_image_element wtbx_vc_image_element-206154605 wtbx_img_align_center wtbx_preloader_cont\"><div class=\"wtbx_image_wrapper wtbx_with_image wtbx_appearance_animation wtbx-anim-bottom-to-top-small wtbx-duration-1000 wtbx_easing-natural\">\n<div class=\"wtbx-preloader-wrapper wtbx-preloader-el\">\n\t<div class=\"wtbx-preloader-container\">\n\n\t\t\n\t\t\t<div class=\"wtbx-preloader wtbx-preloader-1\"><\/div>\n\n\t\t\t<\/div>\n<\/div><div class=\"wtbx_vc_el_container wtbx_vc_image_element_container\"><div class=\"wtbx_vc_el_inner wtbx_vc_image_element_inner\"><div class=\"wtbx_image_inner wtbx-element-reveal wtbx-reveal-cont\"><div class=\"wtbx_image_overlap wtbx_image_noaction\"><\/div><div class=\"wtbx-image-crop\" style=\"padding-bottom: 66.7%\"><img decoding=\"async\" class=\"wtbx-image wtbx-lazy lazyload\" data-bg=\"false\" data-imgratio=\"901:601\" data-aspectratio=\"1.4992\" src=\"data:image\/gif;base64,R0lGODlhAQABAAAAACH5BAEKAAEALAAAAAABAAEAAAICTAEAOw==\" srcset=\"\" data-src=\"https:\/\/cinkosan.com\/wp-content\/uploads\/2021\/10\/Alkaline-Zinc-Plating-Layers-450x300.png\" data-path=\"https:\/\/cinkosan.com\/wp-content\/uploads\/2021\/10\/Alkaline-Zinc-Plating-Layers\" data-dims=\"[&quot;.png 901w&quot;,&quot;450x300.png 450w&quot;,&quot;750x500.png 750w&quot;,&quot;18x12.png 18w&quot;]\" data-sizes=\"auto\" data-parent-fit=\"cover\" alt=\"Alkaline Zinc Plating Layers\" \/><\/div><\/div><\/div><\/div><\/div><\/div><\/div><\/div><\/div><\/div><\/div><div class=\"wtbx_vc_column vc_col-sm-4 wtbx_with_image wtbx_vc_column-206158706\"><div class=\"wtbx_vc_el_container wtbx_vc_column_container\"><div class=\"wtbx_vc_el_inner wtbx_vc_column_inner\"><div class=\"wtbx_column_wrapper clearfix\"><div class=\"wtbx_column_content\"><\/div><\/div><\/div><\/div><\/div><\/div><\/div><\/div><\/div><\/div><\/div><\/div><div class=\"wtbx_vc_row wtbx_vc_row-206159786 wtbx_stretch_row wtbx_anim_style_1\" data-skin=\"light\"><div class=\"wtbx_vc_el_container wtbx_vc_row_container\"><div class=\"wtbx_vc_el_inner wtbx_vc_row_inner\"><div class=\"wtbx_row_wrapper\"><div class=\"wtbx_row_content clearfix\"><div class=\"wtbx_row_content_wrapper\"><div class=\"wtbx_row_content_inner clearfix\"><div class=\"wtbx_vc_column vc_col-sm-12 wtbx_with_image wtbx_vc_column-206161074\"><div class=\"wtbx_vc_el_container wtbx_vc_column_container\"><div class=\"wtbx_vc_el_inner wtbx_vc_column_inner\"><div class=\"wtbx_column_wrapper clearfix\"><div class=\"wtbx_column_content\">\n\n<div class=\"wtbx_vc_empty_space wtbx_vc_empty_space-206161526\">\n\t\t<span class=\"wtbx_empty_space_inner\"><\/span>\n<\/div>\n<\/div><\/div><\/div><\/div><\/div><\/div><\/div><\/div><\/div><\/div><\/div><\/div>","protected":false},"excerpt":{"rendered":"ALKAL\u0130 \u00c7\u0130NKO KAPLAMAEnd\u00fcstriyel uygulamalarda kullan\u0131lacak metal par\u00e7a y\u00fczeylerinde sa\u011flad\u0131\u011f\u0131 maksimum korozyon direnci, geni\u015f ak\u0131m yo\u011funlu\u011funda parlak \u00e7inko kaplama ve di\u011fer kaplama s\u00fcre\u00e7lerine g\u00f6re ekonomik olmas\u0131 sebebi ile Alkali \u00c7inko Kaplamaya olan talep s\u00fcrekli olarak artmaktad\u0131r. Tesisimiz otomotiv ve genel ba\u011flant\u0131 elemanlar\u0131 end\u00fcstrisinin bu talebine Alkali \u00c7inko Ask\u0131 Kaplama ile g\u00fcnde 40 ton, Alkali \u00c7inko Dolap Kaplama se\u00e7ene\u011fi ile ise g\u00fcnde 35 ton kapasite ile kar\u015f\u0131l\u0131k vermektedir. \u00c7evreci temiz y\u00fczeyler elde edilmesine yarayan bu sistemler suda [...]","protected":false},"author":1,"featured_media":0,"parent":14,"menu_order":0,"comment_status":"closed","ping_status":"closed","template":"","meta":{"footnotes":""},"class_list":["post-606","page","type-page","status-publish","hentry"],"_links":{"self":[{"href":"https:\/\/cinkosan.com\/en\/wp-json\/wp\/v2\/pages\/606","targetHints":{"allow":["GET"]}}],"collection":[{"href":"https:\/\/cinkosan.com\/en\/wp-json\/wp\/v2\/pages"}],"about":[{"href":"https:\/\/cinkosan.com\/en\/wp-json\/wp\/v2\/types\/page"}],"author":[{"embeddable":true,"href":"https:\/\/cinkosan.com\/en\/wp-json\/wp\/v2\/users\/1"}],"replies":[{"embeddable":true,"href":"https:\/\/cinkosan.com\/en\/wp-json\/wp\/v2\/comments?post=606"}],"version-history":[{"count":10,"href":"https:\/\/cinkosan.com\/en\/wp-json\/wp\/v2\/pages\/606\/revisions"}],"predecessor-version":[{"id":771,"href":"https:\/\/cinkosan.com\/en\/wp-json\/wp\/v2\/pages\/606\/revisions\/771"}],"up":[{"embeddable":true,"href":"https:\/\/cinkosan.com\/en\/wp-json\/wp\/v2\/pages\/14"}],"wp:attachment":[{"href":"https:\/\/cinkosan.com\/en\/wp-json\/wp\/v2\/media?parent=606"}],"curies":[{"name":"wp","href":"https:\/\/api.w.org\/{rel}","templated":true}]}}