{"id":654,"date":"2021-06-01T17:24:11","date_gmt":"2021-06-01T14:24:11","guid":{"rendered":"http:\/\/cinkosan.com\/?page_id=654"},"modified":"2025-10-19T02:00:07","modified_gmt":"2025-10-18T23:00:07","slug":"molykote","status":"publish","type":"page","link":"https:\/\/cinkosan.com\/en\/hizmetlerimiz\/molykote\/","title":{"rendered":"Molykote"},"content":{"rendered":"<div class=\"wtbx_vc_row wtbx_vc_row-27972899 wtbx_stretch_row wtbx_anim_style_1\" data-skin=\"light\"><div class=\"wtbx_vc_el_container wtbx_vc_row_container\"><div class=\"wtbx_vc_el_inner wtbx_vc_row_inner\"><div class=\"wtbx_row_wrapper\"><div class=\"wtbx_row_content clearfix\"><div class=\"wtbx_row_content_wrapper\"><div class=\"wtbx_row_content_inner clearfix\"><div class=\"wtbx_vc_column vc_col-sm-12 wtbx_with_image wtbx_vc_column-27974726\"><div class=\"wtbx_vc_el_container wtbx_vc_column_container\"><div class=\"wtbx_vc_el_inner wtbx_vc_column_inner\"><div class=\"wtbx_column_wrapper clearfix\"><div class=\"wtbx_column_content\"><div class=\"wtbx_vc_image_element wtbx_vc_image_element-27975515 wtbx_img_align_center wtbx_preloader_cont\"><div class=\"wtbx_image_wrapper wtbx_with_image\">\n<div class=\"wtbx-preloader-wrapper wtbx-preloader-el\">\n\t<div class=\"wtbx-preloader-container\">\n\n\t\t\n\t\t\t<div class=\"wtbx-preloader wtbx-preloader-1\"><\/div>\n\n\t\t\t<\/div>\n<\/div><div class=\"wtbx_vc_el_container wtbx_vc_image_element_container\"><div class=\"wtbx_vc_el_inner wtbx_vc_image_element_inner\"><div class=\"wtbx_image_inner wtbx-element-reveal wtbx-reveal-cont\"><div class=\"wtbx_image_overlap wtbx_image_noaction\"><\/div><div class=\"wtbx-image-crop\" style=\"padding-bottom: 50.08%\"><img decoding=\"async\" class=\"wtbx-image wtbx-lazy lazyload\" data-bg=\"false\" data-imgratio=\"1200:601\" data-aspectratio=\"1.9967\" src=\"data:image\/gif;base64,R0lGODlhAQABAAAAACH5BAEKAAEALAAAAAABAAEAAAICTAEAOw==\" srcset=\"\" data-src=\"https:\/\/cinkosan.com\/wp-content\/uploads\/2021\/06\/molykote_1200x600px-450x225.png\" data-path=\"https:\/\/cinkosan.com\/wp-content\/uploads\/2021\/06\/molykote_1200x600px\" data-dims=\"[&quot;.png 1200w&quot;,&quot;450x225.png 450w&quot;,&quot;1170x586.png 1170w&quot;,&quot;750x376.png 750w&quot;]\" data-sizes=\"auto\" data-parent-fit=\"cover\" alt=\"molykote_1200x600px\" \/><\/div><\/div><\/div><\/div><\/div><\/div><\/div><\/div><\/div><\/div><\/div><\/div><\/div><\/div><\/div><\/div><\/div><\/div><div class=\"wtbx_vc_row wtbx_vc_row-27978081 wtbx_stretch_row wtbx_anim_style_1\" data-skin=\"light\"><div class=\"wtbx_vc_el_container wtbx_vc_row_container\"><div class=\"wtbx_vc_el_inner wtbx_vc_row_inner\"><div class=\"wtbx_row_wrapper\"><div class=\"wtbx_row_content clearfix\"><div class=\"wtbx_row_content_wrapper\"><div class=\"wtbx_row_content_inner clearfix\"><div class=\"wtbx_vc_column vc_col-sm-12 wtbx_with_image wtbx_vc_column-27979380\"><div class=\"wtbx_vc_el_container wtbx_vc_column_container\"><div class=\"wtbx_vc_el_inner wtbx_vc_column_inner\"><div class=\"wtbx_column_wrapper clearfix\"><div class=\"wtbx_column_content\"><div class=\"wtbx_vc_styled_heading wtbx_vc_styled_heading-27979952 wtbx_style_default wtbx_align_center wtbx_appearance_animation wtbx-anim-scale-up wtbx-duration-1000 wtbx_easing-natural\"><div class=\"wtbx_vc_el_container wtbx_vc_styled_heading_container clearfix\"><div class=\"wtbx_vc_el_inner wtbx_vc_styled_heading_inner\"><div class=\"wtbx_heading_el_title_wrapper h3\"><h3 class=\"wtbx_heading_el_title wtbx-text\">Molykote<\/h3><\/div><\/div><\/div><\/div><\/div><\/div><\/div><\/div><\/div><\/div><\/div><\/div><\/div><\/div><\/div><\/div><div class=\"wtbx_vc_row wtbx_vc_row-27980984 wtbx_stretch_row wtbx_anim_style_1\" data-skin=\"light\"><div class=\"wtbx_vc_el_container wtbx_vc_row_container\"><div class=\"wtbx_vc_el_inner wtbx_vc_row_inner\"><div class=\"wtbx_row_wrapper\"><div class=\"wtbx_row_content clearfix\"><div class=\"wtbx_row_content_wrapper\"><div class=\"wtbx_row_content_inner clearfix\"><div class=\"wtbx_vc_column vc_col-sm-12 wtbx_with_image wtbx_vc_column-27982284\"><div class=\"wtbx_vc_el_container wtbx_vc_column_container\"><div class=\"wtbx_vc_el_inner wtbx_vc_column_inner\"><div class=\"wtbx_column_wrapper clearfix\"><div class=\"wtbx_column_content\"><div class=\"wtbx_vc_text_element wtbx_vc_text_element-27982744 wtbx_display_block\"><div class=\"wtbx_vc_el_container wtbx_vc_text_element_container\"><div class=\"wtbx_text_element_content\"><div class=\"wtbx_text_element_inner\"><p class=\" translation-block\">Molykote brand lubricants have been developed to eliminate lubricant problems in the automotive industry. Molykote provides more economic conditions on the production and longevity in the usage, dry and clean lubrication that is not affected by the dust, dirt and moisture, life time usage against aging, evaporation and oxidation, protection against rust on surfaces without surface treatment such as galvanization, non-metal and plastic, fireproof protection, controlled coating thickness compared to other lubricants. Plating provides entire surface smoothness and optimizes friction under extreme load and operating conditions for metal-metal, metal-plastic or plastic-plastic. Molykote chemicals consist of a mixture of resin and solvent, and there are solid oil particles dispersed in this mixture. These are MoS2 (molybdenum disulfide), graphite or PTFE fats. Each chemical is customized for the concentrations of these oils to serve the industry's various coating needs. \u00c7innkosan is the Turkey representative of Molykote Coating and serves with <b>Molykote\u00ae 3400A<\/b> and <b>Molykote\u00ae D-708<\/b> chemicals.<\/p>\n<p><span style=\"font-weight: 400;\">\u00a0<\/span><\/p>\n<p><b>Molykote\u00ae 3400A<\/b><\/p>\n<p>&nbsp;<\/p>\n<p class=\" translation-block\">Molykote 3400A Anti-Friction Coating is a solid and dry lubricant that is used as an anti-corrosion agent for automotive, construction and farming equipment appliances. It is also used as a lubricant for applications in polluted environments, at low speeds, subject to high loads and re-equipment. Molykote 3400A has perfect lubrication and corrosion protection, good solvent resistance,  high load carrying capacity, excellent adhesion to metal, low coefficient of friction, high resistance to oil and fuel features. This product is widely used in parts such as car lock mechanisms, lock parts and door hinges.<\/p>\n<p>&nbsp;<\/p>\n<p><b>Molykote\u00ae D-708<\/b><\/p>\n<p>&nbsp;<\/p>\n<p><span style=\"font-weight: 400;\">Molykote D-708 anti-friction is a dry and wet lubricant material that is used for protecting composites such as plastic\/metal and metal\/metal at the low and middle loads. This advanced material has perfect protection for corrosion and low coefficient of friction. Also, this product is suitable for automotive appliances such as seat belt parts, door lock mechanisms and door parts, disc brake springs, springs, hinges, bolts, pins and washers.<\/span><\/p>\n<\/div><\/div><\/div><\/div><\/div><\/div><\/div><\/div><\/div><\/div><\/div><\/div><\/div><\/div><\/div><\/div><div class=\"wtbx_vc_row wtbx_vc_row-27984083 wtbx_stretch_row wtbx_anim_style_1\" data-skin=\"light\"><div class=\"wtbx_vc_el_container wtbx_vc_row_container\"><div class=\"wtbx_vc_el_inner wtbx_vc_row_inner\"><div class=\"wtbx_row_wrapper\"><div class=\"wtbx_row_content clearfix\"><div class=\"wtbx_row_content_wrapper\"><div class=\"wtbx_row_content_inner clearfix\"><div class=\"wtbx_vc_column vc_col-sm-2 wtbx_with_image wtbx_vc_column-27985327\"><div class=\"wtbx_vc_el_container wtbx_vc_column_container\"><div class=\"wtbx_vc_el_inner wtbx_vc_column_inner\"><div class=\"wtbx_column_wrapper clearfix\"><div class=\"wtbx_column_content\"><\/div><\/div><\/div><\/div><\/div><div class=\"wtbx_vc_column vc_col-sm-8 wtbx_with_image wtbx_vc_column-27985826\"><div class=\"wtbx_vc_el_container wtbx_vc_column_container\"><div class=\"wtbx_vc_el_inner wtbx_vc_column_inner\"><div class=\"wtbx_column_wrapper clearfix\"><div class=\"wtbx_column_content\"><\/div><\/div><\/div><\/div><\/div><div class=\"wtbx_vc_column vc_col-sm-2 wtbx_with_image wtbx_vc_column-27988619\"><div class=\"wtbx_vc_el_container wtbx_vc_column_container\"><div class=\"wtbx_vc_el_inner wtbx_vc_column_inner\"><div class=\"wtbx_column_wrapper clearfix\"><div class=\"wtbx_column_content\"><\/div><\/div><\/div><\/div><\/div><\/div><\/div><\/div><\/div><\/div><\/div><\/div><div class=\"wtbx_vc_row wtbx_vc_row-27989597 wtbx_stretch_row wtbx_anim_style_1\" data-skin=\"light\"><div class=\"wtbx_vc_el_container wtbx_vc_row_container\"><div class=\"wtbx_vc_el_inner wtbx_vc_row_inner\"><div class=\"wtbx_row_wrapper\"><div class=\"wtbx_row_content clearfix\"><div class=\"wtbx_row_content_wrapper\"><div class=\"wtbx_row_content_inner clearfix\"><div class=\"wtbx_vc_column vc_col-sm-2 wtbx_with_image wtbx_vc_column-27990837\"><div class=\"wtbx_vc_el_container wtbx_vc_column_container\"><div class=\"wtbx_vc_el_inner wtbx_vc_column_inner\"><div class=\"wtbx_column_wrapper clearfix\"><div class=\"wtbx_column_content\"><\/div><\/div><\/div><\/div><\/div><div class=\"wtbx_vc_column vc_col-sm-8 wtbx_with_image wtbx_vc_column-27991294\"><div class=\"wtbx_vc_el_container wtbx_vc_column_container\"><div class=\"wtbx_vc_el_inner wtbx_vc_column_inner\"><div class=\"wtbx_column_wrapper clearfix\"><div class=\"wtbx_column_content\"><div class=\"wtbx_vc_image_element wtbx_vc_image_element-27991878 wtbx_img_align_center wtbx_preloader_cont\"><div class=\"wtbx_image_wrapper wtbx_with_image\">\n<div class=\"wtbx-preloader-wrapper wtbx-preloader-el\">\n\t<div class=\"wtbx-preloader-container\">\n\n\t\t\n\t\t\t<div class=\"wtbx-preloader wtbx-preloader-1\"><\/div>\n\n\t\t\t<\/div>\n<\/div><div class=\"wtbx_vc_el_container wtbx_vc_image_element_container\"><div class=\"wtbx_vc_el_inner wtbx_vc_image_element_inner\"><div class=\"wtbx_image_inner wtbx-element-reveal wtbx-reveal-cont\"><div class=\"wtbx_image_overlap wtbx_image_noaction\"><\/div><div class=\"wtbx-image-crop\" style=\"padding-bottom: 33.37%\"><img decoding=\"async\" class=\"wtbx-image wtbx-lazy lazyload\" data-bg=\"false\" data-imgratio=\"1801:601\" data-aspectratio=\"2.9967\" src=\"data:image\/gif;base64,R0lGODlhAQABAAAAACH5BAEKAAEALAAAAAABAAEAAAICTAEAOw==\" srcset=\"\" data-src=\"https:\/\/cinkosan.com\/wp-content\/uploads\/2021\/10\/Molykote-Layers-450x150.png\" data-path=\"https:\/\/cinkosan.com\/wp-content\/uploads\/2021\/10\/Molykote-Layers\" data-dims=\"[&quot;.png 1801w&quot;,&quot;450x150.png 450w&quot;,&quot;1170x390.png 1170w&quot;,&quot;750x250.png 750w&quot;,&quot;1536x513.png 1536w&quot;,&quot;18x6.png 18w&quot;,&quot;1440x481.png 1440w&quot;]\" data-sizes=\"auto\" data-parent-fit=\"cover\" alt=\"Molykote Layers\" \/><\/div><\/div><\/div><\/div><\/div><\/div><\/div><\/div><\/div><\/div><\/div><div class=\"wtbx_vc_column vc_col-sm-2 wtbx_with_image wtbx_vc_column-27993921\"><div class=\"wtbx_vc_el_container wtbx_vc_column_container\"><div class=\"wtbx_vc_el_inner wtbx_vc_column_inner\"><div class=\"wtbx_column_wrapper clearfix\"><div class=\"wtbx_column_content\"><\/div><\/div><\/div><\/div><\/div><\/div><\/div><\/div><\/div><\/div><\/div><\/div><div class=\"wtbx_vc_row wtbx_vc_row-27994939 wtbx_stretch_row wtbx_anim_style_1\" data-skin=\"light\"><div class=\"wtbx_vc_el_container wtbx_vc_row_container\"><div class=\"wtbx_vc_el_inner wtbx_vc_row_inner\"><div class=\"wtbx_row_wrapper\"><div class=\"wtbx_row_content clearfix\"><div class=\"wtbx_row_content_wrapper\"><div class=\"wtbx_row_content_inner clearfix\"><div class=\"wtbx_vc_column vc_col-sm-12 wtbx_with_image wtbx_vc_column-27996199\"><div class=\"wtbx_vc_el_container wtbx_vc_column_container\"><div class=\"wtbx_vc_el_inner wtbx_vc_column_inner\"><div class=\"wtbx_column_wrapper clearfix\"><div class=\"wtbx_column_content\">\n\n<div class=\"wtbx_vc_empty_space wtbx_vc_empty_space-27996634\">\n\t\t<span class=\"wtbx_empty_space_inner\"><\/span>\n<\/div>\n<\/div><\/div><\/div><\/div><\/div><\/div><\/div><\/div><\/div><\/div><\/div><\/div>","protected":false},"excerpt":{"rendered":"MolykoteMolykote marka ya\u011flay\u0131c\u0131 \u00fcr\u00fcnler otomotiv end\u00fcstrisindeki ya\u011flay\u0131c\u0131 problemlerini ortadan kald\u0131rmak i\u00e7in geli\u015ftirilmi\u015ftir. Di\u011fer ya\u011flay\u0131c\u0131 maddelere g\u00f6re uygulamada ekonomik ko\u015ful ve \u00fcr\u00fcn kullan\u0131m s\u00fcresinde uzun \u00f6m\u00fcrl\u00fcl\u00fck, toz, kir ve nemden etkilenmeyen, kuru ve temiz ya\u011flama, eskime, buharla\u015fma ve oksidasyona kar\u015f\u0131 \u00f6m\u00fcr boyu kullan\u0131m, galvaniz gibi y\u00fczey i\u015flemi olmayan y\u00fczeylerde pasa kar\u015f\u0131 koruma, metal ve plastik olmayan, yanmaz koruma, kontroll\u00fc kaplama kal\u0131nl\u0131\u011f\u0131 sa\u011flar. Kaplama t\u00fcm y\u00fczey p\u00fcr\u00fczl\u00fcl\u00fc\u011f\u00fcn\u00fc kapsar ve metal-metal, metal-plastik veya plastik-plastik i\u00e7in s\u00fcrt\u00fcnmeyi a\u015f\u0131r\u0131 y\u00fck [...]","protected":false},"author":1,"featured_media":0,"parent":14,"menu_order":0,"comment_status":"closed","ping_status":"closed","template":"","meta":{"footnotes":""},"class_list":["post-654","page","type-page","status-publish","hentry"],"_links":{"self":[{"href":"https:\/\/cinkosan.com\/en\/wp-json\/wp\/v2\/pages\/654","targetHints":{"allow":["GET"]}}],"collection":[{"href":"https:\/\/cinkosan.com\/en\/wp-json\/wp\/v2\/pages"}],"about":[{"href":"https:\/\/cinkosan.com\/en\/wp-json\/wp\/v2\/types\/page"}],"author":[{"embeddable":true,"href":"https:\/\/cinkosan.com\/en\/wp-json\/wp\/v2\/users\/1"}],"replies":[{"embeddable":true,"href":"https:\/\/cinkosan.com\/en\/wp-json\/wp\/v2\/comments?post=654"}],"version-history":[{"count":4,"href":"https:\/\/cinkosan.com\/en\/wp-json\/wp\/v2\/pages\/654\/revisions"}],"predecessor-version":[{"id":767,"href":"https:\/\/cinkosan.com\/en\/wp-json\/wp\/v2\/pages\/654\/revisions\/767"}],"up":[{"embeddable":true,"href":"https:\/\/cinkosan.com\/en\/wp-json\/wp\/v2\/pages\/14"}],"wp:attachment":[{"href":"https:\/\/cinkosan.com\/en\/wp-json\/wp\/v2\/media?parent=654"}],"curies":[{"name":"wp","href":"https:\/\/api.w.org\/{rel}","templated":true}]}}