{"id":661,"date":"2021-06-01T17:42:20","date_gmt":"2021-06-01T14:42:20","guid":{"rendered":"http:\/\/cinkosan.com\/?page_id=661"},"modified":"2021-10-06T18:16:56","modified_gmt":"2021-10-06T15:16:56","slug":"zintek","status":"publish","type":"page","link":"https:\/\/cinkosan.com\/en\/zintek\/","title":{"rendered":"Zintec"},"content":{"rendered":"<div class=\"wtbx_vc_row wtbx_vc_row-68908399 wtbx_stretch_row wtbx_anim_style_1\" data-skin=\"light\"><div class=\"wtbx_vc_el_container wtbx_vc_row_container\"><div class=\"wtbx_vc_el_inner wtbx_vc_row_inner\"><div class=\"wtbx_row_wrapper\"><div class=\"wtbx_row_content clearfix\"><div class=\"wtbx_row_content_wrapper\"><div class=\"wtbx_row_content_inner clearfix\"><div class=\"wtbx_vc_column vc_col-sm-12 wtbx_with_image wtbx_vc_column-68910185\"><div class=\"wtbx_vc_el_container wtbx_vc_column_container\"><div class=\"wtbx_vc_el_inner wtbx_vc_column_inner\"><div class=\"wtbx_column_wrapper clearfix\"><div class=\"wtbx_column_content\"><div class=\"wtbx_vc_image_element wtbx_vc_image_element-68910941 wtbx_img_align_center wtbx_preloader_cont\"><div class=\"wtbx_image_wrapper wtbx_with_image\">\n<div class=\"wtbx-preloader-wrapper wtbx-preloader-el\">\n\t<div class=\"wtbx-preloader-container\">\n\n\t\t\n\t\t\t<div class=\"wtbx-preloader wtbx-preloader-1\"><\/div>\n\n\t\t\t<\/div>\n<\/div><div class=\"wtbx_vc_el_container wtbx_vc_image_element_container\"><div class=\"wtbx_vc_el_inner wtbx_vc_image_element_inner\"><div class=\"wtbx_image_inner wtbx-element-reveal wtbx-reveal-cont\"><div class=\"wtbx_image_overlap wtbx_image_noaction\"><\/div><div class=\"wtbx-image-crop\" style=\"padding-bottom: 50.04%\"><img decoding=\"async\" class=\"wtbx-image wtbx-lazy lazyload\" data-bg=\"false\" data-imgratio=\"1201:601\" data-aspectratio=\"1.9983\" src=\"data:image\/gif;base64,R0lGODlhAQABAAAAACH5BAEKAAEALAAAAAABAAEAAAICTAEAOw==\" srcset=\"\" data-src=\"https:\/\/cinkosan.com\/wp-content\/uploads\/2021\/06\/zintek_1200x600px-450x225.png\" data-path=\"https:\/\/cinkosan.com\/wp-content\/uploads\/2021\/06\/zintek_1200x600px\" data-dims=\"[&quot;.png 1201w&quot;,&quot;450x225.png 450w&quot;,&quot;1170x585.png 1170w&quot;,&quot;750x375.png 750w&quot;]\" data-sizes=\"auto\" data-parent-fit=\"cover\" alt=\"zintek_1200x600px\" \/><\/div><\/div><\/div><\/div><\/div><\/div><\/div><\/div><\/div><\/div><\/div><\/div><\/div><\/div><\/div><\/div><\/div><\/div><div class=\"wtbx_vc_row wtbx_vc_row-68913389 wtbx_stretch_row wtbx_anim_style_1\" data-skin=\"light\"><div class=\"wtbx_vc_el_container wtbx_vc_row_container\"><div class=\"wtbx_vc_el_inner wtbx_vc_row_inner\"><div class=\"wtbx_row_wrapper\"><div class=\"wtbx_row_content clearfix\"><div class=\"wtbx_row_content_wrapper\"><div class=\"wtbx_row_content_inner clearfix\"><div class=\"wtbx_vc_column vc_col-sm-12 wtbx_with_image wtbx_vc_column-68914669\"><div class=\"wtbx_vc_el_container wtbx_vc_column_container\"><div class=\"wtbx_vc_el_inner wtbx_vc_column_inner\"><div class=\"wtbx_column_wrapper clearfix\"><div class=\"wtbx_column_content\"><div class=\"wtbx_vc_styled_heading wtbx_vc_styled_heading-68915214 wtbx_style_default wtbx_align_center wtbx_appearance_animation wtbx-anim-scale-up wtbx-duration-1000 wtbx_easing-natural\"><div class=\"wtbx_vc_el_container wtbx_vc_styled_heading_container clearfix\"><div class=\"wtbx_vc_el_inner wtbx_vc_styled_heading_inner\"><div class=\"wtbx_heading_el_title_wrapper h3\"><h3 class=\"wtbx_heading_el_title wtbx-text\">Zintec<\/h3><\/div><\/div><\/div><\/div><\/div><\/div><\/div><\/div><\/div><\/div><\/div><\/div><\/div><\/div><\/div><\/div><div class=\"wtbx_vc_row wtbx_vc_row-68916219 wtbx_stretch_row wtbx_anim_style_1\" data-skin=\"light\"><div class=\"wtbx_vc_el_container wtbx_vc_row_container\"><div class=\"wtbx_vc_el_inner wtbx_vc_row_inner\"><div class=\"wtbx_row_wrapper\"><div class=\"wtbx_row_content clearfix\"><div class=\"wtbx_row_content_wrapper\"><div class=\"wtbx_row_content_inner clearfix\"><div class=\"wtbx_vc_column vc_col-sm-12 wtbx_with_image wtbx_vc_column-68917505\"><div class=\"wtbx_vc_el_container wtbx_vc_column_container\"><div class=\"wtbx_vc_el_inner wtbx_vc_column_inner\"><div class=\"wtbx_column_wrapper clearfix\"><div class=\"wtbx_column_content\"><div class=\"wtbx_vc_text_element wtbx_vc_text_element-68917970 wtbx_display_block\"><div class=\"wtbx_vc_el_container wtbx_vc_text_element_container\"><div class=\"wtbx_text_element_content\"><div class=\"wtbx_text_element_inner\"><p><span style=\"font-weight: 400;\">Zintec platings are labels that have lamellar microstructure high in zinc and aluminum and provide cathodic protection against corrosion coated on the metal surfaces without current. It gives away itself in a corrosive environment by providing cathodic protection. Zintek plating ensures high corrosion resistance. Their performances can be increased with the plating without current coated on it. Suitable for use with the hardened steels. Electro-galvanized steels have tensile strength higher than 800 MPa pose a risk of hydrogen embrittlement, as a result, stress corrosion. Zintek platings have no risk of hydrogen embrittlement because of having a plating method without current and do not meet the acid during the pretreatment. It is preferred as an alternative of electrolysis plating providing cathodic protection and zinc alloy and zinc platings because of their hydrogen embrittlement. Thanks to the zero risk of hydrogen embrittlement, it can be used safely with hardened steels by entering the hydrogen atom easily. Heat treatment steps are not required to remove hydrogen embrittlement after electroplating. There is no extra heat treatment cost. It can be given different colors and coefficient of friction on the surface. Does not cause waste water. They are environmentally friendly and comply with the regulations such as RoHS, WEEE, EU. \u00c7inkosan is the Turkey representative of the Zintec Plating. It carries out 50 tones of daily production with Zintek 200 and Zintec 300B.<\/span><\/p>\n<p>&nbsp;<\/p>\n<p><strong>ZI\u0307NTEK 200\u00a0<\/strong><\/p>\n<p><span style=\"font-weight: 400;\">Zintec 200 is the product of ATOTECH Germany and is a zinc flake plating chemical. Zintec 200 is a base coat that is grey. With the top coats applied on Zintec 200 that is applied as a base coat on our company, desired friction coefficient range and red rust resistance exceeding 1000 hours can be supplied.\u00a0<\/span><\/p>\n<p>&nbsp;<\/p>\n<p><strong>ZI\u0307NTEK 300B\u00a0<\/strong><\/p>\n<p><span style=\"font-weight: 400;\">Zintec 300 B is a zinc flake plating chemical that is the product of ATOTECH Germany company. Zintec 300B is a base coat that is black. The black color gained as black top coat that is applied on the silver color base coat applied in the current appliances. Grey base coat can be seen as a result of impact and frictions. With our process developed to eliminate this problem, we can obtain both corrosion resistance and homogeneous black plates.\u00a0<\/span><\/p>\n<p>&nbsp;<\/p>\n<p><strong>INORGANIC TOP COATS\u00a0<\/strong><\/p>\n<p><span style=\"font-weight: 400;\">Zintec Top is a CR-free mineral top coat. It is water based and reactive and increases corrosion resistance and mechanical features. Has a thick layer ( 0,5 \u2013 1\u03bcm). Also, we can obtain the desired friction coefficient range with our inorganic lacquer applications with lubricant content; we have lacquer appliances such as Zintek Top LV \u2192 0,09 \u2013 0,15 Zintek Top LF \u2192 0,12 \u2013 0,18, etc.\u00a0<\/span><\/p>\n<p>&nbsp;<\/p>\n<p><strong>ORGANIC TOP COATS\u00a0<\/strong><\/p>\n<p><span style=\"font-weight: 400;\">Techseal Silver WL: Organic, CR(VI) free, silver color top coat. It is water based and increases chemical stamina.\u00a0<\/span><\/p>\n<p><span style=\"font-weight: 400;\">Techseal Black SL: Organic, CR(VI) free, black color top coat. It is solvent based and increases chemical stamina.<\/span><\/p>\n<p><span style=\"font-weight: 400;\">We carry out all our applications on the ZT 16 PLANETARY SYSTEM machine that is bought from Spain. Thanks to this application, we can prevent the problems such as imbus and torque filling, interdental accumulation that are considered as a fault in the sector.\u00a0<\/span><\/p>\n<\/div><\/div><\/div><\/div><\/div><\/div><\/div><\/div><\/div><\/div><\/div><\/div><\/div><\/div><\/div><\/div><div class=\"wtbx_vc_row wtbx_vc_row-68919423 wtbx_stretch_row wtbx_anim_style_1\" data-skin=\"light\"><div class=\"wtbx_vc_el_container wtbx_vc_row_container\"><div class=\"wtbx_vc_el_inner wtbx_vc_row_inner\"><div class=\"wtbx_row_wrapper\"><div class=\"wtbx_row_content clearfix\"><div class=\"wtbx_row_content_wrapper\"><div class=\"wtbx_row_content_inner clearfix\"><div class=\"wtbx_vc_column vc_col-sm-2 wtbx_with_image wtbx_vc_column-68920649\"><div class=\"wtbx_vc_el_container wtbx_vc_column_container\"><div class=\"wtbx_vc_el_inner wtbx_vc_column_inner\"><div class=\"wtbx_column_wrapper clearfix\"><div class=\"wtbx_column_content\"><\/div><\/div><\/div><\/div><\/div><div class=\"wtbx_vc_column vc_col-sm-8 wtbx_with_image wtbx_vc_column-68921123\"><div class=\"wtbx_vc_el_container wtbx_vc_column_container\"><div class=\"wtbx_vc_el_inner wtbx_vc_column_inner\"><div class=\"wtbx_column_wrapper clearfix\"><div class=\"wtbx_column_content\"><\/div><\/div><\/div><\/div><\/div><div class=\"wtbx_vc_column vc_col-sm-2 wtbx_with_image wtbx_vc_column-68923563\"><div class=\"wtbx_vc_el_container wtbx_vc_column_container\"><div class=\"wtbx_vc_el_inner wtbx_vc_column_inner\"><div class=\"wtbx_column_wrapper clearfix\"><div class=\"wtbx_column_content\"><\/div><\/div><\/div><\/div><\/div><\/div><\/div><\/div><\/div><\/div><\/div><\/div><div class=\"wtbx_vc_row wtbx_vc_row-68924498 wtbx_stretch_row wtbx_anim_style_1\" data-skin=\"light\"><div class=\"wtbx_vc_el_container wtbx_vc_row_container\"><div class=\"wtbx_vc_el_inner wtbx_vc_row_inner\"><div class=\"wtbx_row_wrapper\"><div class=\"wtbx_row_content clearfix\"><div class=\"wtbx_row_content_wrapper\"><div class=\"wtbx_row_content_inner clearfix\"><div class=\"wtbx_vc_column vc_col-sm-2 wtbx_with_image wtbx_vc_column-68925713\"><div class=\"wtbx_vc_el_container wtbx_vc_column_container\"><div class=\"wtbx_vc_el_inner wtbx_vc_column_inner\"><div class=\"wtbx_column_wrapper clearfix\"><div class=\"wtbx_column_content\"><\/div><\/div><\/div><\/div><\/div><div class=\"wtbx_vc_column vc_col-sm-8 wtbx_with_image wtbx_vc_column-68926196\"><div class=\"wtbx_vc_el_container wtbx_vc_column_container\"><div class=\"wtbx_vc_el_inner wtbx_vc_column_inner\"><div class=\"wtbx_column_wrapper clearfix\"><div class=\"wtbx_column_content\"><div class=\"wtbx_vc_image_element wtbx_vc_image_element-68926770 wtbx_img_align_center wtbx_preloader_cont\"><div class=\"wtbx_image_wrapper wtbx_with_image wtbx_appearance_animation wtbx-anim-bottom-to-top-small wtbx-duration-1000 wtbx_easing-natural\">\n<div class=\"wtbx-preloader-wrapper wtbx-preloader-el\">\n\t<div class=\"wtbx-preloader-container\">\n\n\t\t\n\t\t\t<div class=\"wtbx-preloader wtbx-preloader-1\"><\/div>\n\n\t\t\t<\/div>\n<\/div><div class=\"wtbx_vc_el_container wtbx_vc_image_element_container\"><div class=\"wtbx_vc_el_inner wtbx_vc_image_element_inner\"><div class=\"wtbx_image_inner wtbx-element-reveal wtbx-reveal-cont\"><div class=\"wtbx_image_overlap wtbx_image_noaction\"><\/div><div class=\"wtbx-image-crop\" style=\"padding-bottom: 33.37%\"><img decoding=\"async\" class=\"wtbx-image wtbx-lazy lazyload\" data-bg=\"false\" data-imgratio=\"1801:601\" data-aspectratio=\"2.9967\" src=\"data:image\/gif;base64,R0lGODlhAQABAAAAACH5BAEKAAEALAAAAAABAAEAAAICTAEAOw==\" srcset=\"\" data-src=\"https:\/\/cinkosan.com\/wp-content\/uploads\/2021\/10\/Zintec-Layers-450x150.png\" data-path=\"https:\/\/cinkosan.com\/wp-content\/uploads\/2021\/10\/Zintec-Layers\" data-dims=\"[&quot;.png 1801w&quot;,&quot;450x150.png 450w&quot;,&quot;1170x390.png 1170w&quot;,&quot;750x250.png 750w&quot;,&quot;1536x513.png 1536w&quot;,&quot;18x6.png 18w&quot;,&quot;1440x481.png 1440w&quot;]\" data-sizes=\"auto\" data-parent-fit=\"cover\" alt=\"Zintec Layers\" \/><\/div><\/div><\/div><\/div><\/div><\/div><\/div><\/div><\/div><\/div><\/div><div class=\"wtbx_vc_column vc_col-sm-2 wtbx_with_image wtbx_vc_column-68928617\"><div class=\"wtbx_vc_el_container wtbx_vc_column_container\"><div class=\"wtbx_vc_el_inner wtbx_vc_column_inner\"><div class=\"wtbx_column_wrapper clearfix\"><div class=\"wtbx_column_content\"><\/div><\/div><\/div><\/div><\/div><\/div><\/div><\/div><\/div><\/div><\/div><\/div><div class=\"wtbx_vc_row wtbx_vc_row-68929585 wtbx_stretch_row wtbx_anim_style_1\" data-skin=\"light\"><div class=\"wtbx_vc_el_container wtbx_vc_row_container\"><div class=\"wtbx_vc_el_inner wtbx_vc_row_inner\"><div class=\"wtbx_row_wrapper\"><div class=\"wtbx_row_content clearfix\"><div class=\"wtbx_row_content_wrapper\"><div class=\"wtbx_row_content_inner clearfix\"><div class=\"wtbx_vc_column vc_col-sm-12 wtbx_with_image wtbx_vc_column-68930793\"><div class=\"wtbx_vc_el_container wtbx_vc_column_container\"><div class=\"wtbx_vc_el_inner wtbx_vc_column_inner\"><div class=\"wtbx_column_wrapper clearfix\"><div class=\"wtbx_column_content\">\n\n<div class=\"wtbx_vc_empty_space wtbx_vc_empty_space-68931209\">\n\t\t<span class=\"wtbx_empty_space_inner\"><\/span>\n<\/div>\n<\/div><\/div><\/div><\/div><\/div><\/div><\/div><\/div><\/div><\/div><\/div><\/div>","protected":false},"excerpt":{"rendered":"ZintekZintek kaplamalar y\u00fcksek oranda \u00e7inko ve al\u00fcminyum i\u00e7eren lamelli mikro yap\u0131lara sahip ve ak\u0131ms\u0131z olarak metal y\u00fczey \u00fczerine kaplanan korozyona kars\u0327\u0131 katodik koruma sag\u0306layan tabakalard\u0131r. Katodik koruma sag\u0306layarak korozif ortamda kendini feda eder. Zintek kaplama Y\u00fcksek korozyon dayan\u0131m\u0131 sag\u0306lar.\u00dcst\u00fcne yap\u0131lan ak\u0131ms\u0131z kaplamalarla performanslar\u0131 art\u0131r\u0131labilmektedir. Sertles\u0327tirilmis\u0327 \u00e7eliklerde kullan\u0131ma \u00e7ok elveris\u0327lidirler. Elektro galvaniz 800 MPa dan y\u00fcksek \u00e7ekme dayan\u0131m\u0131na sahip \u00e7eliklerde hidrojen gevreklig\u0306i ve bunun sonucunda da gerilim korozyonu riski olus\u0327turmaktad\u0131r. Zintek kaplamalar ak\u0131ms\u0131z bir kaplama y\u00f6ntemine [...]","protected":false},"author":1,"featured_media":0,"parent":0,"menu_order":0,"comment_status":"closed","ping_status":"closed","template":"","meta":{"footnotes":""},"class_list":["post-661","page","type-page","status-publish","hentry"],"_links":{"self":[{"href":"https:\/\/cinkosan.com\/en\/wp-json\/wp\/v2\/pages\/661","targetHints":{"allow":["GET"]}}],"collection":[{"href":"https:\/\/cinkosan.com\/en\/wp-json\/wp\/v2\/pages"}],"about":[{"href":"https:\/\/cinkosan.com\/en\/wp-json\/wp\/v2\/types\/page"}],"author":[{"embeddable":true,"href":"https:\/\/cinkosan.com\/en\/wp-json\/wp\/v2\/users\/1"}],"replies":[{"embeddable":true,"href":"https:\/\/cinkosan.com\/en\/wp-json\/wp\/v2\/comments?post=661"}],"version-history":[{"count":4,"href":"https:\/\/cinkosan.com\/en\/wp-json\/wp\/v2\/pages\/661\/revisions"}],"predecessor-version":[{"id":769,"href":"https:\/\/cinkosan.com\/en\/wp-json\/wp\/v2\/pages\/661\/revisions\/769"}],"wp:attachment":[{"href":"https:\/\/cinkosan.com\/en\/wp-json\/wp\/v2\/media?parent=661"}],"curies":[{"name":"wp","href":"https:\/\/api.w.org\/{rel}","templated":true}]}}