{"id":948,"date":"2025-10-19T01:56:08","date_gmt":"2025-10-18T22:56:08","guid":{"rendered":"https:\/\/cinkosan.com\/?page_id=948"},"modified":"2025-10-19T02:25:44","modified_gmt":"2025-10-18T23:25:44","slug":"kalite-politikamiz","status":"publish","type":"page","link":"https:\/\/cinkosan.com\/en\/kalite-politikamiz\/","title":{"rendered":"Quality Policy"},"content":{"rendered":"<div class=\"wtbx_vc_row wtbx_vc_row-264407328 wtbx_stretch_row wtbx_anim_style_1\" data-skin=\"light\"><div class=\"wtbx_vc_el_container wtbx_vc_row_container\"><div class=\"wtbx_vc_el_inner wtbx_vc_row_inner\"><div class=\"wtbx_row_wrapper\"><div class=\"wtbx_row_content clearfix\"><div class=\"wtbx_row_content_wrapper\"><div class=\"wtbx_row_content_inner clearfix\"><div class=\"wtbx_vc_column vc_col-sm-12 wtbx_with_image wtbx_vc_column-264409325\"><div class=\"wtbx_vc_el_container wtbx_vc_column_container\"><div class=\"wtbx_vc_el_inner wtbx_vc_column_inner\"><div class=\"wtbx_column_wrapper clearfix\"><div class=\"wtbx_column_content\"><div class=\"wtbx_vc_styled_heading wtbx_vc_styled_heading-264410058 wtbx_style_default\"><div class=\"wtbx_vc_el_container wtbx_vc_styled_heading_container clearfix\"><div class=\"wtbx_vc_el_inner wtbx_vc_styled_heading_inner\"><div class=\"wtbx_heading_el_title_wrapper h1\"><h1 class=\"wtbx_heading_el_title wtbx-text\">Quality Policy<\/h1><\/div><\/div><\/div><\/div><div class=\"wtbx_vc_text_element wtbx_vc_text_element-264410515 wtbx_display_block\"><div class=\"wtbx_vc_el_container wtbx_vc_text_element_container\"><div class=\"wtbx_text_element_content\"><div class=\"wtbx_text_element_inner\"><ul>\n<li style=\"font-weight: 400;\" aria-level=\"1\">To be among the PREFERRED SUPPLIERS in Turkey by continuously improving the quality of surface treatment.<\/li>\n<li style=\"font-weight: 400;\" aria-level=\"1\">To maintain EXTERNAL CUSTOMER SATISFACTION in product quality, delivery performance, and all our business relationships.<\/li>\n<li style=\"font-weight: 400;\" aria-level=\"1\">To INCREASE EMPLOYEE SATISFACTION (INTERNAL CUSTOMER) by encouraging our employees toward efficiency through a participatory lean management approach supported by knowledge and skills, and by sharing the added value created.<\/li>\n<li style=\"font-weight: 400;\" aria-level=\"1\">To give importance to TRAINING and MOTIVATION.<\/li>\n<li style=\"font-weight: 400;\" aria-level=\"1\">To support CONTINUOUS IMPROVEMENT activities and projects in all our processes and operations carried out with a superior service approach, open to technological innovations within the scope of our suppliers, customers, and our company.<\/li>\n<li style=\"font-weight: 400;\" aria-level=\"1\">To procure and use raw materials and materials in compliance with the principle of RESPECT FOR THE ENVIRONMENT in our production and services.<\/li>\n<li style=\"font-weight: 400;\" aria-level=\"1\">To adopt and maintain the concept of TOTAL QUALITY in all areas by establishing team spirit with all our stakeholders in creating and delivering quality excellence in our customer-oriented production.<\/li>\n<li>CODE OF BUSINESS ETHICS defines the fundamental behavioral principles that all employees, including top management, must comply with. Top management is responsible for ensuring the implementation of the code of ethics, maintaining the continuity of this policy, and providing the necessary resources for these efforts.<\/li>\n<\/ul>\n<\/div><\/div><\/div><\/div><\/div><\/div><\/div><\/div><\/div><\/div><\/div><\/div><\/div><\/div><\/div><\/div>","protected":false},"excerpt":{"rendered":"Kalite Politikam\u0131z Y\u00fczey i\u015flem\u00a0 kalitesini s\u00fcrekli geli\u015ftirerek, konusunda, T\u00fcrkiye'nin \u00f6nde gelen firmalar\u0131 taraf\u0131ndan TERC\u0130H ED\u0130LEN TEDAR\u0130K\u00c7\u0130LER aras\u0131nda yer almak. \u00dcr\u00fcn kalitesinde, sevkiyat performans\u0131nda ve t\u00fcm ili\u015fkilerimizde DI\u015e M\u00dc\u015eTER\u0130 MEMNUN\u0130YET\u0130N\u0130 muhafaza etmek. Bilgi ve beceri destekli, kat\u0131l\u0131mc\u0131 yal\u0131n y\u00f6netim ilkesi ile \u00e7al\u0131\u015fanlar\u0131m\u0131z\u0131 verimlili\u011fe te\u015fvik ederek, katma de\u011ferin payla\u015f\u0131m\u0131 ile \u00c7ALI\u015eAN PERSONEL (\u0130\u00c7 M\u00dc\u015eTER\u0130) MEMNUN\u0130YET\u0130N\u0130 ARTTIRMAK. E\u011e\u0130T\u0130M ve MOT\u0130VASYONA \u00f6nem vermek. Tedarik\u00e7i, m\u00fc\u015fteri firma ve firmam\u0131z kapsam\u0131nda \u00fcst\u00fcn hizmet anlay\u0131\u015f\u0131yla teknolojik yeniliklere a\u00e7\u0131k olarak y\u00fcr\u00fctt\u00fc\u011f\u00fcm\u00fcz t\u00fcm s\u00fcre\u00e7 [...]","protected":false},"author":1,"featured_media":949,"parent":0,"menu_order":0,"comment_status":"closed","ping_status":"closed","template":"","meta":{"footnotes":""},"class_list":["post-948","page","type-page","status-publish","has-post-thumbnail","hentry"],"_links":{"self":[{"href":"https:\/\/cinkosan.com\/en\/wp-json\/wp\/v2\/pages\/948","targetHints":{"allow":["GET"]}}],"collection":[{"href":"https:\/\/cinkosan.com\/en\/wp-json\/wp\/v2\/pages"}],"about":[{"href":"https:\/\/cinkosan.com\/en\/wp-json\/wp\/v2\/types\/page"}],"author":[{"embeddable":true,"href":"https:\/\/cinkosan.com\/en\/wp-json\/wp\/v2\/users\/1"}],"replies":[{"embeddable":true,"href":"https:\/\/cinkosan.com\/en\/wp-json\/wp\/v2\/comments?post=948"}],"version-history":[{"count":6,"href":"https:\/\/cinkosan.com\/en\/wp-json\/wp\/v2\/pages\/948\/revisions"}],"predecessor-version":[{"id":960,"href":"https:\/\/cinkosan.com\/en\/wp-json\/wp\/v2\/pages\/948\/revisions\/960"}],"wp:featuredmedia":[{"embeddable":true,"href":"https:\/\/cinkosan.com\/en\/wp-json\/wp\/v2\/media\/949"}],"wp:attachment":[{"href":"https:\/\/cinkosan.com\/en\/wp-json\/wp\/v2\/media?parent=948"}],"curies":[{"name":"wp","href":"https:\/\/api.w.org\/{rel}","templated":true}]}}