{"id":14,"date":"2021-05-31T11:45:52","date_gmt":"2021-05-31T08:45:52","guid":{"rendered":"http:\/\/cinkosan.com\/?page_id=14"},"modified":"2025-02-27T10:49:02","modified_gmt":"2025-02-27T07:49:02","slug":"hizmetlerimiz","status":"publish","type":"page","link":"https:\/\/cinkosan.com\/tr\/hizmetlerimiz\/","title":{"rendered":"Hizmetlerimiz"},"content":{"rendered":"<div class=\"wtbx_vc_row wtbx_vc_row-249843370 wtbx_stretch_row wtbx_anim_style_1 wtbx_row_fixed_height_screen wtbx_row-flex-align-stretch wtbx_row-content-align-middle wtbx_row-flex\" data-skin=\"light\"><div class=\"wtbx_vc_el_container wtbx_vc_row_container\"><div class=\"wtbx_vc_el_inner wtbx_vc_row_inner\"><div class=\"wtbx_row_wrapper\"><div class=\"wtbx_row_bg\"><div class=\"wtbx_row_bg_inner wtbx-element-reveal wtbx-reveal-cont\"><div class=\"wtbx_row_bg_media_wrapper wtbx-entry-media\"><div class=\"wtbx_row_bg_media\"><div class=\"wtbx-bg-image\"><div class=\"wtbx-bg-image-inner\"><div  class=\"wtbx_row_bg_image wtbx-image lazyload wtbx-lazy\" data-bg=\"true\" data-sizes=\"auto\" data-path=\"https:\/\/cinkosan.com\/wp-content\/uploads\/2021\/06\/Kurumsal_1-1\" data-dims=\"[&quot;.png 1600w 901h&quot;,&quot;450x253.png 450w 253h&quot;,&quot;1170x659.png 1170w 659h&quot;,&quot;750x422.png 750w 422h&quot;,&quot;1536x865.png 1536w 865h&quot;,&quot;1440x811.png 1440w 811h&quot;]\" data-ratio=\"56.31\" aria-label=\"Kurumsal_1\"><\/div><\/div><\/div><\/div><\/div><div class=\"wtbx_row_bg_overlay\"><\/div><\/div><\/div><div class=\"wtbx_row_content clearfix\"><div class=\"wtbx_row_content_wrapper\"><div class=\"wtbx_row_content_inner clearfix\"><div class=\"wtbx_vc_column vc_col-sm-12 wtbx_with_image wtbx_vc_column-249846119\"><div class=\"wtbx_vc_el_container wtbx_vc_column_container\"><div class=\"wtbx_vc_el_inner wtbx_vc_column_inner\"><div class=\"wtbx_column_wrapper clearfix\"><div class=\"wtbx_column_content\"><div class=\"wtbx_vc_styled_heading wtbx_vc_styled_heading-249846775 wtbx_style_default\"><div class=\"wtbx_vc_el_container wtbx_vc_styled_heading_container clearfix\"><div class=\"wtbx_vc_el_inner wtbx_vc_styled_heading_inner\"><div class=\"wtbx_heading_el_title_wrapper h1\"><h1 class=\"wtbx_heading_el_title wtbx-text\">SERV\u0130SLER\u0130M\u0130Z<\/h1><\/div><\/div><\/div><\/div><div class=\"wtbx_vc_text_element wtbx_vc_text_element-249847188 wtbx_display_block\"><div class=\"wtbx_vc_el_container wtbx_vc_text_element_container\"><div class=\"wtbx_text_element_content\"><div class=\"wtbx_text_element_inner\"><p>\u00c7inkosan olarak sekt\u00f6rde m\u00fc\u015fterilerimize,<\/p>\n<p>geni\u015f hizmet \u00e7e\u015fidi yelpazemizle<\/p>\n<p>en kaliteli ve g\u00fcvenilir hizmeti sunmaktay\u0131z.<\/p>\n<\/div><\/div><\/div><\/div><\/div><\/div><\/div><\/div><\/div><\/div><\/div><\/div><\/div><\/div><\/div><\/div><div class=\"wtbx_vc_row wtbx_vc_row-249848356 wtbx_stretch_row wtbx_anim_style_1\" data-skin=\"light\"><div class=\"wtbx_vc_el_container wtbx_vc_row_container\"><div class=\"wtbx_vc_el_inner wtbx_vc_row_inner\"><div class=\"wtbx_row_wrapper\"><div class=\"wtbx_row_content clearfix\"><div class=\"wtbx_row_content_wrapper\"><div class=\"wtbx_row_content_inner clearfix\"><div class=\"wtbx_vc_column vc_col-sm-3 wtbx_with_image wtbx_vc_column-249849686\"><div class=\"wtbx_vc_el_container wtbx_vc_column_container\"><div class=\"wtbx_vc_el_inner wtbx_vc_column_inner\"><div class=\"wtbx_column_wrapper clearfix\"><div class=\"wtbx_column_content\"><div class=\"wtbx_vc_image_element wtbx_vc_image_element-249850498 wtbx_img_align_center wtbx_preloader_cont\"><div class=\"wtbx_image_wrapper wtbx_with_image wtbx_appearance_animation wtbx-anim-bottom-to-top-small wtbx-duration-1000 wtbx_easing-natural\">\n<div class=\"wtbx-preloader-wrapper wtbx-preloader-el\">\n\t<div class=\"wtbx-preloader-container\">\n\n\t\t\n\t\t\t<div class=\"wtbx-preloader wtbx-preloader-1\"><\/div>\n\n\t\t\t<\/div>\n<\/div><div class=\"wtbx_vc_el_container wtbx_vc_image_element_container\"><div class=\"wtbx_vc_el_inner wtbx_vc_image_element_inner\"><div class=\"wtbx_image_inner wtbx-element-reveal wtbx-reveal-cont\"><div class=\"wtbx_image_overlap wtbx_image_noaction\"><\/div><div class=\"wtbx-image-crop\" style=\"padding-bottom: 75.02%\"><img decoding=\"async\" class=\"wtbx-image wtbx-lazy lazyload\" data-bg=\"false\" data-imgratio=\"1201:901\" data-aspectratio=\"1.333\" src=\"data:image\/gif;base64,R0lGODlhAQABAAAAACH5BAEKAAEALAAAAAABAAEAAAICTAEAOw==\" srcset=\"\" data-src=\"https:\/\/cinkosan.com\/wp-content\/uploads\/2021\/05\/alkali_cinko_kaplama-450x338.png\" data-path=\"https:\/\/cinkosan.com\/wp-content\/uploads\/2021\/05\/alkali_cinko_kaplama\" data-dims=\"[&quot;.png 1201w&quot;,&quot;450x338.png 450w&quot;,&quot;1170x878.png 1170w&quot;,&quot;750x563.png 750w&quot;]\" data-sizes=\"auto\" data-parent-fit=\"cover\" alt=\"alkali_cinko_kaplama\" \/><\/div><\/div><\/div><\/div><\/div><\/div><div class=\"wtbx_vc_styled_heading wtbx_vc_styled_heading-249852545 wtbx_style_default wtbx_align_left\"><div class=\"wtbx_vc_el_container wtbx_vc_styled_heading_container clearfix\"><div class=\"wtbx_vc_el_inner wtbx_vc_styled_heading_inner\"><div class=\"wtbx_heading_el_title_wrapper h3\"><h3 class=\"wtbx_heading_el_title wtbx-text\">ALKAL\u0130 \u00c7\u0130NKO KAPLAMA<\/h3><\/div><\/div><\/div><\/div><div class=\"wtbx_vc_text_element wtbx_vc_text_element-249853071 wtbx_display_block\"><div class=\"wtbx_vc_el_container wtbx_vc_text_element_container\"><div class=\"wtbx_text_element_content\"><div class=\"wtbx_text_element_inner\"><p style=\"text-align: left;\">Alkali \u00c7inko Kaplama, sa\u011flad\u0131\u011f\u0131 maksimum korozyon direnci, geni\u015f ak\u0131m yo\u011funlu\u011funda parlak \u00e7inko eldesi ve di\u011fer kaplamalara g\u00f6re ekonomik olmas\u0131 sebebiyle kaplamaya olan talep s\u00fcrekli artmaktad\u0131r.<\/p>\n<\/div><\/div><\/div><\/div><div class=\"wtbx_vc_button wtbx_vc_button-249853675 wtbx_style_link wtbx_size_5 wtbx_display_block\"><div class=\"wtbx_vc_el_container wtbx_vc_button_container\"><div class=\"wtbx_vc_el_inner wtbx_vc_button_inner\"><a  href=\"http:\/\/cinkosan.com\/index.php\/alkali-cinko-kaplama\/\" title=\"Alkali \u00c7inko Kaplama\" target=\"_self\" class=\"wtbx-button wtbx-button-link\"><span class=\"wtbx_button_inner\">daha fazlas\u0131...<\/span><\/a><\/div><\/div><\/div><\/div><\/div><\/div><\/div><\/div><div class=\"wtbx_vc_column vc_col-sm-3 wtbx_with_image wtbx_vc_column-249854266\"><div class=\"wtbx_vc_el_container wtbx_vc_column_container\"><div class=\"wtbx_vc_el_inner wtbx_vc_column_inner\"><div class=\"wtbx_column_wrapper clearfix\"><div class=\"wtbx_column_content\"><div class=\"wtbx_vc_image_element wtbx_vc_image_element-249854907 wtbx_img_align_center wtbx_preloader_cont\"><div class=\"wtbx_image_wrapper wtbx_with_image wtbx_appearance_animation wtbx-anim-top-to-bottom-small wtbx-duration-1000 wtbx_easing-natural\">\n<div class=\"wtbx-preloader-wrapper wtbx-preloader-el\">\n\t<div class=\"wtbx-preloader-container\">\n\n\t\t\n\t\t\t<div class=\"wtbx-preloader wtbx-preloader-1\"><\/div>\n\n\t\t\t<\/div>\n<\/div><div class=\"wtbx_vc_el_container wtbx_vc_image_element_container\"><div class=\"wtbx_vc_el_inner wtbx_vc_image_element_inner\"><div class=\"wtbx_image_inner wtbx-element-reveal wtbx-reveal-cont\"><div class=\"wtbx_image_overlap wtbx_image_noaction\"><\/div><div class=\"wtbx-image-crop\" style=\"padding-bottom: 75.02%\"><img decoding=\"async\" class=\"wtbx-image wtbx-lazy lazyload\" data-bg=\"false\" data-imgratio=\"1201:901\" data-aspectratio=\"1.333\" src=\"data:image\/gif;base64,R0lGODlhAQABAAAAACH5BAEKAAEALAAAAAABAAEAAAICTAEAOw==\" srcset=\"\" data-src=\"https:\/\/cinkosan.com\/wp-content\/uploads\/2021\/05\/alkali_cinko_nikel_kaplama-450x338.png\" data-path=\"https:\/\/cinkosan.com\/wp-content\/uploads\/2021\/05\/alkali_cinko_nikel_kaplama\" data-dims=\"[&quot;.png 1201w&quot;,&quot;450x338.png 450w&quot;,&quot;1170x878.png 1170w&quot;,&quot;750x563.png 750w&quot;]\" data-sizes=\"auto\" data-parent-fit=\"cover\" alt=\"alkali_cinko_nikel_kaplama\" \/><\/div><\/div><\/div><\/div><\/div><\/div><div class=\"wtbx_vc_styled_heading wtbx_vc_styled_heading-249856758 wtbx_style_default wtbx_align_left\"><div class=\"wtbx_vc_el_container wtbx_vc_styled_heading_container clearfix\"><div class=\"wtbx_vc_el_inner wtbx_vc_styled_heading_inner\"><div class=\"wtbx_heading_el_title_wrapper h3\"><h3 class=\"wtbx_heading_el_title wtbx-text\">ALKAL\u0130 \u00c7\u0130NKO N\u0130KEL KAPLAMA<\/h3><\/div><\/div><\/div><\/div><div class=\"wtbx_vc_text_element wtbx_vc_text_element-249857116 wtbx_display_block\"><div class=\"wtbx_vc_el_container wtbx_vc_text_element_container\"><div class=\"wtbx_text_element_content\"><div class=\"wtbx_text_element_inner\"><p><span style=\"font-weight: 400;\">Alkali \u00c7inko Nikel Kaplama <\/span><span style=\"font-weight: 400;\">y\u00fcksek s\u0131cakl\u0131kta \u00e7al\u0131\u015fan par\u00e7alar i\u00e7in m\u00fckemmel yap\u0131\u015fma ve y\u00fcksek korozyon direnci sa\u011flar.<\/span><\/p>\n<\/div><\/div><\/div><\/div><div class=\"wtbx_vc_button wtbx_vc_button-249857627 wtbx_style_link wtbx_size_5 wtbx_display_block\"><div class=\"wtbx_vc_el_container wtbx_vc_button_container\"><div class=\"wtbx_vc_el_inner wtbx_vc_button_inner\"><a  href=\"http:\/\/cinkosan.com\/index.php\/alkali-cinko-nikel-kaplama\/\" title=\"Alkali \u00c7inko Kaplama\" target=\"_self\" class=\"wtbx-button wtbx-button-link\"><span class=\"wtbx_button_inner\">daha fazlas\u0131...<\/span><\/a><\/div><\/div><\/div><\/div><\/div><\/div><\/div><\/div><div class=\"wtbx_vc_column vc_col-sm-3 wtbx_with_image wtbx_vc_column-249858209\"><div class=\"wtbx_vc_el_container wtbx_vc_column_container\"><div class=\"wtbx_vc_el_inner wtbx_vc_column_inner\"><div class=\"wtbx_column_wrapper clearfix\"><div class=\"wtbx_column_content\"><div class=\"wtbx_vc_image_element wtbx_vc_image_element-249858823 wtbx_img_align_center wtbx_preloader_cont\"><div class=\"wtbx_image_wrapper wtbx_with_image wtbx_appearance_animation wtbx-anim-bottom-to-top-small wtbx-duration-1000 wtbx_easing-natural\">\n<div class=\"wtbx-preloader-wrapper wtbx-preloader-el\">\n\t<div class=\"wtbx-preloader-container\">\n\n\t\t\n\t\t\t<div class=\"wtbx-preloader wtbx-preloader-1\"><\/div>\n\n\t\t\t<\/div>\n<\/div><div class=\"wtbx_vc_el_container wtbx_vc_image_element_container\"><div class=\"wtbx_vc_el_inner wtbx_vc_image_element_inner\"><div class=\"wtbx_image_inner wtbx-element-reveal wtbx-reveal-cont\"><div class=\"wtbx_image_overlap wtbx_image_noaction\"><\/div><div class=\"wtbx-image-crop\" style=\"padding-bottom: 75.02%\"><img decoding=\"async\" class=\"wtbx-image wtbx-lazy lazyload\" data-bg=\"false\" data-imgratio=\"1201:901\" data-aspectratio=\"1.333\" src=\"data:image\/gif;base64,R0lGODlhAQABAAAAACH5BAEKAAEALAAAAAABAAEAAAICTAEAOw==\" srcset=\"\" data-src=\"https:\/\/cinkosan.com\/wp-content\/uploads\/2021\/05\/alkali_cinko_kaplama-450x338.png\" data-path=\"https:\/\/cinkosan.com\/wp-content\/uploads\/2021\/05\/alkali_cinko_kaplama\" data-dims=\"[&quot;.png 1201w&quot;,&quot;450x338.png 450w&quot;,&quot;1170x878.png 1170w&quot;,&quot;750x563.png 750w&quot;]\" data-sizes=\"auto\" data-parent-fit=\"cover\" alt=\"alkali_cinko_kaplama\" \/><\/div><\/div><\/div><\/div><\/div><\/div><div class=\"wtbx_vc_styled_heading wtbx_vc_styled_heading-249859979 wtbx_style_default wtbx_align_left\"><div class=\"wtbx_vc_el_container wtbx_vc_styled_heading_container clearfix\"><div class=\"wtbx_vc_el_inner wtbx_vc_styled_heading_inner\"><div class=\"wtbx_heading_el_title_wrapper h3\"><h3 class=\"wtbx_heading_el_title wtbx-text\">ALKAL\u0130 \u00c7\u0130NKO DEM\u0130R KAPLAMA<\/h3><\/div><\/div><\/div><\/div><div class=\"wtbx_vc_text_element wtbx_vc_text_element-249860325 wtbx_display_block\"><div class=\"wtbx_vc_el_container wtbx_vc_text_element_container\"><div class=\"wtbx_text_element_content\"><div class=\"wtbx_text_element_inner\"><p><span style=\"font-weight: 400;\">Alkali \u00c7inko Demir Kaplama d\u00fcnyada sanayi sekt\u00f6r\u00fcnde kullan\u0131lan ve talebi fazlaca olan verimlili\u011fi y\u00fcksek ve uygulamas\u0131 kolay bir s\u00fcre\u00e7tir.<\/span><\/p>\n<\/div><\/div><\/div><\/div><div class=\"wtbx_vc_button wtbx_vc_button-249860989 wtbx_style_link wtbx_size_5 wtbx_display_block\"><div class=\"wtbx_vc_el_container wtbx_vc_button_container\"><div class=\"wtbx_vc_el_inner wtbx_vc_button_inner\"><a  href=\"http:\/\/cinkosan.com\/index.php\/alkali-cinko-demir-kaplama\/\" title=\"Alkali \u00c7inko Kaplama\" target=\"_self\" class=\"wtbx-button wtbx-button-link\"><span class=\"wtbx_button_inner\">daha fazlas\u0131...<\/span><\/a><\/div><\/div><\/div><\/div><\/div><\/div><\/div><\/div><div class=\"wtbx_vc_column vc_col-sm-3 wtbx_with_image wtbx_vc_column-249861582\"><div class=\"wtbx_vc_el_container wtbx_vc_column_container\"><div class=\"wtbx_vc_el_inner wtbx_vc_column_inner\"><div class=\"wtbx_column_wrapper clearfix\"><div class=\"wtbx_column_content\"><div class=\"wtbx_vc_image_element wtbx_vc_image_element-249862179 wtbx_img_align_center wtbx_preloader_cont\"><div class=\"wtbx_image_wrapper wtbx_with_image wtbx_appearance_animation wtbx-anim-bottom-to-top-small wtbx-duration-1000 wtbx_easing-natural\">\n<div class=\"wtbx-preloader-wrapper wtbx-preloader-el\">\n\t<div class=\"wtbx-preloader-container\">\n\n\t\t\n\t\t\t<div class=\"wtbx-preloader wtbx-preloader-1\"><\/div>\n\n\t\t\t<\/div>\n<\/div><div class=\"wtbx_vc_el_container wtbx_vc_image_element_container\"><div class=\"wtbx_vc_el_inner wtbx_vc_image_element_inner\"><div class=\"wtbx_image_inner wtbx-element-reveal wtbx-reveal-cont\"><div class=\"wtbx_image_overlap wtbx_image_noaction\"><\/div><div class=\"wtbx-image-crop\" style=\"padding-bottom: 75.02%\"><img decoding=\"async\" class=\"wtbx-image wtbx-lazy lazyload\" data-bg=\"false\" data-imgratio=\"1201:901\" data-aspectratio=\"1.333\" src=\"data:image\/gif;base64,R0lGODlhAQABAAAAACH5BAEKAAEALAAAAAABAAEAAAICTAEAOw==\" srcset=\"\" data-src=\"https:\/\/cinkosan.com\/wp-content\/uploads\/2021\/05\/alkali_cinko_kaplama-450x338.png\" data-path=\"https:\/\/cinkosan.com\/wp-content\/uploads\/2021\/05\/alkali_cinko_kaplama\" data-dims=\"[&quot;.png 1201w&quot;,&quot;450x338.png 450w&quot;,&quot;1170x878.png 1170w&quot;,&quot;750x563.png 750w&quot;]\" data-sizes=\"auto\" data-parent-fit=\"cover\" alt=\"alkali_cinko_kaplama\" \/><\/div><\/div><\/div><\/div><\/div><\/div><div class=\"wtbx_vc_styled_heading wtbx_vc_styled_heading-249863301 wtbx_style_default wtbx_align_left\"><div class=\"wtbx_vc_el_container wtbx_vc_styled_heading_container clearfix\"><div class=\"wtbx_vc_el_inner wtbx_vc_styled_heading_inner\"><div class=\"wtbx_heading_el_title_wrapper h3\"><h3 class=\"wtbx_heading_el_title wtbx-text\">\u00c7\u0130NKO FOSFAT KAPLAMA<\/h3><\/div><\/div><\/div><\/div><div class=\"wtbx_vc_text_element wtbx_vc_text_element-249863720 wtbx_display_block\"><div class=\"wtbx_vc_el_container wtbx_vc_text_element_container\"><div class=\"wtbx_text_element_content\"><div class=\"wtbx_text_element_inner\"><p>\u00c7inko Fosfat Kaplama, korozyona kar\u015f\u0131 olduk\u00e7a k\u0131sa s\u00fcreli bir koruma sa\u011flamas\u0131na kar\u015f\u0131n ya\u011flama ve boyama i\u015flemleri i\u00e7in m\u00fckemmel bir altyap\u0131 sa\u011flayan kaplama \u00e7e\u015fididir.<\/p>\n<\/div><\/div><\/div><\/div><div class=\"wtbx_vc_button wtbx_vc_button-249864192 wtbx_style_link wtbx_size_5 wtbx_display_block\"><div class=\"wtbx_vc_el_container wtbx_vc_button_container\"><div class=\"wtbx_vc_el_inner wtbx_vc_button_inner\"><a  href=\"http:\/\/cinkosan.com\/index.php\/cinko-fosfat-kaplama\/\" title=\"Alkali \u00c7inko Kaplama\" target=\"_self\" class=\"wtbx-button wtbx-button-link\"><span class=\"wtbx_button_inner\">daha fazlas\u0131...<\/span><\/a><\/div><\/div><\/div><\/div><\/div><\/div><\/div><\/div><\/div><\/div><\/div><\/div><\/div><\/div><\/div><div class=\"wtbx_vc_row wtbx_vc_row-249865499 wtbx_stretch_row wtbx_anim_style_1\" data-skin=\"light\"><div class=\"wtbx_vc_el_container wtbx_vc_row_container\"><div class=\"wtbx_vc_el_inner wtbx_vc_row_inner\"><div class=\"wtbx_row_wrapper\"><div class=\"wtbx_row_content clearfix\"><div class=\"wtbx_row_content_wrapper\"><div class=\"wtbx_row_content_inner clearfix\"><div class=\"wtbx_vc_column vc_col-sm-3 wtbx_with_image wtbx_vc_column-249866826\"><div class=\"wtbx_vc_el_container wtbx_vc_column_container\"><div class=\"wtbx_vc_el_inner wtbx_vc_column_inner\"><div class=\"wtbx_column_wrapper clearfix\"><div class=\"wtbx_column_content\"><\/div><\/div><\/div><\/div><\/div><div class=\"wtbx_vc_column vc_col-sm-3 wtbx_with_image wtbx_vc_column-249867301\"><div class=\"wtbx_vc_el_container wtbx_vc_column_container\"><div class=\"wtbx_vc_el_inner wtbx_vc_column_inner\"><div class=\"wtbx_column_wrapper clearfix\"><div class=\"wtbx_column_content\"><div class=\"wtbx_vc_image_element wtbx_vc_image_element-249867925 wtbx_img_align_center wtbx_preloader_cont\"><div class=\"wtbx_image_wrapper wtbx_with_image wtbx_appearance_animation wtbx-anim-bottom-to-top-small wtbx-duration-1000 wtbx_easing-natural\">\n<div class=\"wtbx-preloader-wrapper wtbx-preloader-el\">\n\t<div class=\"wtbx-preloader-container\">\n\n\t\t\n\t\t\t<div class=\"wtbx-preloader wtbx-preloader-1\"><\/div>\n\n\t\t\t<\/div>\n<\/div><div class=\"wtbx_vc_el_container wtbx_vc_image_element_container\"><div class=\"wtbx_vc_el_inner wtbx_vc_image_element_inner\"><div class=\"wtbx_image_inner wtbx-element-reveal wtbx-reveal-cont\"><div class=\"wtbx_image_overlap wtbx_image_noaction\"><\/div><div class=\"wtbx-image-crop\" style=\"padding-bottom: 75.02%\"><img decoding=\"async\" class=\"wtbx-image wtbx-lazy lazyload\" data-bg=\"false\" data-imgratio=\"1201:901\" data-aspectratio=\"1.333\" src=\"data:image\/gif;base64,R0lGODlhAQABAAAAACH5BAEKAAEALAAAAAABAAEAAAICTAEAOw==\" srcset=\"\" data-src=\"https:\/\/cinkosan.com\/wp-content\/uploads\/2021\/05\/molykote-450x338.png\" data-path=\"https:\/\/cinkosan.com\/wp-content\/uploads\/2021\/05\/molykote\" data-dims=\"[&quot;.png 1201w&quot;,&quot;450x338.png 450w&quot;,&quot;1170x878.png 1170w&quot;,&quot;750x563.png 750w&quot;]\" data-sizes=\"auto\" data-parent-fit=\"cover\" alt=\"molykote\" \/><\/div><\/div><\/div><\/div><\/div><\/div><div class=\"wtbx_vc_styled_heading wtbx_vc_styled_heading-249869683 wtbx_style_default wtbx_align_left\"><div class=\"wtbx_vc_el_container wtbx_vc_styled_heading_container clearfix\"><div class=\"wtbx_vc_el_inner wtbx_vc_styled_heading_inner\"><div class=\"wtbx_heading_el_title_wrapper h3\"><h3 class=\"wtbx_heading_el_title wtbx-text\">MOLYKOTE<\/h3><\/div><\/div><\/div><\/div><div class=\"wtbx_vc_text_element wtbx_vc_text_element-249870043 wtbx_display_block\"><div class=\"wtbx_vc_el_container wtbx_vc_text_element_container\"><div class=\"wtbx_text_element_content\"><div class=\"wtbx_text_element_inner\"><p><span style=\"font-weight: 400;\">Molykote marka ya\u011flay\u0131c\u0131 \u00fcr\u00fcnler, a\u015f\u0131r\u0131 bas\u0131n\u00e7lara maruz kalan, orta dereceli h\u0131z s\u0131n\u0131rlar\u0131na yakla\u015fan, s\u00fcrt\u00fcnme pas\u0131 tehlikesi olu\u015fumunu (Brinel Efekti) ve nem tehlikesi oplan maline elemanlar\u0131n\u0131n ya\u011flanmas\u0131nda kullan\u0131l\u0131r.<\/span><\/p>\n<\/div><\/div><\/div><\/div><div class=\"wtbx_vc_button wtbx_vc_button-249871777 wtbx_style_link wtbx_size_5 wtbx_display_block\"><div class=\"wtbx_vc_el_container wtbx_vc_button_container\"><div class=\"wtbx_vc_el_inner wtbx_vc_button_inner\"><a  href=\"http:\/\/cinkosan.com\/index.php\/molykote\/\" title=\"Alkali \u00c7inko Kaplama\" target=\"_self\" class=\"wtbx-button wtbx-button-link\"><span class=\"wtbx_button_inner\">daha fazlas\u0131...<\/span><\/a><\/div><\/div><\/div><\/div><\/div><\/div><\/div><\/div><div class=\"wtbx_vc_column vc_col-sm-3 wtbx_with_image wtbx_vc_column-249872413\"><div class=\"wtbx_vc_el_container wtbx_vc_column_container\"><div class=\"wtbx_vc_el_inner wtbx_vc_column_inner\"><div class=\"wtbx_column_wrapper clearfix\"><div class=\"wtbx_column_content\"><div class=\"wtbx_vc_image_element wtbx_vc_image_element-249873026 wtbx_img_align_center wtbx_preloader_cont\"><div class=\"wtbx_image_wrapper wtbx_with_image wtbx_appearance_animation wtbx-anim-bottom-to-top-small wtbx-duration-1000 wtbx_easing-natural\">\n<div class=\"wtbx-preloader-wrapper wtbx-preloader-el\">\n\t<div class=\"wtbx-preloader-container\">\n\n\t\t\n\t\t\t<div class=\"wtbx-preloader wtbx-preloader-1\"><\/div>\n\n\t\t\t<\/div>\n<\/div><div class=\"wtbx_vc_el_container wtbx_vc_image_element_container\"><div class=\"wtbx_vc_el_inner wtbx_vc_image_element_inner\"><div class=\"wtbx_image_inner wtbx-element-reveal wtbx-reveal-cont\"><div class=\"wtbx_image_overlap wtbx_image_noaction\"><\/div><div class=\"wtbx-image-crop\" style=\"padding-bottom: 75.02%\"><img decoding=\"async\" class=\"wtbx-image wtbx-lazy lazyload\" data-bg=\"false\" data-imgratio=\"1201:901\" data-aspectratio=\"1.333\" src=\"data:image\/gif;base64,R0lGODlhAQABAAAAACH5BAEKAAEALAAAAAABAAEAAAICTAEAOw==\" srcset=\"\" data-src=\"https:\/\/cinkosan.com\/wp-content\/uploads\/2021\/05\/zintek-450x338.png\" data-path=\"https:\/\/cinkosan.com\/wp-content\/uploads\/2021\/05\/zintek\" data-dims=\"[&quot;.png 1201w&quot;,&quot;450x338.png 450w&quot;,&quot;1170x878.png 1170w&quot;,&quot;750x563.png 750w&quot;]\" data-sizes=\"auto\" data-parent-fit=\"cover\" alt=\"zintek\" \/><\/div><\/div><\/div><\/div><\/div><\/div><div class=\"wtbx_vc_styled_heading wtbx_vc_styled_heading-249876828 wtbx_style_default wtbx_align_left\"><div class=\"wtbx_vc_el_container wtbx_vc_styled_heading_container clearfix\"><div class=\"wtbx_vc_el_inner wtbx_vc_styled_heading_inner\"><div class=\"wtbx_heading_el_title_wrapper h3\"><h3 class=\"wtbx_heading_el_title wtbx-text\">Z\u0130NTEK<\/h3><\/div><\/div><\/div><\/div><div class=\"wtbx_vc_text_element wtbx_vc_text_element-249877198 wtbx_display_block\"><div class=\"wtbx_vc_el_container wtbx_vc_text_element_container\"><div class=\"wtbx_text_element_content\"><div class=\"wtbx_text_element_inner\"><p><span style=\"font-weight: 400;\">Zintek kaplamalar y\u00fcksek oranda \u00e7inko ve al\u00fcminyum i\u00e7eren lamelli mikro yap\u0131lara sahip ve ak\u0131ms\u0131z olarak metal y\u00fczey \u00fczerine kaplanan korozyona kars\u0327\u0131 katodik koruma sag\u0306layan tabakalard\u0131r.<\/span><\/p>\n<\/div><\/div><\/div><\/div><div class=\"wtbx_vc_button wtbx_vc_button-249877701 wtbx_style_link wtbx_size_5 wtbx_display_block\"><div class=\"wtbx_vc_el_container wtbx_vc_button_container\"><div class=\"wtbx_vc_el_inner wtbx_vc_button_inner\"><a  href=\"http:\/\/cinkosan.com\/index.php\/zintek\/\" title=\"Alkali \u00c7inko Kaplama\" target=\"_self\" class=\"wtbx-button wtbx-button-link\"><span class=\"wtbx_button_inner\">daha fazlas\u0131...<\/span><\/a><\/div><\/div><\/div><\/div><\/div><\/div><\/div><\/div><div class=\"wtbx_vc_column vc_col-sm-3 wtbx_with_image wtbx_vc_column-249878293\"><div class=\"wtbx_vc_el_container wtbx_vc_column_container\"><div class=\"wtbx_vc_el_inner wtbx_vc_column_inner\"><div class=\"wtbx_column_wrapper clearfix\"><div class=\"wtbx_column_content\"><\/div><\/div><\/div><\/div><\/div><\/div><\/div><\/div><\/div><\/div><\/div><\/div><div class=\"wtbx_vc_row wtbx_vc_row-249879431 wtbx_stretch_row wtbx_anim_style_1\" data-skin=\"light\"><div class=\"wtbx_vc_el_container wtbx_vc_row_container\"><div class=\"wtbx_vc_el_inner wtbx_vc_row_inner\"><div class=\"wtbx_row_wrapper\"><div class=\"wtbx_row_content clearfix\"><div class=\"wtbx_row_content_wrapper\"><div class=\"wtbx_row_content_inner clearfix\"><div class=\"wtbx_vc_column vc_col-sm-12 wtbx_with_image wtbx_vc_column-249880736\"><div class=\"wtbx_vc_el_container wtbx_vc_column_container\"><div class=\"wtbx_vc_el_inner wtbx_vc_column_inner\"><div class=\"wtbx_column_wrapper clearfix\"><div class=\"wtbx_column_content\">\n\n<div class=\"wtbx_vc_empty_space wtbx_vc_empty_space-249881164\">\n\t\t<span class=\"wtbx_empty_space_inner\"><\/span>\n<\/div>\n<\/div><\/div><\/div><\/div><\/div><\/div><\/div><\/div><\/div><\/div><\/div><\/div>\n","protected":false},"excerpt":{"rendered":"SERV\u0130SLER\u0130M\u0130Z\u00c7inkosan olarak sekt\u00f6rde m\u00fc\u015fterilerimize, geni\u015f hizmet \u00e7e\u015fidi yelpazemizle en kaliteli ve g\u00fcvenilir hizmeti sunmaktay\u0131z. ALKAL\u0130 \u00c7\u0130NKO KAPLAMAAlkali \u00c7inko Kaplama, sa\u011flad\u0131\u011f\u0131 maksimum korozyon direnci, geni\u015f ak\u0131m yo\u011funlu\u011funda parlak \u00e7inko eldesi ve di\u011fer kaplamalara g\u00f6re ekonomik olmas\u0131 sebebiyle kaplamaya olan talep s\u00fcrekli artmaktad\u0131r. daha fazlas\u0131... ALKAL\u0130 \u00c7\u0130NKO N\u0130KEL KAPLAMAAlkali \u00c7inko Nikel Kaplama y\u00fcksek s\u0131cakl\u0131kta \u00e7al\u0131\u015fan par\u00e7alar i\u00e7in m\u00fckemmel yap\u0131\u015fma ve y\u00fcksek korozyon direnci sa\u011flar. daha fazlas\u0131... ALKAL\u0130 \u00c7\u0130NKO DEM\u0130R KAPLAMAAlkali \u00c7inko Demir Kaplama d\u00fcnyada sanayi sekt\u00f6r\u00fcnde kullan\u0131lan [...]","protected":false},"author":1,"featured_media":0,"parent":0,"menu_order":0,"comment_status":"closed","ping_status":"closed","template":"","meta":{"footnotes":""},"class_list":["post-14","page","type-page","status-publish","hentry"],"_links":{"self":[{"href":"https:\/\/cinkosan.com\/tr\/wp-json\/wp\/v2\/pages\/14","targetHints":{"allow":["GET"]}}],"collection":[{"href":"https:\/\/cinkosan.com\/tr\/wp-json\/wp\/v2\/pages"}],"about":[{"href":"https:\/\/cinkosan.com\/tr\/wp-json\/wp\/v2\/types\/page"}],"author":[{"embeddable":true,"href":"https:\/\/cinkosan.com\/tr\/wp-json\/wp\/v2\/users\/1"}],"replies":[{"embeddable":true,"href":"https:\/\/cinkosan.com\/tr\/wp-json\/wp\/v2\/comments?post=14"}],"version-history":[{"count":5,"href":"https:\/\/cinkosan.com\/tr\/wp-json\/wp\/v2\/pages\/14\/revisions"}],"predecessor-version":[{"id":892,"href":"https:\/\/cinkosan.com\/tr\/wp-json\/wp\/v2\/pages\/14\/revisions\/892"}],"wp:attachment":[{"href":"https:\/\/cinkosan.com\/tr\/wp-json\/wp\/v2\/media?parent=14"}],"curies":[{"name":"wp","href":"https:\/\/api.w.org\/{rel}","templated":true}]}}