{"id":620,"date":"2021-06-01T13:07:26","date_gmt":"2021-06-01T10:07:26","guid":{"rendered":"http:\/\/cinkosan.com\/?page_id=620"},"modified":"2025-10-19T01:59:23","modified_gmt":"2025-10-18T22:59:23","slug":"alkali-cinko-nikel-kaplama","status":"publish","type":"page","link":"https:\/\/cinkosan.com\/tr\/hizmetlerimiz\/alkali-cinko-nikel-kaplama\/","title":{"rendered":"Alkali \u00c7inko Nikel Kaplama"},"content":{"rendered":"<div class=\"wtbx_vc_row wtbx_vc_row-256470288 wtbx_stretch_row wtbx_anim_style_1\" data-skin=\"light\"><div class=\"wtbx_vc_el_container wtbx_vc_row_container\"><div class=\"wtbx_vc_el_inner wtbx_vc_row_inner\"><div class=\"wtbx_row_wrapper\"><div class=\"wtbx_row_content clearfix\"><div class=\"wtbx_row_content_wrapper\"><div class=\"wtbx_row_content_inner clearfix\"><div class=\"wtbx_vc_column vc_col-sm-12 wtbx_with_image wtbx_vc_column-256472226\"><div class=\"wtbx_vc_el_container wtbx_vc_column_container\"><div class=\"wtbx_vc_el_inner wtbx_vc_column_inner\"><div class=\"wtbx_column_wrapper clearfix\"><div class=\"wtbx_column_content\"><div class=\"wtbx_vc_image_element wtbx_vc_image_element-256473001 wtbx_img_align_center wtbx_preloader_cont\"><div class=\"wtbx_image_wrapper wtbx_with_image\">\n<div class=\"wtbx-preloader-wrapper wtbx-preloader-el\">\n\t<div class=\"wtbx-preloader-container\">\n\n\t\t\n\t\t\t<div class=\"wtbx-preloader wtbx-preloader-1\"><\/div>\n\n\t\t\t<\/div>\n<\/div><div class=\"wtbx_vc_el_container wtbx_vc_image_element_container\"><div class=\"wtbx_vc_el_inner wtbx_vc_image_element_inner\"><div class=\"wtbx_image_inner wtbx-element-reveal wtbx-reveal-cont\"><div class=\"wtbx_image_overlap wtbx_image_noaction\"><\/div><div class=\"wtbx-image-crop\" style=\"padding-bottom: 50.04%\"><img decoding=\"async\" class=\"wtbx-image wtbx-lazy lazyload\" data-bg=\"false\" data-imgratio=\"1201:601\" data-aspectratio=\"1.9983\" src=\"data:image\/gif;base64,R0lGODlhAQABAAAAACH5BAEKAAEALAAAAAABAAEAAAICTAEAOw==\" srcset=\"\" data-src=\"https:\/\/cinkosan.com\/wp-content\/uploads\/2021\/06\/alkali_cinko_nikel_kaplama_1200x600px-450x225.png\" data-path=\"https:\/\/cinkosan.com\/wp-content\/uploads\/2021\/06\/alkali_cinko_nikel_kaplama_1200x600px\" data-dims=\"[&quot;.png 1201w&quot;,&quot;450x225.png 450w&quot;,&quot;1170x585.png 1170w&quot;,&quot;750x375.png 750w&quot;]\" data-sizes=\"auto\" data-parent-fit=\"cover\" alt=\"alkali_cinko_nikel_kaplama_1200x600px\" \/><\/div><\/div><\/div><\/div><\/div><\/div><\/div><\/div><\/div><\/div><\/div><\/div><\/div><\/div><\/div><\/div><\/div><\/div><div class=\"wtbx_vc_row wtbx_vc_row-256475462 wtbx_stretch_row wtbx_anim_style_1\" data-skin=\"light\"><div class=\"wtbx_vc_el_container wtbx_vc_row_container\"><div class=\"wtbx_vc_el_inner wtbx_vc_row_inner\"><div class=\"wtbx_row_wrapper\"><div class=\"wtbx_row_content clearfix\"><div class=\"wtbx_row_content_wrapper\"><div class=\"wtbx_row_content_inner clearfix\"><div class=\"wtbx_vc_column vc_col-sm-12 wtbx_with_image wtbx_vc_column-256476752\"><div class=\"wtbx_vc_el_container wtbx_vc_column_container\"><div class=\"wtbx_vc_el_inner wtbx_vc_column_inner\"><div class=\"wtbx_column_wrapper clearfix\"><div class=\"wtbx_column_content\"><div class=\"wtbx_vc_styled_heading wtbx_vc_styled_heading-256477300 wtbx_style_default wtbx_align_center\"><div class=\"wtbx_vc_el_container wtbx_vc_styled_heading_container clearfix\"><div class=\"wtbx_vc_el_inner wtbx_vc_styled_heading_inner\"><div class=\"wtbx_heading_el_title_wrapper h2\"><h2 class=\"wtbx_heading_el_title wtbx-text\">Alkali \u00c7inko Nikel Kaplama<\/h2><\/div><\/div><\/div><\/div><\/div><\/div><\/div><\/div><\/div><\/div><\/div><\/div><\/div><\/div><\/div><\/div><div class=\"wtbx_vc_row wtbx_vc_row-256478319 wtbx_stretch_row wtbx_anim_style_1\" data-skin=\"light\"><div class=\"wtbx_vc_el_container wtbx_vc_row_container\"><div class=\"wtbx_vc_el_inner wtbx_vc_row_inner\"><div class=\"wtbx_row_wrapper\"><div class=\"wtbx_row_content clearfix\"><div class=\"wtbx_row_content_wrapper\"><div class=\"wtbx_row_content_inner clearfix\"><div class=\"wtbx_vc_column vc_col-sm-12 wtbx_with_image wtbx_vc_column-256479603\"><div class=\"wtbx_vc_el_container wtbx_vc_column_container\"><div class=\"wtbx_vc_el_inner wtbx_vc_column_inner\"><div class=\"wtbx_column_wrapper clearfix\"><div class=\"wtbx_column_content\"><div class=\"wtbx_vc_text_element wtbx_vc_text_element-256480041 wtbx_display_block\"><div class=\"wtbx_vc_el_container wtbx_vc_text_element_container\"><div class=\"wtbx_text_element_content\"><div class=\"wtbx_text_element_inner\"><p><span style=\"font-weight: 400;\">Alkali \u00c7inko Nikel Kaplama <\/span><span style=\"font-weight: 400;\">y\u00fcksek s\u0131cakl\u0131kta \u00e7al\u0131\u015fan par\u00e7alar i\u00e7in m\u00fckemmel yap\u0131\u015fma ve y\u00fcksek korozyon direnci sa\u011flar. \u00d6zellikle k\u0131rm\u0131z\u0131 pasa kar\u015f\u0131 en y\u00fcksek korozyon korumas\u0131n\u0131 sa\u011flar. <\/span><span style=\"font-weight: 400;\">Di\u011fer \u00e7inko-ala\u015f\u0131ml\u0131 kaplamalara g\u00f6re en y\u00fcksek a\u015f\u0131nma <\/span><span style=\"font-weight: 400;\">direncini g\u00f6sterir. Sertles\u0327tirilmis\u0327 \u00e7eliklerde kullan\u0131ma elveris\u0327lidirler. <\/span><span style=\"font-weight: 400;\">T\u00fcm y\u00fczeylerde homojen kaplama kal\u0131nl\u0131\u011f\u0131na ula\u015f\u0131lmas\u0131n\u0131 sa\u011flar. Siyan\u00fcrs\u00fcz olmas\u0131 ile\u00a0 \u00e7evreye duyarl\u0131 kaplamad\u0131r. \u00c7inkosan y\u00fczey kaplama dolap tesislerimizde <\/span><span style=\"font-weight: 400;\">%12-15 Nikel oran\u0131 ile otomotiv standartlar\u0131na da uygun olan bu kaplamay\u0131 g\u00fcnde\/12 Ton ile ger\u00e7ekle\u015ftirmekteyiz. Verimli ve uzun \u00f6m\u00fcrl\u00fc g\u00fcvenilir korozyon korumas\u0131 i\u00e7in \u00e7inko nikel kaplaman\u0131n \u00fczerine uygulanabilecek \u00e7e\u015fitli Lak ve Pasivasyon se\u00e7eneklerimiz de hizmetinize sunulmaktad\u0131r. Yap\u0131lan her \u00e7al\u0131\u015fmam\u0131z \u00a0labaratuvarlar\u0131m\u0131zda s\u00fcrekli olarak analiz edilmekte ve kay\u0131t alt\u0131na al\u0131nmaktad\u0131r.<\/span><\/p>\n<\/div><\/div><\/div><\/div><\/div><\/div><\/div><\/div><\/div><\/div><\/div><\/div><\/div><\/div><\/div><\/div><div class=\"wtbx_vc_row wtbx_vc_row-256481230 wtbx_stretch_row wtbx_anim_style_1\" data-skin=\"light\"><div class=\"wtbx_vc_el_container wtbx_vc_row_container\"><div class=\"wtbx_vc_el_inner wtbx_vc_row_inner\"><div class=\"wtbx_row_wrapper\"><div class=\"wtbx_row_content clearfix\"><div class=\"wtbx_row_content_wrapper\"><div class=\"wtbx_row_content_inner clearfix\"><div class=\"wtbx_vc_column vc_col-sm-12 wtbx_with_image wtbx_vc_column-256482437\"><div class=\"wtbx_vc_el_container wtbx_vc_column_container\"><div class=\"wtbx_vc_el_inner wtbx_vc_column_inner\"><div class=\"wtbx_column_wrapper clearfix\"><div class=\"wtbx_column_content\"><div class=\"wtbx_vc_image_element wtbx_vc_image_element-256483056 wtbx_img_align_center wtbx_preloader_cont\"><div class=\"wtbx_image_wrapper wtbx_with_image wtbx_appearance_animation wtbx-anim-bottom-to-top-small wtbx-duration-1000 wtbx_easing-natural\">\n<div class=\"wtbx-preloader-wrapper wtbx-preloader-el\">\n\t<div class=\"wtbx-preloader-container\">\n\n\t\t\n\t\t\t<div class=\"wtbx-preloader wtbx-preloader-1\"><\/div>\n\n\t\t\t<\/div>\n<\/div><div class=\"wtbx_vc_el_container wtbx_vc_image_element_container\"><div class=\"wtbx_vc_el_inner wtbx_vc_image_element_inner\"><div class=\"wtbx_image_inner wtbx-element-reveal wtbx-reveal-cont\"><div class=\"wtbx_image_overlap wtbx_image_noaction\"><\/div><div class=\"wtbx-image-crop\" style=\"padding-bottom: 50.04%\"><img decoding=\"async\" class=\"wtbx-image wtbx-lazy lazyload\" data-bg=\"false\" data-imgratio=\"1201:601\" data-aspectratio=\"1.9983\" src=\"data:image\/gif;base64,R0lGODlhAQABAAAAACH5BAEKAAEALAAAAAABAAEAAAICTAEAOw==\" srcset=\"\" data-src=\"https:\/\/cinkosan.com\/wp-content\/uploads\/2021\/06\/alkali_cinko_nikel_kaplama_1200x600px_2-450x225.png\" data-path=\"https:\/\/cinkosan.com\/wp-content\/uploads\/2021\/06\/alkali_cinko_nikel_kaplama_1200x600px_2\" data-dims=\"[&quot;.png 1201w&quot;,&quot;450x225.png 450w&quot;,&quot;1170x585.png 1170w&quot;,&quot;750x375.png 750w&quot;]\" data-sizes=\"auto\" data-parent-fit=\"cover\" alt=\"alkali_cinko_nikel_kaplama_1200x600px_2\" \/><\/div><\/div><\/div><\/div><\/div><\/div><\/div><\/div><\/div><\/div><\/div><\/div><\/div><\/div><\/div><\/div><\/div><\/div><div class=\"wtbx_vc_row wtbx_vc_row-256485398 wtbx_stretch_row wtbx_anim_style_1\" data-skin=\"light\"><div class=\"wtbx_vc_el_container wtbx_vc_row_container\"><div class=\"wtbx_vc_el_inner wtbx_vc_row_inner\"><div class=\"wtbx_row_wrapper\"><div class=\"wtbx_row_content clearfix\"><div class=\"wtbx_row_content_wrapper\"><div class=\"wtbx_row_content_inner clearfix\"><div class=\"wtbx_vc_column vc_col-sm-4 wtbx_with_image wtbx_vc_column-256486611\"><div class=\"wtbx_vc_el_container wtbx_vc_column_container\"><div class=\"wtbx_vc_el_inner wtbx_vc_column_inner\"><div class=\"wtbx_column_wrapper clearfix\"><div class=\"wtbx_column_content\"><\/div><\/div><\/div><\/div><\/div><div class=\"wtbx_vc_column vc_col-sm-4 wtbx_with_image wtbx_vc_column-256487094\"><div class=\"wtbx_vc_el_container wtbx_vc_column_container\"><div class=\"wtbx_vc_el_inner wtbx_vc_column_inner\"><div class=\"wtbx_column_wrapper clearfix\"><div class=\"wtbx_column_content\"><div class=\"wtbx_vc_image_element wtbx_vc_image_element-256487686 wtbx_img_align_center wtbx_preloader_cont\"><div class=\"wtbx_image_wrapper wtbx_with_image wtbx_appearance_animation wtbx-anim-bottom-to-top-small wtbx-duration-1000 wtbx_easing-natural\">\n<div class=\"wtbx-preloader-wrapper wtbx-preloader-el\">\n\t<div class=\"wtbx-preloader-container\">\n\n\t\t\n\t\t\t<div class=\"wtbx-preloader wtbx-preloader-1\"><\/div>\n\n\t\t\t<\/div>\n<\/div><div class=\"wtbx_vc_el_container wtbx_vc_image_element_container\"><div class=\"wtbx_vc_el_inner wtbx_vc_image_element_inner\"><div class=\"wtbx_image_inner wtbx-element-reveal wtbx-reveal-cont\"><div class=\"wtbx_image_overlap wtbx_image_noaction\"><\/div><div class=\"wtbx-image-crop\" style=\"padding-bottom: 66.74%\"><img decoding=\"async\" class=\"wtbx-image wtbx-lazy lazyload\" data-bg=\"false\" data-imgratio=\"902:602\" data-aspectratio=\"1.4983\" src=\"data:image\/gif;base64,R0lGODlhAQABAAAAACH5BAEKAAEALAAAAAABAAEAAAICTAEAOw==\" srcset=\"\" data-src=\"https:\/\/cinkosan.com\/wp-content\/uploads\/2021\/06\/Alkali-Cinko-Nikela-Kaplama-Tabakalari-450x300.png\" data-path=\"https:\/\/cinkosan.com\/wp-content\/uploads\/2021\/06\/Alkali-Cinko-Nikela-Kaplama-Tabakalari\" data-dims=\"[&quot;.png 902w&quot;,&quot;450x300.png 450w&quot;,&quot;750x501.png 750w&quot;]\" data-sizes=\"auto\" data-parent-fit=\"cover\" alt=\"Alkali \u00c7inko Nikela Kaplama Tabakalar\u0131\" \/><\/div><\/div><\/div><\/div><\/div><\/div><\/div><\/div><\/div><\/div><\/div><div class=\"wtbx_vc_column vc_col-sm-4 wtbx_with_image wtbx_vc_column-256489532\"><div class=\"wtbx_vc_el_container wtbx_vc_column_container\"><div class=\"wtbx_vc_el_inner wtbx_vc_column_inner\"><div class=\"wtbx_column_wrapper clearfix\"><div class=\"wtbx_column_content\"><\/div><\/div><\/div><\/div><\/div><\/div><\/div><\/div><\/div><\/div><\/div><\/div><div class=\"wtbx_vc_row wtbx_vc_row-256490560 wtbx_stretch_row wtbx_anim_style_1\" data-skin=\"light\"><div class=\"wtbx_vc_el_container wtbx_vc_row_container\"><div class=\"wtbx_vc_el_inner wtbx_vc_row_inner\"><div class=\"wtbx_row_wrapper\"><div class=\"wtbx_row_content clearfix\"><div class=\"wtbx_row_content_wrapper\"><div class=\"wtbx_row_content_inner clearfix\"><div class=\"wtbx_vc_column vc_col-sm-4 wtbx_with_image wtbx_vc_column-256491780\"><div class=\"wtbx_vc_el_container wtbx_vc_column_container\"><div class=\"wtbx_vc_el_inner wtbx_vc_column_inner\"><div class=\"wtbx_column_wrapper clearfix\"><div class=\"wtbx_column_content\"><\/div><\/div><\/div><\/div><\/div><div class=\"wtbx_vc_column vc_col-sm-4 wtbx_with_image wtbx_vc_column-256492260\"><div class=\"wtbx_vc_el_container wtbx_vc_column_container\"><div class=\"wtbx_vc_el_inner wtbx_vc_column_inner\"><div class=\"wtbx_column_wrapper clearfix\"><div class=\"wtbx_column_content\"><\/div><\/div><\/div><\/div><\/div><div class=\"wtbx_vc_column vc_col-sm-4 wtbx_with_image wtbx_vc_column-256494601\"><div class=\"wtbx_vc_el_container wtbx_vc_column_container\"><div class=\"wtbx_vc_el_inner wtbx_vc_column_inner\"><div class=\"wtbx_column_wrapper clearfix\"><div class=\"wtbx_column_content\"><\/div><\/div><\/div><\/div><\/div><\/div><\/div><\/div><\/div><\/div><\/div><\/div><div class=\"wtbx_vc_row wtbx_vc_row-256495567 wtbx_stretch_row wtbx_anim_style_1\" data-skin=\"light\"><div class=\"wtbx_vc_el_container wtbx_vc_row_container\"><div class=\"wtbx_vc_el_inner wtbx_vc_row_inner\"><div class=\"wtbx_row_wrapper\"><div class=\"wtbx_row_content clearfix\"><div class=\"wtbx_row_content_wrapper\"><div class=\"wtbx_row_content_inner clearfix\"><div class=\"wtbx_vc_column vc_col-sm-12 wtbx_with_image wtbx_vc_column-256496823\"><div class=\"wtbx_vc_el_container wtbx_vc_column_container\"><div class=\"wtbx_vc_el_inner wtbx_vc_column_inner\"><div class=\"wtbx_column_wrapper clearfix\"><div class=\"wtbx_column_content\">\n\n<div class=\"wtbx_vc_empty_space wtbx_vc_empty_space-256497262\">\n\t\t<span class=\"wtbx_empty_space_inner\"><\/span>\n<\/div>\n<\/div><\/div><\/div><\/div><\/div><\/div><\/div><\/div><\/div><\/div><\/div><\/div>\n","protected":false},"excerpt":{"rendered":"Alkali \u00c7inko Nikel KaplamaAlkali \u00c7inko Nikel Kaplama y\u00fcksek s\u0131cakl\u0131kta \u00e7al\u0131\u015fan par\u00e7alar i\u00e7in m\u00fckemmel yap\u0131\u015fma ve y\u00fcksek korozyon direnci sa\u011flar. \u00d6zellikle k\u0131rm\u0131z\u0131 pasa kar\u015f\u0131 en y\u00fcksek korozyon korumas\u0131n\u0131 sa\u011flar. Di\u011fer \u00e7inko-ala\u015f\u0131ml\u0131 kaplamalara g\u00f6re en y\u00fcksek a\u015f\u0131nma direncini g\u00f6sterir. Sertles\u0327tirilmis\u0327 \u00e7eliklerde kullan\u0131ma elveris\u0327lidirler. T\u00fcm y\u00fczeylerde homojen kaplama kal\u0131nl\u0131\u011f\u0131na ula\u015f\u0131lmas\u0131n\u0131 sa\u011flar. Siyan\u00fcrs\u00fcz olmas\u0131 ile\u00a0 \u00e7evreye duyarl\u0131 kaplamad\u0131r. \u00c7inkosan y\u00fczey kaplama dolap tesislerimizde %12-15 Nikel oran\u0131 ile otomotiv standartlar\u0131na da uygun olan bu kaplamay\u0131 g\u00fcnde\/12 Ton ile ger\u00e7ekle\u015ftirmekteyiz. Verimli [...]","protected":false},"author":1,"featured_media":0,"parent":14,"menu_order":0,"comment_status":"closed","ping_status":"closed","template":"","meta":{"footnotes":""},"class_list":["post-620","page","type-page","status-publish","hentry"],"_links":{"self":[{"href":"https:\/\/cinkosan.com\/tr\/wp-json\/wp\/v2\/pages\/620","targetHints":{"allow":["GET"]}}],"collection":[{"href":"https:\/\/cinkosan.com\/tr\/wp-json\/wp\/v2\/pages"}],"about":[{"href":"https:\/\/cinkosan.com\/tr\/wp-json\/wp\/v2\/types\/page"}],"author":[{"embeddable":true,"href":"https:\/\/cinkosan.com\/tr\/wp-json\/wp\/v2\/users\/1"}],"replies":[{"embeddable":true,"href":"https:\/\/cinkosan.com\/tr\/wp-json\/wp\/v2\/comments?post=620"}],"version-history":[{"count":7,"href":"https:\/\/cinkosan.com\/tr\/wp-json\/wp\/v2\/pages\/620\/revisions"}],"predecessor-version":[{"id":772,"href":"https:\/\/cinkosan.com\/tr\/wp-json\/wp\/v2\/pages\/620\/revisions\/772"}],"up":[{"embeddable":true,"href":"https:\/\/cinkosan.com\/tr\/wp-json\/wp\/v2\/pages\/14"}],"wp:attachment":[{"href":"https:\/\/cinkosan.com\/tr\/wp-json\/wp\/v2\/media?parent=620"}],"curies":[{"name":"wp","href":"https:\/\/api.w.org\/{rel}","templated":true}]}}