{"id":654,"date":"2021-06-01T17:24:11","date_gmt":"2021-06-01T14:24:11","guid":{"rendered":"http:\/\/cinkosan.com\/?page_id=654"},"modified":"2025-10-19T02:00:07","modified_gmt":"2025-10-18T23:00:07","slug":"molykote","status":"publish","type":"page","link":"https:\/\/cinkosan.com\/tr\/hizmetlerimiz\/molykote\/","title":{"rendered":"Molykote"},"content":{"rendered":"<div class=\"wtbx_vc_row wtbx_vc_row-48238558 wtbx_stretch_row wtbx_anim_style_1\" data-skin=\"light\"><div class=\"wtbx_vc_el_container wtbx_vc_row_container\"><div class=\"wtbx_vc_el_inner wtbx_vc_row_inner\"><div class=\"wtbx_row_wrapper\"><div class=\"wtbx_row_content clearfix\"><div class=\"wtbx_row_content_wrapper\"><div class=\"wtbx_row_content_inner clearfix\"><div class=\"wtbx_vc_column vc_col-sm-12 wtbx_with_image wtbx_vc_column-48240306\"><div class=\"wtbx_vc_el_container wtbx_vc_column_container\"><div class=\"wtbx_vc_el_inner wtbx_vc_column_inner\"><div class=\"wtbx_column_wrapper clearfix\"><div class=\"wtbx_column_content\"><div class=\"wtbx_vc_image_element wtbx_vc_image_element-48241070 wtbx_img_align_center wtbx_preloader_cont\"><div class=\"wtbx_image_wrapper wtbx_with_image\">\n<div class=\"wtbx-preloader-wrapper wtbx-preloader-el\">\n\t<div class=\"wtbx-preloader-container\">\n\n\t\t\n\t\t\t<div class=\"wtbx-preloader wtbx-preloader-1\"><\/div>\n\n\t\t\t<\/div>\n<\/div><div class=\"wtbx_vc_el_container wtbx_vc_image_element_container\"><div class=\"wtbx_vc_el_inner wtbx_vc_image_element_inner\"><div class=\"wtbx_image_inner wtbx-element-reveal wtbx-reveal-cont\"><div class=\"wtbx_image_overlap wtbx_image_noaction\"><\/div><div class=\"wtbx-image-crop\" style=\"padding-bottom: 50.08%\"><img decoding=\"async\" class=\"wtbx-image wtbx-lazy lazyload\" data-bg=\"false\" data-imgratio=\"1200:601\" data-aspectratio=\"1.9967\" src=\"data:image\/gif;base64,R0lGODlhAQABAAAAACH5BAEKAAEALAAAAAABAAEAAAICTAEAOw==\" srcset=\"\" data-src=\"https:\/\/cinkosan.com\/wp-content\/uploads\/2021\/06\/molykote_1200x600px-450x225.png\" data-path=\"https:\/\/cinkosan.com\/wp-content\/uploads\/2021\/06\/molykote_1200x600px\" data-dims=\"[&quot;.png 1200w&quot;,&quot;450x225.png 450w&quot;,&quot;1170x586.png 1170w&quot;,&quot;750x376.png 750w&quot;]\" data-sizes=\"auto\" data-parent-fit=\"cover\" alt=\"molykote_1200x600px\" \/><\/div><\/div><\/div><\/div><\/div><\/div><\/div><\/div><\/div><\/div><\/div><\/div><\/div><\/div><\/div><\/div><\/div><\/div><div class=\"wtbx_vc_row wtbx_vc_row-48243481 wtbx_stretch_row wtbx_anim_style_1\" data-skin=\"light\"><div class=\"wtbx_vc_el_container wtbx_vc_row_container\"><div class=\"wtbx_vc_el_inner wtbx_vc_row_inner\"><div class=\"wtbx_row_wrapper\"><div class=\"wtbx_row_content clearfix\"><div class=\"wtbx_row_content_wrapper\"><div class=\"wtbx_row_content_inner clearfix\"><div class=\"wtbx_vc_column vc_col-sm-12 wtbx_with_image wtbx_vc_column-48244771\"><div class=\"wtbx_vc_el_container wtbx_vc_column_container\"><div class=\"wtbx_vc_el_inner wtbx_vc_column_inner\"><div class=\"wtbx_column_wrapper clearfix\"><div class=\"wtbx_column_content\"><div class=\"wtbx_vc_styled_heading wtbx_vc_styled_heading-48245316 wtbx_style_default wtbx_align_center wtbx_appearance_animation wtbx-anim-scale-up wtbx-duration-1000 wtbx_easing-natural\"><div class=\"wtbx_vc_el_container wtbx_vc_styled_heading_container clearfix\"><div class=\"wtbx_vc_el_inner wtbx_vc_styled_heading_inner\"><div class=\"wtbx_heading_el_title_wrapper h3\"><h3 class=\"wtbx_heading_el_title wtbx-text\">Molykote<\/h3><\/div><\/div><\/div><\/div><\/div><\/div><\/div><\/div><\/div><\/div><\/div><\/div><\/div><\/div><\/div><\/div><div class=\"wtbx_vc_row wtbx_vc_row-48246323 wtbx_stretch_row wtbx_anim_style_1\" data-skin=\"light\"><div class=\"wtbx_vc_el_container wtbx_vc_row_container\"><div class=\"wtbx_vc_el_inner wtbx_vc_row_inner\"><div class=\"wtbx_row_wrapper\"><div class=\"wtbx_row_content clearfix\"><div class=\"wtbx_row_content_wrapper\"><div class=\"wtbx_row_content_inner clearfix\"><div class=\"wtbx_vc_column vc_col-sm-12 wtbx_with_image wtbx_vc_column-48247601\"><div class=\"wtbx_vc_el_container wtbx_vc_column_container\"><div class=\"wtbx_vc_el_inner wtbx_vc_column_inner\"><div class=\"wtbx_column_wrapper clearfix\"><div class=\"wtbx_column_content\"><div class=\"wtbx_vc_text_element wtbx_vc_text_element-48248054 wtbx_display_block\"><div class=\"wtbx_vc_el_container wtbx_vc_text_element_container\"><div class=\"wtbx_text_element_content\"><div class=\"wtbx_text_element_inner\"><p><span style=\"font-weight: 400;\">Molykote marka ya\u011flay\u0131c\u0131 \u00fcr\u00fcnler otomotiv end\u00fcstrisindeki ya\u011flay\u0131c\u0131 problemlerini ortadan kald\u0131rmak i\u00e7in geli\u015ftirilmi\u015ftir. Di\u011fer ya\u011flay\u0131c\u0131 maddelere g\u00f6re uygulamada ekonomik ko\u015ful ve \u00fcr\u00fcn kullan\u0131m s\u00fcresinde uzun \u00f6m\u00fcrl\u00fcl\u00fck, toz, kir ve nemden etkilenmeyen, kuru ve temiz ya\u011flama, eskime, buharla\u015fma ve oksidasyona kar\u015f\u0131 \u00f6m\u00fcr boyu kullan\u0131m, galvaniz gibi y\u00fczey i\u015flemi olmayan y\u00fczeylerde pasa kar\u015f\u0131 koruma, metal ve plastik olmayan, yanmaz koruma, kontroll\u00fc kaplama kal\u0131nl\u0131\u011f\u0131 sa\u011flar. Kaplama t\u00fcm y\u00fczey p\u00fcr\u00fczl\u00fcl\u00fc\u011f\u00fcn\u00fc kapsar ve metal-metal, metal-plastik veya plastik-plastik i\u00e7in s\u00fcrt\u00fcnmeyi a\u015f\u0131r\u0131 y\u00fck ve \u00e7al\u0131\u015fma ko\u015fullar\u0131nda optimize eder, metal y\u00fczeylerde \u00e7evre ko\u015fullar\u0131na kar\u015f\u0131 \u00fcst\u00fcn koruma sa\u011flar .\u00a0 Molykote kimyasallar\u0131, re\u00e7ine ve solvent\u00a0 kar\u0131\u015f\u0131m\u0131ndan olu\u015fmaktad\u0131r ve bu kar\u0131\u015f\u0131mda da\u011f\u0131lm\u0131\u015f kat\u0131 ya\u011f par\u00e7ac\u0131klar\u0131 bulunmaktad\u0131r. Bunlar MoS2 (molybdenum disulfide), grafit veya PTFE kat\u0131 ya\u011flar\u0131d\u0131r. Her bir kimyasal, sekt\u00f6r\u00fcn \u00e7e\u015fitli kaplama gereksinimlerine hizmet etmesi amac\u0131yla bu ya\u011flar\u0131n konsantrasyonlar\u0131na g\u00f6re \u00f6zelle\u015ftirilmi\u015ftir. \u00c7inkosan, Molykote Kaplaman\u0131n T\u00fcrkiye temsilcisidir. <\/span><b>Molykote\u00ae 3400A<\/b><span style=\"font-weight: 400;\"> ve <\/span><b>Molykote\u00ae D-708 <\/b><span style=\"font-weight: 400;\">kimyasallar\u0131 ile hizmet vermektedir.\u00a0<\/span><\/p>\n<p><span style=\"font-weight: 400;\">\u00a0<\/span><\/p>\n<p><b>Molykote\u00ae 3400A<\/b><\/p>\n<p>&nbsp;<\/p>\n<p><span style=\"font-weight: 400;\">Molykote 3400A Anti-S\u00fcrt\u00fcnme Kaplama otomotiv, in\u015faat ve tar\u0131m ekipmanlar\u0131 uygulamalar\u0131 i\u00e7in korozyon \u00f6nleyici olarak kullan\u0131lan bir kat\u0131 ve kuru ya\u011flay\u0131c\u0131 maddedir. Ayn\u0131 zamanda kirli ortamlarda, d\u00fc\u015f\u00fck h\u0131zlarda, y\u00fcksek y\u00fckler ve yeniden ekipmanlara maruz uygulamalar i\u00e7in ya\u011flay\u0131c\u0131 olarak kullan\u0131l\u0131r. Molykote 3400A m\u00fckemmel ya\u011flama, m\u00fckemmel korozyon koruma, iyi solvent direnci, y\u00fcksek y\u00fck ta\u015f\u0131ma kapasitesi, metale m\u00fckemmel yap\u0131\u015fma, d\u00fc\u015f\u00fck s\u00fcrt\u00fcnme katsay\u0131s\u0131, ya\u011f ve yak\u0131ta kar\u015f\u0131 y\u00fcksek diren\u00e7 \u00f6zelliklerindedir. Bu \u00fcr\u00fcn, <\/span><span style=\"font-weight: 400;\">araba kilit mekanizmalar\u0131, kilit\u00a0 par\u00e7alar\u0131, kap\u0131 mente\u015feleri gibi par\u00e7alarda yayg\u0131n olarak kullan\u0131lmaktad\u0131r.\u00a0<\/span><\/p>\n<p>&nbsp;<\/p>\n<p><b>Molykote\u00ae D-708<\/b><\/p>\n<p>&nbsp;<\/p>\n<p><span style=\"font-weight: 400;\">Molykote D-708 Anti-S\u00fcrt\u00fcnme Kaplama d\u00fc\u015f\u00fck ve orta y\u00fcklerde plastik\/metal ve metal\/metal birle\u015fimleri korozyondan korumak i\u00e7in kullan\u0131lan bir s\u0131v\u0131 ve kuru ya\u011flay\u0131c\u0131 maddedir. Bu geli\u015fmi\u015f malzeme a\u015f\u0131nmaya kar\u015f\u0131 m\u00fckemmel bir koruma ve d\u00fc\u015f\u00fck bir s\u00fcrt\u00fcnme katsay\u0131s\u0131na sahiptir. Bu \u00fcr\u00fcn, ayr\u0131ca, emniyet kemeri par\u00e7alar\u0131, kap\u0131 kilit mekanizmalar\u0131 ve kap\u0131 par\u00e7alar\u0131, disk fren yaylar\u0131, yaylar, mente\u015feler, civatalar, pimler ve pullar gibi otomotiv uygulamalar\u0131 i\u00e7in uygundur.<\/span><\/p>\n<\/div><\/div><\/div><\/div><\/div><\/div><\/div><\/div><\/div><\/div><\/div><\/div><\/div><\/div><\/div><\/div><div class=\"wtbx_vc_row wtbx_vc_row-48249391 wtbx_stretch_row wtbx_anim_style_1\" data-skin=\"light\"><div class=\"wtbx_vc_el_container wtbx_vc_row_container\"><div class=\"wtbx_vc_el_inner wtbx_vc_row_inner\"><div class=\"wtbx_row_wrapper\"><div class=\"wtbx_row_content clearfix\"><div class=\"wtbx_row_content_wrapper\"><div class=\"wtbx_row_content_inner clearfix\"><div class=\"wtbx_vc_column vc_col-sm-2 wtbx_with_image wtbx_vc_column-48250610\"><div class=\"wtbx_vc_el_container wtbx_vc_column_container\"><div class=\"wtbx_vc_el_inner wtbx_vc_column_inner\"><div class=\"wtbx_column_wrapper clearfix\"><div class=\"wtbx_column_content\"><\/div><\/div><\/div><\/div><\/div><div class=\"wtbx_vc_column vc_col-sm-8 wtbx_with_image wtbx_vc_column-48251089\"><div class=\"wtbx_vc_el_container wtbx_vc_column_container\"><div class=\"wtbx_vc_el_inner wtbx_vc_column_inner\"><div class=\"wtbx_column_wrapper clearfix\"><div class=\"wtbx_column_content\"><div class=\"wtbx_vc_image_element wtbx_vc_image_element-48251693 wtbx_img_align_center wtbx_preloader_cont\"><div class=\"wtbx_image_wrapper wtbx_with_image\">\n<div class=\"wtbx-preloader-wrapper wtbx-preloader-el\">\n\t<div class=\"wtbx-preloader-container\">\n\n\t\t\n\t\t\t<div class=\"wtbx-preloader wtbx-preloader-1\"><\/div>\n\n\t\t\t<\/div>\n<\/div><div class=\"wtbx_vc_el_container wtbx_vc_image_element_container\"><div class=\"wtbx_vc_el_inner wtbx_vc_image_element_inner\"><div class=\"wtbx_image_inner wtbx-element-reveal wtbx-reveal-cont\"><div class=\"wtbx_image_overlap wtbx_image_noaction\"><\/div><div class=\"wtbx-image-crop\" style=\"padding-bottom: 33.37%\"><img decoding=\"async\" class=\"wtbx-image wtbx-lazy lazyload\" data-bg=\"false\" data-imgratio=\"1801:601\" data-aspectratio=\"2.9967\" src=\"data:image\/gif;base64,R0lGODlhAQABAAAAACH5BAEKAAEALAAAAAABAAEAAAICTAEAOw==\" srcset=\"\" data-src=\"https:\/\/cinkosan.com\/wp-content\/uploads\/2021\/06\/Molykote-Tabakalari-450x150.png\" data-path=\"https:\/\/cinkosan.com\/wp-content\/uploads\/2021\/06\/Molykote-Tabakalari\" data-dims=\"[&quot;.png 1801w&quot;,&quot;450x150.png 450w&quot;,&quot;1170x390.png 1170w&quot;,&quot;750x250.png 750w&quot;,&quot;1536x513.png 1536w&quot;,&quot;1440x481.png 1440w&quot;]\" data-sizes=\"auto\" data-parent-fit=\"cover\" alt=\"Molykote Tabakalari\" \/><\/div><\/div><\/div><\/div><\/div><\/div><\/div><\/div><\/div><\/div><\/div><div class=\"wtbx_vc_column vc_col-sm-2 wtbx_with_image wtbx_vc_column-48253700\"><div class=\"wtbx_vc_el_container wtbx_vc_column_container\"><div class=\"wtbx_vc_el_inner wtbx_vc_column_inner\"><div class=\"wtbx_column_wrapper clearfix\"><div class=\"wtbx_column_content\"><\/div><\/div><\/div><\/div><\/div><\/div><\/div><\/div><\/div><\/div><\/div><\/div><div class=\"wtbx_vc_row wtbx_vc_row-48254688 wtbx_stretch_row wtbx_anim_style_1\" data-skin=\"light\"><div class=\"wtbx_vc_el_container wtbx_vc_row_container\"><div class=\"wtbx_vc_el_inner wtbx_vc_row_inner\"><div class=\"wtbx_row_wrapper\"><div class=\"wtbx_row_content clearfix\"><div class=\"wtbx_row_content_wrapper\"><div class=\"wtbx_row_content_inner clearfix\"><div class=\"wtbx_vc_column vc_col-sm-2 wtbx_with_image wtbx_vc_column-48255904\"><div class=\"wtbx_vc_el_container wtbx_vc_column_container\"><div class=\"wtbx_vc_el_inner wtbx_vc_column_inner\"><div class=\"wtbx_column_wrapper clearfix\"><div class=\"wtbx_column_content\"><\/div><\/div><\/div><\/div><\/div><div class=\"wtbx_vc_column vc_col-sm-8 wtbx_with_image wtbx_vc_column-48256381\"><div class=\"wtbx_vc_el_container wtbx_vc_column_container\"><div class=\"wtbx_vc_el_inner wtbx_vc_column_inner\"><div class=\"wtbx_column_wrapper clearfix\"><div class=\"wtbx_column_content\"><\/div><\/div><\/div><\/div><\/div><div class=\"wtbx_vc_column vc_col-sm-2 wtbx_with_image wtbx_vc_column-48258729\"><div class=\"wtbx_vc_el_container wtbx_vc_column_container\"><div class=\"wtbx_vc_el_inner wtbx_vc_column_inner\"><div class=\"wtbx_column_wrapper clearfix\"><div class=\"wtbx_column_content\"><\/div><\/div><\/div><\/div><\/div><\/div><\/div><\/div><\/div><\/div><\/div><\/div><div class=\"wtbx_vc_row wtbx_vc_row-48259682 wtbx_stretch_row wtbx_anim_style_1\" data-skin=\"light\"><div class=\"wtbx_vc_el_container wtbx_vc_row_container\"><div class=\"wtbx_vc_el_inner wtbx_vc_row_inner\"><div class=\"wtbx_row_wrapper\"><div class=\"wtbx_row_content clearfix\"><div class=\"wtbx_row_content_wrapper\"><div class=\"wtbx_row_content_inner clearfix\"><div class=\"wtbx_vc_column vc_col-sm-12 wtbx_with_image wtbx_vc_column-48260916\"><div class=\"wtbx_vc_el_container wtbx_vc_column_container\"><div class=\"wtbx_vc_el_inner wtbx_vc_column_inner\"><div class=\"wtbx_column_wrapper clearfix\"><div class=\"wtbx_column_content\">\n\n<div class=\"wtbx_vc_empty_space wtbx_vc_empty_space-48261349\">\n\t\t<span class=\"wtbx_empty_space_inner\"><\/span>\n<\/div>\n<\/div><\/div><\/div><\/div><\/div><\/div><\/div><\/div><\/div><\/div><\/div><\/div>\n","protected":false},"excerpt":{"rendered":"MolykoteMolykote marka ya\u011flay\u0131c\u0131 \u00fcr\u00fcnler otomotiv end\u00fcstrisindeki ya\u011flay\u0131c\u0131 problemlerini ortadan kald\u0131rmak i\u00e7in geli\u015ftirilmi\u015ftir. Di\u011fer ya\u011flay\u0131c\u0131 maddelere g\u00f6re uygulamada ekonomik ko\u015ful ve \u00fcr\u00fcn kullan\u0131m s\u00fcresinde uzun \u00f6m\u00fcrl\u00fcl\u00fck, toz, kir ve nemden etkilenmeyen, kuru ve temiz ya\u011flama, eskime, buharla\u015fma ve oksidasyona kar\u015f\u0131 \u00f6m\u00fcr boyu kullan\u0131m, galvaniz gibi y\u00fczey i\u015flemi olmayan y\u00fczeylerde pasa kar\u015f\u0131 koruma, metal ve plastik olmayan, yanmaz koruma, kontroll\u00fc kaplama kal\u0131nl\u0131\u011f\u0131 sa\u011flar. Kaplama t\u00fcm y\u00fczey p\u00fcr\u00fczl\u00fcl\u00fc\u011f\u00fcn\u00fc kapsar ve metal-metal, metal-plastik veya plastik-plastik i\u00e7in s\u00fcrt\u00fcnmeyi a\u015f\u0131r\u0131 y\u00fck [...]","protected":false},"author":1,"featured_media":0,"parent":14,"menu_order":0,"comment_status":"closed","ping_status":"closed","template":"","meta":{"footnotes":""},"class_list":["post-654","page","type-page","status-publish","hentry"],"_links":{"self":[{"href":"https:\/\/cinkosan.com\/tr\/wp-json\/wp\/v2\/pages\/654","targetHints":{"allow":["GET"]}}],"collection":[{"href":"https:\/\/cinkosan.com\/tr\/wp-json\/wp\/v2\/pages"}],"about":[{"href":"https:\/\/cinkosan.com\/tr\/wp-json\/wp\/v2\/types\/page"}],"author":[{"embeddable":true,"href":"https:\/\/cinkosan.com\/tr\/wp-json\/wp\/v2\/users\/1"}],"replies":[{"embeddable":true,"href":"https:\/\/cinkosan.com\/tr\/wp-json\/wp\/v2\/comments?post=654"}],"version-history":[{"count":4,"href":"https:\/\/cinkosan.com\/tr\/wp-json\/wp\/v2\/pages\/654\/revisions"}],"predecessor-version":[{"id":767,"href":"https:\/\/cinkosan.com\/tr\/wp-json\/wp\/v2\/pages\/654\/revisions\/767"}],"up":[{"embeddable":true,"href":"https:\/\/cinkosan.com\/tr\/wp-json\/wp\/v2\/pages\/14"}],"wp:attachment":[{"href":"https:\/\/cinkosan.com\/tr\/wp-json\/wp\/v2\/media?parent=654"}],"curies":[{"name":"wp","href":"https:\/\/api.w.org\/{rel}","templated":true}]}}