{"id":668,"date":"2021-06-01T17:46:32","date_gmt":"2021-06-01T14:46:32","guid":{"rendered":"http:\/\/cinkosan.com\/?page_id=668"},"modified":"2025-10-19T01:59:51","modified_gmt":"2025-10-18T22:59:51","slug":"kumlama","status":"publish","type":"page","link":"https:\/\/cinkosan.com\/tr\/hizmetlerimiz\/kumlama\/","title":{"rendered":"Kumlama"},"content":{"rendered":"<div class=\"wtbx_vc_row wtbx_vc_row-263201796 wtbx_stretch_row wtbx_anim_style_1\" data-skin=\"light\"><div class=\"wtbx_vc_el_container wtbx_vc_row_container\"><div class=\"wtbx_vc_el_inner wtbx_vc_row_inner\"><div class=\"wtbx_row_wrapper\"><div class=\"wtbx_row_content clearfix\"><div class=\"wtbx_row_content_wrapper\"><div class=\"wtbx_row_content_inner clearfix\"><div class=\"wtbx_vc_column vc_col-sm-12 wtbx_with_image wtbx_vc_column-263203527\"><div class=\"wtbx_vc_el_container wtbx_vc_column_container\"><div class=\"wtbx_vc_el_inner wtbx_vc_column_inner\"><div class=\"wtbx_column_wrapper clearfix\"><div class=\"wtbx_column_content\">\n\n<div class=\"wtbx_vc_empty_space wtbx_vc_empty_space-263204003\">\n\t\t<span class=\"wtbx_empty_space_inner\"><\/span>\n<\/div>\n<div class=\"wtbx_vc_styled_heading wtbx_vc_styled_heading-263204503 wtbx_style_default wtbx_align_center wtbx_appearance_animation wtbx-anim-scale-up wtbx-duration-1000 wtbx_easing-natural\"><div class=\"wtbx_vc_el_container wtbx_vc_styled_heading_container clearfix\"><div class=\"wtbx_vc_el_inner wtbx_vc_styled_heading_inner\"><div class=\"wtbx_heading_el_title_wrapper h3\"><h3 class=\"wtbx_heading_el_title wtbx-text\">Kumlama<\/h3><\/div><\/div><\/div><\/div><\/div><\/div><\/div><\/div><\/div><\/div><\/div><\/div><\/div><\/div><\/div><\/div><div class=\"wtbx_vc_row wtbx_vc_row-263205576 wtbx_stretch_row wtbx_anim_style_1\" data-skin=\"light\"><div class=\"wtbx_vc_el_container wtbx_vc_row_container\"><div class=\"wtbx_vc_el_inner wtbx_vc_row_inner\"><div class=\"wtbx_row_wrapper\"><div class=\"wtbx_row_content clearfix\"><div class=\"wtbx_row_content_wrapper\"><div class=\"wtbx_row_content_inner clearfix\"><div class=\"wtbx_vc_column vc_col-sm-12 wtbx_with_image wtbx_vc_column-263206864\"><div class=\"wtbx_vc_el_container wtbx_vc_column_container\"><div class=\"wtbx_vc_el_inner wtbx_vc_column_inner\"><div class=\"wtbx_column_wrapper clearfix\"><div class=\"wtbx_column_content\"><div class=\"wtbx_vc_text_element wtbx_vc_text_element-263207266 wtbx_display_block\"><div class=\"wtbx_vc_el_container wtbx_vc_text_element_container\"><div class=\"wtbx_text_element_content\"><div class=\"wtbx_text_element_inner\"><p><span style=\"font-weight: 400;\">Kumlama, malzemenin \u00fczerine mikro boyutlardaki kumun bas\u0131n\u00e7 ile p\u00fcsk\u00fcrt\u00fclmesidir. Kumlaman\u0131n amac\u0131, malzemenin y\u00fczeyindeki ya\u011f\u0131, kiri ve pas\u0131 temizlemek, malzemenin boyay\u0131 daha iyi tutmas\u0131n\u0131 sa\u011flayacak p\u00fcr\u00fczl\u00fc y\u00fczey olu\u015fturmakt\u0131r. \u00c7inkosan, tamburlu kumlama ile kumlama yapmaktad\u0131r.<\/span><\/p>\n<\/div><\/div><\/div><\/div><\/div><\/div><\/div><\/div><\/div><\/div><\/div><\/div><\/div><\/div><\/div><\/div><div class=\"wtbx_vc_row wtbx_vc_row-263208274 wtbx_stretch_row wtbx_anim_style_1\" data-skin=\"light\"><div class=\"wtbx_vc_el_container wtbx_vc_row_container\"><div class=\"wtbx_vc_el_inner wtbx_vc_row_inner\"><div class=\"wtbx_row_wrapper\"><div class=\"wtbx_row_content clearfix\"><div class=\"wtbx_row_content_wrapper\"><div class=\"wtbx_row_content_inner clearfix\"><div class=\"wtbx_vc_column vc_col-sm-12 wtbx_with_image wtbx_vc_column-263209523\"><div class=\"wtbx_vc_el_container wtbx_vc_column_container\"><div class=\"wtbx_vc_el_inner wtbx_vc_column_inner\"><div class=\"wtbx_column_wrapper clearfix\"><div class=\"wtbx_column_content\">\n\n<div class=\"wtbx_vc_empty_space wtbx_vc_empty_space-263209859\">\n\t\t<span class=\"wtbx_empty_space_inner\"><\/span>\n<\/div>\n<\/div><\/div><\/div><\/div><\/div><\/div><\/div><\/div><\/div><\/div><\/div><\/div>\n","protected":false},"excerpt":{"rendered":"KumlamaKumlama, malzemenin \u00fczerine mikro boyutlardaki kumun bas\u0131n\u00e7 ile p\u00fcsk\u00fcrt\u00fclmesidir. Kumlaman\u0131n amac\u0131, malzemenin y\u00fczeyindeki ya\u011f\u0131, kiri ve pas\u0131 temizlemek, malzemenin boyay\u0131 daha iyi tutmas\u0131n\u0131 sa\u011flayacak p\u00fcr\u00fczl\u00fc y\u00fczey olu\u015fturmakt\u0131r. \u00c7inkosan, tamburlu kumlama ile kumlama yapmaktad\u0131r.","protected":false},"author":1,"featured_media":0,"parent":14,"menu_order":0,"comment_status":"closed","ping_status":"closed","template":"","meta":{"footnotes":""},"class_list":["post-668","page","type-page","status-publish","hentry"],"_links":{"self":[{"href":"https:\/\/cinkosan.com\/tr\/wp-json\/wp\/v2\/pages\/668","targetHints":{"allow":["GET"]}}],"collection":[{"href":"https:\/\/cinkosan.com\/tr\/wp-json\/wp\/v2\/pages"}],"about":[{"href":"https:\/\/cinkosan.com\/tr\/wp-json\/wp\/v2\/types\/page"}],"author":[{"embeddable":true,"href":"https:\/\/cinkosan.com\/tr\/wp-json\/wp\/v2\/users\/1"}],"replies":[{"embeddable":true,"href":"https:\/\/cinkosan.com\/tr\/wp-json\/wp\/v2\/comments?post=668"}],"version-history":[{"count":5,"href":"https:\/\/cinkosan.com\/tr\/wp-json\/wp\/v2\/pages\/668\/revisions"}],"predecessor-version":[{"id":783,"href":"https:\/\/cinkosan.com\/tr\/wp-json\/wp\/v2\/pages\/668\/revisions\/783"}],"up":[{"embeddable":true,"href":"https:\/\/cinkosan.com\/tr\/wp-json\/wp\/v2\/pages\/14"}],"wp:attachment":[{"href":"https:\/\/cinkosan.com\/tr\/wp-json\/wp\/v2\/media?parent=668"}],"curies":[{"name":"wp","href":"https:\/\/api.w.org\/{rel}","templated":true}]}}