{"id":674,"date":"2021-06-01T17:49:24","date_gmt":"2021-06-01T14:49:24","guid":{"rendered":"http:\/\/cinkosan.com\/?page_id=674"},"modified":"2025-10-19T01:59:28","modified_gmt":"2025-10-18T22:59:28","slug":"alkali-sicak-yag-alma","status":"publish","type":"page","link":"https:\/\/cinkosan.com\/tr\/hizmetlerimiz\/alkali-sicak-yag-alma\/","title":{"rendered":"Alkali S\u0131cak Ya\u011f Alma"},"content":{"rendered":"<div class=\"wtbx_vc_row wtbx_vc_row-48244944 wtbx_stretch_row wtbx_anim_style_1\" data-skin=\"light\"><div class=\"wtbx_vc_el_container wtbx_vc_row_container\"><div class=\"wtbx_vc_el_inner wtbx_vc_row_inner\"><div class=\"wtbx_row_wrapper\"><div class=\"wtbx_row_content clearfix\"><div class=\"wtbx_row_content_wrapper\"><div class=\"wtbx_row_content_inner clearfix\"><div class=\"wtbx_vc_column vc_col-sm-12 wtbx_with_image wtbx_vc_column-48246597\"><div class=\"wtbx_vc_el_container wtbx_vc_column_container\"><div class=\"wtbx_vc_el_inner wtbx_vc_column_inner\"><div class=\"wtbx_column_wrapper clearfix\"><div class=\"wtbx_column_content\">\n\n<div class=\"wtbx_vc_empty_space wtbx_vc_empty_space-48247105\">\n\t\t<span class=\"wtbx_empty_space_inner\"><\/span>\n<\/div>\n<div class=\"wtbx_vc_styled_heading wtbx_vc_styled_heading-48247615 wtbx_style_default wtbx_align_center wtbx_appearance_animation wtbx-anim-scale-up wtbx-duration-1000 wtbx_easing-natural\"><div class=\"wtbx_vc_el_container wtbx_vc_styled_heading_container clearfix\"><div class=\"wtbx_vc_el_inner wtbx_vc_styled_heading_inner\"><div class=\"wtbx_heading_el_title_wrapper h3\"><h3 class=\"wtbx_heading_el_title wtbx-text\">Alkali S\u0131cak Ya\u011f Alma<\/h3><\/div><\/div><\/div><\/div><\/div><\/div><\/div><\/div><\/div><\/div><\/div><\/div><\/div><\/div><\/div><\/div><div class=\"wtbx_vc_row wtbx_vc_row-48248700 wtbx_stretch_row wtbx_anim_style_1\" data-skin=\"light\"><div class=\"wtbx_vc_el_container wtbx_vc_row_container\"><div class=\"wtbx_vc_el_inner wtbx_vc_row_inner\"><div class=\"wtbx_row_wrapper\"><div class=\"wtbx_row_content clearfix\"><div class=\"wtbx_row_content_wrapper\"><div class=\"wtbx_row_content_inner clearfix\"><div class=\"wtbx_vc_column vc_col-sm-12 wtbx_with_image wtbx_vc_column-48249986\"><div class=\"wtbx_vc_el_container wtbx_vc_column_container\"><div class=\"wtbx_vc_el_inner wtbx_vc_column_inner\"><div class=\"wtbx_column_wrapper clearfix\"><div class=\"wtbx_column_content\"><div class=\"wtbx_vc_text_element wtbx_vc_text_element-48250403 wtbx_display_block\"><div class=\"wtbx_vc_el_container wtbx_vc_text_element_container\"><div class=\"wtbx_text_element_content\"><div class=\"wtbx_text_element_inner\"><p><span style=\"font-weight: 400;\">Kirli ve ya\u011fl\u0131 par\u00e7alar\u0131n y\u00fczey temizli\u011finin yap\u0131ld\u0131\u011f\u0131 prosestir. \u0130\u00e7eri\u011finde bulunan y\u00fczey aktif malzemeler ve alkali kimyasallar yard\u0131m\u0131 ile metal \u00fczerindeki kirleri ve ya\u011flar\u0131 y\u00fczeyden uzakla\u015ft\u0131r\u0131r. Fosfatlama, kaplama hatlar\u0131nda i\u015flem \u00f6ncesi y\u00fczey temizleme prosesinde kullan\u0131lmaktad\u0131r. \u00c7inko, fosfat ve galvaniz banyolar\u0131na girecek malzemeler i\u00e7in uygundur. \u00c7inkosan, dald\u0131rma ve p\u00fcsk\u00fcrtme ile alkali s\u0131cak ya\u011f alma yapmaktad\u0131r.\u00a0<\/span><\/p>\n<\/div><\/div><\/div><\/div><\/div><\/div><\/div><\/div><\/div><\/div><\/div><\/div><\/div><\/div><\/div><\/div><div class=\"wtbx_vc_row wtbx_vc_row-48251431 wtbx_stretch_row wtbx_anim_style_1\" data-skin=\"light\"><div class=\"wtbx_vc_el_container wtbx_vc_row_container\"><div class=\"wtbx_vc_el_inner wtbx_vc_row_inner\"><div class=\"wtbx_row_wrapper\"><div class=\"wtbx_row_content clearfix\"><div class=\"wtbx_row_content_wrapper\"><div class=\"wtbx_row_content_inner clearfix\"><div class=\"wtbx_vc_column vc_col-sm-12 wtbx_with_image wtbx_vc_column-48252669\"><div class=\"wtbx_vc_el_container wtbx_vc_column_container\"><div class=\"wtbx_vc_el_inner wtbx_vc_column_inner\"><div class=\"wtbx_column_wrapper clearfix\"><div class=\"wtbx_column_content\">\n\n<div class=\"wtbx_vc_empty_space wtbx_vc_empty_space-48253025\">\n\t\t<span class=\"wtbx_empty_space_inner\"><\/span>\n<\/div>\n<\/div><\/div><\/div><\/div><\/div><\/div><\/div><\/div><\/div><\/div><\/div><\/div>\n","protected":false},"excerpt":{"rendered":"Alkali S\u0131cak Ya\u011f AlmaKirli ve ya\u011fl\u0131 par\u00e7alar\u0131n y\u00fczey temizli\u011finin yap\u0131ld\u0131\u011f\u0131 prosestir. \u0130\u00e7eri\u011finde bulunan y\u00fczey aktif malzemeler ve alkali kimyasallar yard\u0131m\u0131 ile metal \u00fczerindeki kirleri ve ya\u011flar\u0131 y\u00fczeyden uzakla\u015ft\u0131r\u0131r. Fosfatlama, kaplama hatlar\u0131nda i\u015flem \u00f6ncesi y\u00fczey temizleme prosesinde kullan\u0131lmaktad\u0131r. \u00c7inko, fosfat ve galvaniz banyolar\u0131na girecek malzemeler i\u00e7in uygundur. \u00c7inkosan, dald\u0131rma ve p\u00fcsk\u00fcrtme ile alkali s\u0131cak ya\u011f alma yapmaktad\u0131r.\u00a0","protected":false},"author":1,"featured_media":0,"parent":14,"menu_order":0,"comment_status":"closed","ping_status":"closed","template":"","meta":{"footnotes":""},"class_list":["post-674","page","type-page","status-publish","hentry"],"_links":{"self":[{"href":"https:\/\/cinkosan.com\/tr\/wp-json\/wp\/v2\/pages\/674","targetHints":{"allow":["GET"]}}],"collection":[{"href":"https:\/\/cinkosan.com\/tr\/wp-json\/wp\/v2\/pages"}],"about":[{"href":"https:\/\/cinkosan.com\/tr\/wp-json\/wp\/v2\/types\/page"}],"author":[{"embeddable":true,"href":"https:\/\/cinkosan.com\/tr\/wp-json\/wp\/v2\/users\/1"}],"replies":[{"embeddable":true,"href":"https:\/\/cinkosan.com\/tr\/wp-json\/wp\/v2\/comments?post=674"}],"version-history":[{"count":4,"href":"https:\/\/cinkosan.com\/tr\/wp-json\/wp\/v2\/pages\/674\/revisions"}],"predecessor-version":[{"id":782,"href":"https:\/\/cinkosan.com\/tr\/wp-json\/wp\/v2\/pages\/674\/revisions\/782"}],"up":[{"embeddable":true,"href":"https:\/\/cinkosan.com\/tr\/wp-json\/wp\/v2\/pages\/14"}],"wp:attachment":[{"href":"https:\/\/cinkosan.com\/tr\/wp-json\/wp\/v2\/media?parent=674"}],"curies":[{"name":"wp","href":"https:\/\/api.w.org\/{rel}","templated":true}]}}