{"id":948,"date":"2025-10-19T01:56:08","date_gmt":"2025-10-18T22:56:08","guid":{"rendered":"https:\/\/cinkosan.com\/?page_id=948"},"modified":"2025-10-19T02:25:44","modified_gmt":"2025-10-18T23:25:44","slug":"kalite-politikamiz","status":"publish","type":"page","link":"https:\/\/cinkosan.com\/tr\/kalite-politikamiz\/","title":{"rendered":"Kalite Politikam\u0131z"},"content":{"rendered":"<div class=\"wtbx_vc_row wtbx_vc_row-65564412 wtbx_stretch_row wtbx_anim_style_1\" data-skin=\"light\"><div class=\"wtbx_vc_el_container wtbx_vc_row_container\"><div class=\"wtbx_vc_el_inner wtbx_vc_row_inner\"><div class=\"wtbx_row_wrapper\"><div class=\"wtbx_row_content clearfix\"><div class=\"wtbx_row_content_wrapper\"><div class=\"wtbx_row_content_inner clearfix\"><div class=\"wtbx_vc_column vc_col-sm-12 wtbx_with_image wtbx_vc_column-65566119\"><div class=\"wtbx_vc_el_container wtbx_vc_column_container\"><div class=\"wtbx_vc_el_inner wtbx_vc_column_inner\"><div class=\"wtbx_column_wrapper clearfix\"><div class=\"wtbx_column_content\"><div class=\"wtbx_vc_styled_heading wtbx_vc_styled_heading-65566761 wtbx_style_default\"><div class=\"wtbx_vc_el_container wtbx_vc_styled_heading_container clearfix\"><div class=\"wtbx_vc_el_inner wtbx_vc_styled_heading_inner\"><div class=\"wtbx_heading_el_title_wrapper h1\"><h1 class=\"wtbx_heading_el_title wtbx-text\">Kalite Politikam\u0131z<\/h1><\/div><\/div><\/div><\/div><div class=\"wtbx_vc_text_element wtbx_vc_text_element-65567140 wtbx_display_block\"><div class=\"wtbx_vc_el_container wtbx_vc_text_element_container\"><div class=\"wtbx_text_element_content\"><div class=\"wtbx_text_element_inner\"><ul>\n<li style=\"font-weight: 400;\" aria-level=\"1\">Y\u00fczey i\u015flem\u00a0 kalitesini s\u00fcrekli geli\u015ftirerek, konusunda, T\u00fcrkiye&#8217;nin \u00f6nde gelen firmalar\u0131 taraf\u0131ndan TERC\u0130H ED\u0130LEN TEDAR\u0130K\u00c7\u0130LER aras\u0131nda yer almak.<\/li>\n<li style=\"font-weight: 400;\" aria-level=\"1\">\u00dcr\u00fcn kalitesinde, sevkiyat performans\u0131nda ve t\u00fcm ili\u015fkilerimizde DI\u015e M\u00dc\u015eTER\u0130 MEMNUN\u0130YET\u0130N\u0130 muhafaza etmek.<\/li>\n<li style=\"font-weight: 400;\" aria-level=\"1\">Bilgi ve beceri destekli, kat\u0131l\u0131mc\u0131 yal\u0131n y\u00f6netim ilkesi ile \u00e7al\u0131\u015fanlar\u0131m\u0131z\u0131 verimlili\u011fe te\u015fvik ederek, katma de\u011ferin payla\u015f\u0131m\u0131 ile \u00c7ALI\u015eAN PERSONEL (\u0130\u00c7 M\u00dc\u015eTER\u0130) MEMNUN\u0130YET\u0130N\u0130 ARTTIRMAK.<\/li>\n<li style=\"font-weight: 400;\" aria-level=\"1\">E\u011e\u0130T\u0130M ve MOT\u0130VASYONA \u00f6nem vermek.<\/li>\n<li style=\"font-weight: 400;\" aria-level=\"1\">Tedarik\u00e7i, m\u00fc\u015fteri firma ve firmam\u0131z kapsam\u0131nda \u00fcst\u00fcn hizmet anlay\u0131\u015f\u0131yla teknolojik yeniliklere a\u00e7\u0131k olarak y\u00fcr\u00fctt\u00fc\u011f\u00fcm\u00fcz t\u00fcm s\u00fcre\u00e7 ve faaliyetlerde S\u00dcREKL\u0130 \u0130Y\u0130LE\u015eT\u0130RME \u00e7al\u0131\u015fmalar\u0131 ve projelerini desteklemek.<\/li>\n<li style=\"font-weight: 400;\" aria-level=\"1\">\u00dcretim ve hizmetlerimizde \u00c7EVREYE SAYGI ilkesine uygun hammadde ve malzeme tedari\u011fi yapmak ve kullanmak.<\/li>\n<li style=\"font-weight: 400;\" aria-level=\"1\">M\u00fc\u015fteri odakl\u0131 \u00fcretimimizde kalite m\u00fckemmelli\u011fini olu\u015fturmada ve sunmada t\u00fcm payda\u015flar\u0131m\u0131zla ekip ruhunu olu\u015fturarak TOPYEK\u00dcN KAL\u0130TE anlay\u0131\u015f\u0131n\u0131 t\u00fcm alanlarda benimsemek ve muhafaza etmek.<\/li>\n<li>\u0130\u015e ET\u0130\u011e\u0130 KURALLARI, \u00fcst y\u00f6netim d\u00e2hil t\u00fcm \u00e7al\u0131\u015fanlar\u0131n uymas\u0131 gereken temel davran\u0131\u015f kurallar\u0131 olup; \u00fcst y\u00f6netimin i\u015f eti\u011fi kurallar\u0131n\u0131n hayata ge\u00e7irilmesi ve bu politikan\u0131n devaml\u0131l\u0131\u011f\u0131n\u0131n sa\u011flanmas\u0131 i\u00e7in gerekli \u00e7al\u0131\u015fmalar\u0131 yapmas\u0131 ve bu \u00e7al\u0131\u015fmalar i\u00e7in yeterli kaynaklar\u0131 sa\u011flamas\u0131.<\/li>\n<\/ul>\n<\/div><\/div><\/div><\/div><\/div><\/div><\/div><\/div><\/div><\/div><\/div><\/div><\/div><\/div><\/div><\/div>\n","protected":false},"excerpt":{"rendered":"Kalite Politikam\u0131z Y\u00fczey i\u015flem\u00a0 kalitesini s\u00fcrekli geli\u015ftirerek, konusunda, T\u00fcrkiye'nin \u00f6nde gelen firmalar\u0131 taraf\u0131ndan TERC\u0130H ED\u0130LEN TEDAR\u0130K\u00c7\u0130LER aras\u0131nda yer almak. \u00dcr\u00fcn kalitesinde, sevkiyat performans\u0131nda ve t\u00fcm ili\u015fkilerimizde DI\u015e M\u00dc\u015eTER\u0130 MEMNUN\u0130YET\u0130N\u0130 muhafaza etmek. Bilgi ve beceri destekli, kat\u0131l\u0131mc\u0131 yal\u0131n y\u00f6netim ilkesi ile \u00e7al\u0131\u015fanlar\u0131m\u0131z\u0131 verimlili\u011fe te\u015fvik ederek, katma de\u011ferin payla\u015f\u0131m\u0131 ile \u00c7ALI\u015eAN PERSONEL (\u0130\u00c7 M\u00dc\u015eTER\u0130) MEMNUN\u0130YET\u0130N\u0130 ARTTIRMAK. E\u011e\u0130T\u0130M ve MOT\u0130VASYONA \u00f6nem vermek. Tedarik\u00e7i, m\u00fc\u015fteri firma ve firmam\u0131z kapsam\u0131nda \u00fcst\u00fcn hizmet anlay\u0131\u015f\u0131yla teknolojik yeniliklere a\u00e7\u0131k olarak y\u00fcr\u00fctt\u00fc\u011f\u00fcm\u00fcz t\u00fcm s\u00fcre\u00e7 [...]","protected":false},"author":1,"featured_media":949,"parent":0,"menu_order":0,"comment_status":"closed","ping_status":"closed","template":"","meta":{"footnotes":""},"class_list":["post-948","page","type-page","status-publish","has-post-thumbnail","hentry"],"_links":{"self":[{"href":"https:\/\/cinkosan.com\/tr\/wp-json\/wp\/v2\/pages\/948","targetHints":{"allow":["GET"]}}],"collection":[{"href":"https:\/\/cinkosan.com\/tr\/wp-json\/wp\/v2\/pages"}],"about":[{"href":"https:\/\/cinkosan.com\/tr\/wp-json\/wp\/v2\/types\/page"}],"author":[{"embeddable":true,"href":"https:\/\/cinkosan.com\/tr\/wp-json\/wp\/v2\/users\/1"}],"replies":[{"embeddable":true,"href":"https:\/\/cinkosan.com\/tr\/wp-json\/wp\/v2\/comments?post=948"}],"version-history":[{"count":6,"href":"https:\/\/cinkosan.com\/tr\/wp-json\/wp\/v2\/pages\/948\/revisions"}],"predecessor-version":[{"id":960,"href":"https:\/\/cinkosan.com\/tr\/wp-json\/wp\/v2\/pages\/948\/revisions\/960"}],"wp:featuredmedia":[{"embeddable":true,"href":"https:\/\/cinkosan.com\/tr\/wp-json\/wp\/v2\/media\/949"}],"wp:attachment":[{"href":"https:\/\/cinkosan.com\/tr\/wp-json\/wp\/v2\/media?parent=948"}],"curies":[{"name":"wp","href":"https:\/\/api.w.org\/{rel}","templated":true}]}}